{"id":83813,"date":"2023-12-17T02:50:19","date_gmt":"2023-12-17T01:50:19","guid":{"rendered":"https:\/\/www.soanam.de\/?post_type=product&#038;p=83813"},"modified":"2023-12-17T23:17:35","modified_gmt":"2023-12-17T22:17:35","slug":"mazaya-bunch-grape-200-g-tabacco-da-pipa-ad-acqua","status":"publish","type":"product","link":"https:\/\/www.soanam.de\/it\/produkt\/mazaya-bunch-traube-200-g-wasserpfeifentabak\/","title":{"rendered":"Mazaya Bunch (Grape) 200 g di tabacco per pipa d'acqua"},"content":{"rendered":"<div>\n<p>Il tabacco da narghil\u00e8 Mazaya Bunch (Grape) ha eccellenti propriet\u00e0 di fumo e un intenso sapore di Bunch (Grape).<\/p>\n<p>Il tabacco francese Virginia di alta qualit\u00e0 \u00e8 prodotto in Giordania. Combinato con aromi classici, d\u00e0 luogo a intensi momenti di fumo di shisha.<\/p>\n<p>Poich\u00e9 questo tabacco per pipa ad acqua \u00e8 immediatamente pronto da fumare, non \u00e8 necessaria la melassa per inumidire il tabacco. I barattoli da 200 g, richiudibili e sigillati con gusto, non permettono alla luce e all'aria di penetrare dall'esterno, motivo per cui il tabacco da narghil\u00e8 Mazaya non pu\u00f2 seccarsi cos\u00ec rapidamente.<\/p>\n<p>Un tabacco per narghil\u00e8 ideale che si pu\u00f2 utilizzare perfettamente nel <b>Testa multiforo <\/b>possono fumare.<\/p>\n<p>Il taglio del tabacco \u00e8\u00a0<strong>grossolano\/medio<\/strong> e la forza \u00e8 <strong>medio\/forte<\/strong><\/p>\n<\/div>\n<div><\/div>\n<div>Attenzione: questa offerta \u00e8 rivolta esclusivamente agli adulti. La legge tedesca sulla tutela dei giovani vieta l'offerta e la vendita di questo articolo a bambini e ragazzi. Il contratto di acquisto viene stipulato solo dopo la verifica dell'et\u00e0. Inoltre, il postino effettuer\u00e0 un controllo al momento della consegna del pacco.<\/div>","protected":false},"excerpt":{"rendered":"<table class=\"table table-bordered\">\n<tbody>\n<tr class=\"attr-characteristic\">\n<td class=\"attr-label\">Geschmack:<\/td>\n<td class=\"attr-value\"><span class=\"value\"><a title=\"\" href=\"https:\/\/www.paradise-shisha.de\/tabak-geschmack-traube\" data-toggle=\"tooltip\" data-placement=\"top\" data-original-title=\"Traube\"><img decoding=\"async\" title=\"Traube\" src=\"https:\/\/www.paradise-shisha.de\/bilder\/merkmalwerte\/klein\/602.jpg\" alt=\"Traube\" \/><\/a><\/span><\/td>\n<\/tr>\n<tr class=\"attr-characteristic\">\n<td class=\"attr-label\">Kopfart:<\/td>\n<td class=\"attr-value\"><span class=\"value\"><a class=\"label label-primary\" href=\"https:\/\/www.paradise-shisha.de\/tabak-geschmack-mehrlochkopf\">Testa multiforo<\/a><\/span><\/td>\n<\/tr>\n<tr class=\"attr-characteristic\">\n<td class=\"attr-label\">Tabakart:<\/td>\n<td class=\"attr-value\"><span class=\"value\"><a class=\"label label-primary\" href=\"https:\/\/www.paradise-shisha.de\/tabakart-virginia\">Virginia<\/a><\/span><\/td>\n<\/tr>\n<tr class=\"attr-characteristic\">\n<td class=\"attr-label\">Tabakschnitt:<\/td>\n<td class=\"attr-value\"><span class=\"value\"><a class=\"label label-primary\" href=\"https:\/\/www.paradise-shisha.de\/tabakschnitt-grob-mittel\">grossolano\/medio<\/a><\/span><\/td>\n<\/tr>\n<tr class=\"attr-characteristic\">\n<td class=\"attr-label\">Geschmacksrichtung:<\/td>\n<td class=\"attr-value\"><span class=\"value\"><a title=\"\" href=\"https:\/\/www.paradise-shisha.de\/suesser-shisha-tabak\" data-toggle=\"tooltip\" data-placement=\"top\" data-original-title=\"s\u00fc\u00df\"><img decoding=\"async\" title=\"s\u00fc\u00df\" src=\"https:\/\/www.paradise-shisha.de\/bilder\/merkmalwerte\/klein\/860.jpg\" alt=\"s\u00fc\u00df\" \/><\/a><\/span><\/td>\n<\/tr>\n<tr class=\"attr-characteristic\">\n<td class=\"attr-label\">Tabakst\u00e4rke:<\/td>\n<td class=\"attr-value\"><span class=\"value\"><a class=\"label label-primary\" href=\"https:\/\/www.paradise-shisha.de\/tabak-staerke-mittel-stark\">medio\/forte<\/a><\/span><\/td>\n<\/tr>\n<tr class=\"attr-weight\">\n<td class=\"attr-label\">Artikelgewicht:<\/td>\n<td class=\"attr-value weight-unit weight-unit-article\">0,20\u00a0Kg<\/td>\n<\/tr>\n<tr class=\"attr-contents\">\n<td class=\"attr-label\">Inhalt:<\/td>\n<td class=\"attr-value\">0,20 kg<\/td>\n<\/tr>\n<\/tbody>\n<\/table>\n<p align=\"LEFT\"><strong><span style=\"color: #000000;\"><span style=\"font-family: Market Sans, Arial, sans-serif;\"><span style=\"font-size: small;\">Gefahrenhinweis: macht abh\u00e4ngig<\/span><\/span><\/span><\/strong><\/p>","protected":false},"featured_media":83826,"comment_status":"open","ping_status":"closed","template":"","meta":{"_seopress_robots_primary_cat":"","_seopress_titles_title":"","_seopress_titles_desc":"","_seopress_robots_index":""},"product_brand":[],"product_cat":[1713,1727],"product_tag":[],"class_list":{"0":"post-83813","1":"product","2":"type-product","3":"status-publish","4":"has-post-thumbnail","6":"product_cat-genussmittel","7":"product_cat-shisha-tabak","8":"product_shipping_class-standard-versand","10":"first","11":"instock","12":"sale","13":"taxable","14":"shipping-taxable","15":"purchasable","16":"product-type-simple"},"_links":{"self":[{"href":"https:\/\/www.soanam.de\/it\/wp-json\/wp\/v2\/product\/83813","targetHints":{"allow":["GET"]}}],"collection":[{"href":"https:\/\/www.soanam.de\/it\/wp-json\/wp\/v2\/product"}],"about":[{"href":"https:\/\/www.soanam.de\/it\/wp-json\/wp\/v2\/types\/product"}],"replies":[{"embeddable":true,"href":"https:\/\/www.soanam.de\/it\/wp-json\/wp\/v2\/comments?post=83813"}],"wp:featuredmedia":[{"embeddable":true,"href":"https:\/\/www.soanam.de\/it\/wp-json\/wp\/v2\/media\/83826"}],"wp:attachment":[{"href":"https:\/\/www.soanam.de\/it\/wp-json\/wp\/v2\/media?parent=83813"}],"wp:term":[{"taxonomy":"product_brand","embeddable":true,"href":"https:\/\/www.soanam.de\/it\/wp-json\/wp\/v2\/product_brand?post=83813"},{"taxonomy":"product_cat","embeddable":true,"href":"https:\/\/www.soanam.de\/it\/wp-json\/wp\/v2\/product_cat?post=83813"},{"taxonomy":"product_tag","embeddable":true,"href":"https:\/\/www.soanam.de\/it\/wp-json\/wp\/v2\/product_tag?post=83813"}],"curies":[{"name":"wp","href":"https:\/\/api.w.org\/{rel}","templated":true}]}}