{"id":83804,"date":"2023-12-17T02:49:28","date_gmt":"2023-12-17T01:49:28","guid":{"rendered":"https:\/\/www.soanam.de\/?post_type=product&#038;p=83804"},"modified":"2023-12-17T02:50:45","modified_gmt":"2023-12-17T01:50:45","slug":"hqd-surv-600-e-shisha-to-go-cherry-2ml-18mg-ml","status":"publish","type":"product","link":"https:\/\/www.soanam.de\/it\/produkt\/hqd-surv-600-e-shisha-to-go-cherry-2ml-18mg-ml\/","title":{"rendered":"HQD Surv 600, E-Shisha To Go, Ciliegia, 2ml, 18mg\/ml"},"content":{"rendered":"<div>\n<p><span style=\"color: #525252;\"><span style=\"font-family: Times New Roman, serif;\">Questo dispositivo \u00e8 perfetto per chi vuole passare dal fumo di sigaretta tradizionale al vaping. \u00c8 stato progettato per rendere il passaggio il pi\u00f9 semplice e piacevole possibile.<\/span><\/span><\/p>\n<p>Die HQD Surv 600\u00a0\u00a0sind perfekt f\u00fcr jeden, der auch unterwegs nicht auf seine Shisha verzichten will. Durch die optimale Regulierung der Hitze wird das Liquid perfekt verdampft und man kann den vollen Geschmack genie\u00dfen. Die E-Zigarette ben\u00f6tigt keine Wartung und ist ein Einweg-Pod-System.<\/p>\n<p>Quando si aspira la sigaretta elettronica, l'atomizzatore riscalda il liquido alla nicotina contenuto nel filtro. Questo crea un vapore che assomiglia al fumo di una sigaretta.<\/p>\n<h2>Caratteristiche<\/h2>\n<h4 class=\"western\"><span style=\"font-family: Times New Roman, serif;\"><span style=\"font-size: medium;\">Kit compatto monouso<\/span><\/span><\/h4>\n<h4 class=\"western\"><span style=\"font-family: Times New Roman, serif;\"><span style=\"font-size: medium;\">Adatto ai principianti<\/span><\/span><\/h4>\n<h4 class=\"western\"><span style=\"font-family: Times New Roman, serif;\"><span style=\"font-size: medium;\">600 treni per barra<\/span><\/span><\/h4>\n<h4 class=\"western\"><span style=\"font-family: Times New Roman, serif;\"><span style=\"font-size: medium;\">Inalazione attivata<\/span><\/span><\/h4>\n<h4 class=\"western\"><span style=\"font-family: Times New Roman, serif;\"><span style=\"font-size: medium;\">18mg Nik-Salz<\/span><\/span><\/h4>\n<h4 class=\"western\"><span style=\"font-family: Times New Roman, serif;\"><span style=\"font-size: medium;\">Nikotinst\u00e4rke: 18mg\/ml<\/span><\/span><\/h4>\n<h4 class=\"western\"><span style=\"font-family: Times New Roman, serif;\"><span style=\"font-size: medium;\">Volume di riempimento: 2,0 ml<\/span><\/span><\/h4>\n<h5>Modell: Cherry<\/h5>\n<h5>Geschmacksrichtung: s\u00fc\u00dfe Kirsche<\/h5>\n<div><\/div>\n<\/div>\n<div><\/div>\n<div>Attenzione: questa offerta \u00e8 rivolta esclusivamente agli adulti. La legge tedesca sulla tutela dei giovani vieta l'offerta e la vendita di questo articolo a bambini e ragazzi. Il contratto di acquisto viene stipulato solo dopo la verifica dell'et\u00e0. Inoltre, il postino effettuer\u00e0 un controllo al momento della consegna del pacco.<\/div>","protected":false},"excerpt":{"rendered":"<p><span style=\"color: #000000;\"><span style=\"font-family: Market Sans, Arial, sans-serif;\"><span style=\"font-size: small;\">Produktart: Einweg-Zigarette<\/span><\/span><\/span><\/p>\n<p align=\"LEFT\"><span style=\"color: #000000;\"><span style=\"font-family: Market Sans, Arial, sans-serif;\"><span style=\"font-size: small;\">Marke: HQD Surv<\/span><\/span><\/span><\/p>\n<p align=\"LEFT\"><span style=\"color: #000000;\"><span style=\"font-family: Market Sans, Arial, sans-serif;\"><span style=\"font-size: small;\">EAN: 6974866044888<\/span><\/span><\/span><\/p>\n<p align=\"LEFT\"><span style=\"color: #000000;\"><span style=\"font-family: Market Sans, Arial, sans-serif;\"><span style=\"font-size: small;\">Modell: HQD Surv 600 Cherry Einweg E-Zigarette<\/span><\/span><\/span><\/p>\n<p align=\"LEFT\"><span style=\"color: #000000;\"><span style=\"font-family: Market Sans, Arial, sans-serif;\"><span style=\"font-size: small;\">Geschmacksrichtung: Kirsche<\/span><\/span><\/span><\/p>\n<p align=\"LEFT\"><span style=\"color: #000000;\"><span style=\"font-family: Market Sans, Arial, sans-serif;\"><span style=\"font-size: small;\">Bedienung: Elektronisch<\/span><\/span><\/span><\/p>\n<p align=\"LEFT\"><span style=\"color: #000000;\"><span style=\"font-family: Market Sans, Arial, sans-serif;\"><span style=\"font-size: small;\">Akkukapazit\u00e4t: 500 mAh<\/span><\/span><\/span><\/p>\n<p align=\"LEFT\"><span style=\"color: #000000;\"><span style=\"font-family: Market Sans, Arial, sans-serif;\"><span style=\"font-size: small;\">Nikotinst\u00e4rke: 18mg\/ml<\/span><\/span><\/span><\/p>\n<p align=\"LEFT\"><span style=\"color: #000000;\"><span style=\"font-family: Market Sans, Arial, sans-serif;\"><span style=\"font-size: small;\">Gefahrenhinweis: macht abh\u00e4ngig<\/span><\/span><\/span><\/p>","protected":false},"featured_media":83815,"comment_status":"open","ping_status":"closed","template":"","meta":{"_seopress_robots_primary_cat":"","_seopress_titles_title":"","_seopress_titles_desc":"","_seopress_robots_index":""},"product_brand":[],"product_cat":[1713,2626],"product_tag":[],"class_list":{"0":"post-83804","1":"product","2":"type-product","3":"status-publish","4":"has-post-thumbnail","6":"product_cat-genussmittel","7":"product_cat-e-zigaretten","8":"product_shipping_class-standard-versand","10":"first","11":"instock","12":"sale","13":"taxable","14":"shipping-taxable","15":"purchasable","16":"product-type-simple"},"_links":{"self":[{"href":"https:\/\/www.soanam.de\/it\/wp-json\/wp\/v2\/product\/83804","targetHints":{"allow":["GET"]}}],"collection":[{"href":"https:\/\/www.soanam.de\/it\/wp-json\/wp\/v2\/product"}],"about":[{"href":"https:\/\/www.soanam.de\/it\/wp-json\/wp\/v2\/types\/product"}],"replies":[{"embeddable":true,"href":"https:\/\/www.soanam.de\/it\/wp-json\/wp\/v2\/comments?post=83804"}],"wp:featuredmedia":[{"embeddable":true,"href":"https:\/\/www.soanam.de\/it\/wp-json\/wp\/v2\/media\/83815"}],"wp:attachment":[{"href":"https:\/\/www.soanam.de\/it\/wp-json\/wp\/v2\/media?parent=83804"}],"wp:term":[{"taxonomy":"product_brand","embeddable":true,"href":"https:\/\/www.soanam.de\/it\/wp-json\/wp\/v2\/product_brand?post=83804"},{"taxonomy":"product_cat","embeddable":true,"href":"https:\/\/www.soanam.de\/it\/wp-json\/wp\/v2\/product_cat?post=83804"},{"taxonomy":"product_tag","embeddable":true,"href":"https:\/\/www.soanam.de\/it\/wp-json\/wp\/v2\/product_tag?post=83804"}],"curies":[{"name":"wp","href":"https:\/\/api.w.org\/{rel}","templated":true}]}}