{"id":83781,"date":"2023-12-17T02:47:14","date_gmt":"2023-12-17T01:47:14","guid":{"rendered":"https:\/\/www.soanam.de\/?post_type=product&#038;p=83781"},"modified":"2023-12-17T02:48:52","modified_gmt":"2023-12-17T01:48:52","slug":"elf-bar-600-einweg-e-zigarette-peach-ice-2ml-20mg-ml","status":"publish","type":"product","link":"https:\/\/www.soanam.de\/it\/produkt\/elf-bar-600-einweg-e-zigarette-peach-ice-2ml-20mg-ml\/","title":{"rendered":"Sigaretta elettronica monouso Elf Bar 600, Peach Ice, 2ml, 20mg\/ml"},"content":{"rendered":"<div>\n<p><span style=\"color: #525252;\"><span style=\"font-family: Times New Roman, serif;\">Questo dispositivo \u00e8 perfetto per chi vuole passare dal fumo di sigaretta tradizionale al vaping. \u00c8 stato progettato per rendere il passaggio il pi\u00f9 semplice e piacevole possibile.<\/span><\/span><\/p>\n<p>L'ELFBAR 600 \u00e8 perfetto per chi non vuole rinunciare alla propria shisha quando viaggia. Grazie alla regolazione ottimale del calore, il liquido viene vaporizzato perfettamente e si pu\u00f2 godere di un sapore pieno. La sigaretta elettronica non richiede manutenzione ed \u00e8 un sistema a cialde monouso.<\/p>\n<p>Un serbatoio di cotone indipendente con riserva di olio che conserva in modo sicuro ogni goccia di e-liquid. Una variet\u00e0 di aromi misti che offrono una ricca esperienza di gusto.<\/p>\n<p>La tensione di uscita costante di 3,6 V offre un sapore stabile e ricco fino all'ultima boccata.<\/p>\n<p><b>Caratteristiche<\/b><\/p>\n<h2 class=\"western\"><span style=\"font-family: Times New Roman, serif;\"><span style=\"font-size: medium;\">Kit compatto monouso<\/span><\/span><\/h2>\n<h2 class=\"western\"><span style=\"font-family: Times New Roman, serif;\"><span style=\"font-size: medium;\">Adatto ai principianti<\/span><\/span><\/h2>\n<h2 class=\"western\"><span style=\"font-family: Times New Roman, serif;\"><span style=\"font-size: medium;\">600 treni per barra<\/span><\/span><\/h2>\n<h2 class=\"western\"><span style=\"font-family: Times New Roman, serif;\"><span style=\"font-size: medium;\">Inalazione attivata<\/span><\/span><\/h2>\n<h2 class=\"western\"><span style=\"font-family: Times New Roman, serif;\"><span style=\"font-size: medium;\">20 mg di sale di nicchia<\/span><\/span><\/h2>\n<h2 class=\"western\"><span style=\"font-family: Times New Roman, serif;\"><span style=\"font-size: medium;\">Intensit\u00e0 di nicotina: 20 mg\/ml<\/span><\/span><\/h2>\n<h2 class=\"western\"><span style=\"font-family: Times New Roman, serif;\"><span style=\"font-size: medium;\">Volume di riempimento: 2,0 ml<\/span><\/span><\/h2>\n<div><\/div>\n<\/div>\n<div><\/div>\n<div>Attenzione: questa offerta \u00e8 rivolta esclusivamente agli adulti. La legge tedesca sulla tutela dei giovani vieta l'offerta e la vendita di questo articolo a bambini e ragazzi. Il contratto di acquisto viene stipulato solo dopo la verifica dell'et\u00e0. Inoltre, il postino effettuer\u00e0 un controllo al momento della consegna del pacco.<\/div>","protected":false},"excerpt":{"rendered":"<p><span style=\"color: #000000;\"><span style=\"font-family: Market Sans, Arial, sans-serif;\"><span style=\"font-size: small;\">Produktart: Einweg-Zigarette<\/span><\/span><\/span><\/p>\n<p align=\"LEFT\"><span style=\"color: #000000;\"><span style=\"font-family: Market Sans, Arial, sans-serif;\"><span style=\"font-size: small;\">Marke: ELF<\/span><\/span><\/span><\/p>\n<p align=\"LEFT\"><span style=\"color: #000000;\"><span style=\"font-family: Market Sans, Arial, sans-serif;\"><span style=\"font-size: small;\">EAN: 4260769631891<\/span><\/span><\/span><\/p>\n<p align=\"LEFT\"><span style=\"color: #000000;\"><span style=\"font-family: Market Sans, Arial, sans-serif;\"><span style=\"font-size: small;\">Modell: Elf Bar 600 Einweg E-Zigarette<\/span><\/span><\/span><\/p>\n<p align=\"LEFT\"><span style=\"color: #000000;\"><span style=\"font-family: Market Sans, Arial, sans-serif;\"><span style=\"font-size: small;\">Geschmacksrichtung: Peach Ice<\/span><\/span><\/span><\/p>\n<p align=\"LEFT\"><span style=\"color: #000000;\"><span style=\"font-family: Market Sans, Arial, sans-serif;\"><span style=\"font-size: small;\">Bedienung: Elektronisch<\/span><\/span><\/span><\/p>\n<p align=\"LEFT\"><span style=\"color: #000000;\"><span style=\"font-family: Market Sans, Arial, sans-serif;\"><span style=\"font-size: small;\">Akkukapazit\u00e4t: 360 mAh<\/span><\/span><\/span><\/p>\n<p align=\"LEFT\"><span style=\"color: #000000;\"><span style=\"font-family: Market Sans, Arial, sans-serif;\"><span style=\"font-size: small;\">Data di scadenza: 2023<\/span><\/span><\/span><\/p>\n<p align=\"LEFT\"><span style=\"color: #000000;\"><span style=\"font-family: Market Sans, Arial, sans-serif;\"><span style=\"font-size: small;\">Intensit\u00e0 di nicotina: 20mg\/ml<\/span><\/span><\/span><\/p>\n<p align=\"LEFT\"><span style=\"color: #000000;\"><span style=\"font-family: Market Sans, Arial, sans-serif;\"><span style=\"font-size: small;\">Gefahrenhinweis: macht abh\u00e4ngig<\/span><\/span><\/span><\/p>","protected":false},"featured_media":83796,"comment_status":"open","ping_status":"closed","template":"","meta":{"_seopress_robots_primary_cat":"","_seopress_titles_title":"","_seopress_titles_desc":"","_seopress_robots_index":""},"product_brand":[],"product_cat":[1713,2626],"product_tag":[],"class_list":{"0":"post-83781","1":"product","2":"type-product","3":"status-publish","4":"has-post-thumbnail","6":"product_cat-genussmittel","7":"product_cat-e-zigaretten","8":"product_shipping_class-standard-versand","10":"first","11":"instock","12":"sale","13":"taxable","14":"shipping-taxable","15":"purchasable","16":"product-type-simple"},"_links":{"self":[{"href":"https:\/\/www.soanam.de\/it\/wp-json\/wp\/v2\/product\/83781","targetHints":{"allow":["GET"]}}],"collection":[{"href":"https:\/\/www.soanam.de\/it\/wp-json\/wp\/v2\/product"}],"about":[{"href":"https:\/\/www.soanam.de\/it\/wp-json\/wp\/v2\/types\/product"}],"replies":[{"embeddable":true,"href":"https:\/\/www.soanam.de\/it\/wp-json\/wp\/v2\/comments?post=83781"}],"wp:featuredmedia":[{"embeddable":true,"href":"https:\/\/www.soanam.de\/it\/wp-json\/wp\/v2\/media\/83796"}],"wp:attachment":[{"href":"https:\/\/www.soanam.de\/it\/wp-json\/wp\/v2\/media?parent=83781"}],"wp:term":[{"taxonomy":"product_brand","embeddable":true,"href":"https:\/\/www.soanam.de\/it\/wp-json\/wp\/v2\/product_brand?post=83781"},{"taxonomy":"product_cat","embeddable":true,"href":"https:\/\/www.soanam.de\/it\/wp-json\/wp\/v2\/product_cat?post=83781"},{"taxonomy":"product_tag","embeddable":true,"href":"https:\/\/www.soanam.de\/it\/wp-json\/wp\/v2\/product_tag?post=83781"}],"curies":[{"name":"wp","href":"https:\/\/api.w.org\/{rel}","templated":true}]}}