{"id":83612,"date":"2023-12-17T02:00:56","date_gmt":"2023-12-17T01:00:56","guid":{"rendered":"https:\/\/www.soanam.de\/?post_type=product&#038;p=83612"},"modified":"2023-12-17T02:39:00","modified_gmt":"2023-12-17T01:39:00","slug":"lascana-string-aus-transparenter-spitze-in-blumiger-optik-in-schwarz-gr-36-38","status":"publish","type":"product","link":"https:\/\/www.soanam.de\/it\/produkt\/lascana-string-aus-transparenter-spitze-in-blumiger-optik-in-schwarz-gr-36-38\/","title":{"rendered":"Perizoma Lascana in pizzo trasparente dall'aspetto floreale, in nero, taglia 36\/38"},"content":{"rendered":"<p>Femininer String mit breitem Bund von Lascana<br \/>\nMit seitlichen Eins\u00e4tzen aus floraler Spitze<br \/>\nFeine Zierschleife und Herz in der vorderen Mitte<br \/>\nMit eingearbeitetem Baumwollzwickel<\/p>\n<p>Aus Mesh und floraler Spitze gefertigt, macht der String schon auf den ersten Blick einen fantastischen Eindruck.<br \/>\nUm das feminine Design noch mehr zu unterstreichen, wurde das elastische B\u00fcndchen mit einer s\u00fc\u00dfen kleinen Zierschleife und einem Herz best\u00fcckt.<br \/>\nKomfortabel schmiegt sich der Bund an deine H\u00fcften und verleiht dem H\u00f6schen zusammen mit dem weichen Baumwollzwickel einen angenehmen Sitz.<\/p>\n<p>Materiale: poliammide 90%, elastan 10%<br \/>\nIstruzioni per la cura: Lavare in lavatrice<\/p>\n<p>Colore: nero<br \/>\nMotivo: Fiori<br \/>\nDimensione: 36\/38<\/p>","protected":false},"excerpt":{"rendered":"<table class=\"dv_characteristicsTable\">\n<tbody>\n<tr>\n<td class=\"left\">Dimensione<\/td>\n<td>36\/38<\/td>\n<\/tr>\n<tr>\n<td class=\"left\">Gr\u00f6\u00dfentyp<\/td>\n<td>Normalgr\u00f6\u00dfen<\/td>\n<\/tr>\n<\/tbody>\n<\/table>\n<table class=\"dv_characteristicsTable\">\n<tbody>\n<tr>\n<td class=\"left\">Colore<\/td>\n<td>schwarz<\/td>\n<\/tr>\n<\/tbody>\n<\/table>\n<table class=\"dv_characteristicsTable\">\n<tbody>\n<tr>\n<td class=\"left\">Ausstattung<\/td>\n<td>Tassello in cotone<\/td>\n<\/tr>\n<tr>\n<td class=\"left\">Istruzioni per la cura<\/td>\n<td>Lavaggio in lavatrice<\/td>\n<\/tr>\n<\/tbody>\n<\/table>\n<table class=\"dv_characteristicsTable\">\n<tbody>\n<tr>\n<td class=\"left\">Composizione del materiale<\/td>\n<td>90% Polyamid, 10% Elasthan<\/td>\n<\/tr>\n<tr>\n<td class=\"left\">Materialart<\/td>\n<td>Spitze, Mesh<\/td>\n<\/tr>\n<\/tbody>\n<\/table>","protected":false},"featured_media":83680,"comment_status":"open","ping_status":"closed","template":"","meta":{"_seopress_robots_primary_cat":"","_seopress_titles_title":"","_seopress_titles_desc":"","_seopress_robots_index":""},"product_brand":[],"product_cat":[1348,1444,1517],"product_tag":[],"class_list":{"0":"post-83612","1":"product","2":"type-product","3":"status-publish","4":"has-post-thumbnail","6":"product_cat-damen-mode","7":"product_cat-unterwaesche","8":"product_cat-strings","9":"product_shipping_class-standard-versand","11":"first","12":"instock","13":"taxable","14":"shipping-taxable","15":"purchasable","16":"product-type-simple"},"_links":{"self":[{"href":"https:\/\/www.soanam.de\/it\/wp-json\/wp\/v2\/product\/83612","targetHints":{"allow":["GET"]}}],"collection":[{"href":"https:\/\/www.soanam.de\/it\/wp-json\/wp\/v2\/product"}],"about":[{"href":"https:\/\/www.soanam.de\/it\/wp-json\/wp\/v2\/types\/product"}],"replies":[{"embeddable":true,"href":"https:\/\/www.soanam.de\/it\/wp-json\/wp\/v2\/comments?post=83612"}],"wp:featuredmedia":[{"embeddable":true,"href":"https:\/\/www.soanam.de\/it\/wp-json\/wp\/v2\/media\/83680"}],"wp:attachment":[{"href":"https:\/\/www.soanam.de\/it\/wp-json\/wp\/v2\/media?parent=83612"}],"wp:term":[{"taxonomy":"product_brand","embeddable":true,"href":"https:\/\/www.soanam.de\/it\/wp-json\/wp\/v2\/product_brand?post=83612"},{"taxonomy":"product_cat","embeddable":true,"href":"https:\/\/www.soanam.de\/it\/wp-json\/wp\/v2\/product_cat?post=83612"},{"taxonomy":"product_tag","embeddable":true,"href":"https:\/\/www.soanam.de\/it\/wp-json\/wp\/v2\/product_tag?post=83612"}],"curies":[{"name":"wp","href":"https:\/\/api.w.org\/{rel}","templated":true}]}}