{"id":83601,"date":"2023-12-17T01:59:48","date_gmt":"2023-12-17T00:59:48","guid":{"rendered":"https:\/\/www.soanam.de\/?post_type=product&#038;p=83601"},"modified":"2023-12-17T02:09:16","modified_gmt":"2023-12-17T01:09:16","slug":"petite-fleur-gold-string-ouvert-mit-fransen-in-schwarz-gr-36-38","status":"publish","type":"product","link":"https:\/\/www.soanam.de\/it\/produkt\/petite-fleur-gold-string-ouvert-mit-fransen-in-schwarz-gr-36-38\/","title":{"rendered":"petite fleur stringa d'oro con frange, in nero, taglia 36\/38"},"content":{"rendered":"<p>String ouvert mit aufregender \u00d6ffnung im Schritt<br \/>\nAus transparentem Netzmaterial<br \/>\nMit Fransen f\u00fcr eine verspielte Optik<\/p>\n<p>Komplett aus transparentem Netzmaterial legt sich der String ouvert von PETITE FLEUR GOLD sanft auf die Haut w\u00e4hrend die rundum Fransen f\u00fcr eine verspielt-freche Optik sorgen.<br \/>\nDie lustvolle \u00d6ffnung im Schritt reicht bis \u00fcber den Po und macht besonders viel Vergn\u00fcgen und Lust auf mehr!<\/p>\n<p>Material: 80% Polyamid, 15% Elasthan, 5% Polyester<br \/>\nIstruzioni per la cura: Lavare a mano<\/p>\n<p>Colore: nero<br \/>\nMuster: Fransen<br \/>\nDimensione: 36\/38<\/p>","protected":false},"excerpt":{"rendered":"<table class=\"dv_characteristicsTable\">\n<tbody>\n<tr>\n<td>Gr\u00f6\u00dfe\u00a0 36\/38<\/td>\n<\/tr>\n<tr>\n<td class=\"left\">Gr\u00f6\u00dfentyp<\/td>\n<td>Normalgr\u00f6\u00dfen<\/td>\n<\/tr>\n<\/tbody>\n<\/table>\n<table class=\"dv_characteristicsTable\">\n<tbody>\n<tr>\n<td class=\"left\">Colore<\/td>\n<td>schwarz<\/td>\n<\/tr>\n<\/tbody>\n<\/table>\n<table class=\"dv_characteristicsTable\">\n<tbody>\n<tr>\n<td class=\"left\">Istruzioni per la cura<\/td>\n<td>Handw\u00e4sche<\/td>\n<\/tr>\n<\/tbody>\n<\/table>\n<table class=\"dv_characteristicsTable\">\n<tbody>\n<tr>\n<td class=\"left\">\u00d6ffnung<\/td>\n<td>ja<\/td>\n<\/tr>\n<tr>\n<td class=\"left\">Besonderheit<\/td>\n<td>Fransen<\/td>\n<\/tr>\n<tr>\n<td class=\"left\">Leibh\u00f6he<\/td>\n<td>h\u00fcftig<\/td>\n<\/tr>\n<tr>\n<td class=\"left\">In forma<\/td>\n<td>figurbetont<\/td>\n<\/tr>\n<\/tbody>\n<\/table>\n<table class=\"dv_characteristicsTable\">\n<tbody>\n<tr>\n<td class=\"left\">Composizione del materiale<\/td>\n<td>80% Polyamid, 15% Elasthan, 5% Polyester<\/td>\n<\/tr>\n<tr>\n<td class=\"left\">Materialart<\/td>\n<td>Mesh<\/td>\n<\/tr>\n<\/tbody>\n<\/table>","protected":false},"featured_media":83669,"comment_status":"open","ping_status":"closed","template":"","meta":{"_seopress_robots_primary_cat":"","_seopress_titles_title":"","_seopress_titles_desc":"","_seopress_robots_index":""},"product_brand":[],"product_cat":[1348,1444,1517],"product_tag":[],"class_list":{"0":"post-83601","1":"product","2":"type-product","3":"status-publish","4":"has-post-thumbnail","6":"product_cat-damen-mode","7":"product_cat-unterwaesche","8":"product_cat-strings","9":"product_shipping_class-standard-versand","11":"first","12":"instock","13":"sale","14":"taxable","15":"shipping-taxable","16":"purchasable","17":"product-type-simple"},"_links":{"self":[{"href":"https:\/\/www.soanam.de\/it\/wp-json\/wp\/v2\/product\/83601","targetHints":{"allow":["GET"]}}],"collection":[{"href":"https:\/\/www.soanam.de\/it\/wp-json\/wp\/v2\/product"}],"about":[{"href":"https:\/\/www.soanam.de\/it\/wp-json\/wp\/v2\/types\/product"}],"replies":[{"embeddable":true,"href":"https:\/\/www.soanam.de\/it\/wp-json\/wp\/v2\/comments?post=83601"}],"wp:featuredmedia":[{"embeddable":true,"href":"https:\/\/www.soanam.de\/it\/wp-json\/wp\/v2\/media\/83669"}],"wp:attachment":[{"href":"https:\/\/www.soanam.de\/it\/wp-json\/wp\/v2\/media?parent=83601"}],"wp:term":[{"taxonomy":"product_brand","embeddable":true,"href":"https:\/\/www.soanam.de\/it\/wp-json\/wp\/v2\/product_brand?post=83601"},{"taxonomy":"product_cat","embeddable":true,"href":"https:\/\/www.soanam.de\/it\/wp-json\/wp\/v2\/product_cat?post=83601"},{"taxonomy":"product_tag","embeddable":true,"href":"https:\/\/www.soanam.de\/it\/wp-json\/wp\/v2\/product_tag?post=83601"}],"curies":[{"name":"wp","href":"https:\/\/api.w.org\/{rel}","templated":true}]}}