{"id":83588,"date":"2023-12-17T01:58:30","date_gmt":"2023-12-17T00:58:30","guid":{"rendered":"https:\/\/www.soanam.de\/?post_type=product&#038;p=83588"},"modified":"2023-12-17T02:07:58","modified_gmt":"2023-12-17T01:07:58","slug":"lascana-buegel-tankini-neckholder-in-marine-gr-36a","status":"publish","type":"product","link":"https:\/\/www.soanam.de\/it\/produkt\/lascana-buegel-tankini-neckholder-in-marine-gr-36a\/","title":{"rendered":"Lascana B\u00fcgel-Tankini Neckholder, in Marine, Gr. 36A"},"content":{"rendered":"<p>Figurfreundliche A-Form<br \/>\nVerdeckt den Bauch<br \/>\nLiegt nicht eng an<br \/>\nEingearbeiteter B\u00fcgel<br \/>\nAbnehmbare Tr\u00e4ger<\/p>\n<p>Der Tankini von Lascana hat eingearbeitete B\u00fcgel und ein Unterbrustband mit einem dekorativen Goldsteg vorn.<br \/>\nDas Top ist in leicht ausgestellter A-Form gearbeitet, die den Bauch verdeckt und kleine Problemzonen an Bauch und H\u00fcfte charmant verzeiht.<br \/>\nDie Tr\u00e4ger kannst du abnehmen oder als Neckholder tragen.<br \/>\nDie Hose ist unifarben und in normaler, angenehmer Passform gearbeitet.<\/p>\n<p>Material: 86% Polyamid, 14% Elasthan, Futter: 100% Polyamid.<br \/>\nIstruzioni per la cura: Lavare a mano<\/p>\n<p>Colore: blu scuro<br \/>\nModello: senza<br \/>\nGr\u00f6\u00dfe: 36 K\u00f6rbchengr\u00f6\u00dfe A<\/p>","protected":false},"excerpt":{"rendered":"<table class=\"dv_characteristicsTable\">\n<tbody>\n<tr>\n<td class=\"left\">Dimensione<\/td>\n<td>36<\/td>\n<\/tr>\n<tr>\n<td class=\"left\">K\u00f6rbchengr\u00f6\u00dfe<\/td>\n<td>Cup A<\/td>\n<\/tr>\n<tr>\n<td class=\"left\">Colore<\/td>\n<td>marino<\/td>\n<\/tr>\n<tr>\n<td class=\"left\">Istruzioni per la cura<\/td>\n<td>Handw\u00e4sche<\/td>\n<\/tr>\n<tr>\n<td class=\"left\">B\u00fcgel<\/td>\n<td>mit B\u00fcgel<\/td>\n<\/tr>\n<tr>\n<td class=\"left\">Details Tr\u00e4ger<\/td>\n<td>abnehmbar<\/td>\n<\/tr>\n<tr>\n<td class=\"left\">Funzioni<\/td>\n<td>Top mit Unterbrustband und B\u00fcgel<\/td>\n<\/tr>\n<tr>\n<td class=\"left\">Materiale<\/td>\n<td>Polyamid<\/td>\n<\/tr>\n<tr>\n<td class=\"left\">Composizione del materiale<\/td>\n<td>Obermaterial: 86% Polyamid, 14% Elasthan. Futter: 100% Polyamid<\/td>\n<\/tr>\n<\/tbody>\n<\/table>","protected":false},"featured_media":83656,"comment_status":"open","ping_status":"closed","template":"","meta":{"_seopress_robots_primary_cat":"","_seopress_titles_title":"","_seopress_titles_desc":"","_seopress_robots_index":""},"product_brand":[],"product_cat":[1348,1562,1614],"product_tag":[],"class_list":{"0":"post-83588","1":"product","2":"type-product","3":"status-publish","4":"has-post-thumbnail","6":"product_cat-damen-mode","7":"product_cat-bademode","8":"product_cat-tankini","9":"product_shipping_class-standard-versand","11":"first","12":"instock","13":"sale","14":"taxable","15":"shipping-taxable","16":"purchasable","17":"product-type-simple"},"_links":{"self":[{"href":"https:\/\/www.soanam.de\/it\/wp-json\/wp\/v2\/product\/83588","targetHints":{"allow":["GET"]}}],"collection":[{"href":"https:\/\/www.soanam.de\/it\/wp-json\/wp\/v2\/product"}],"about":[{"href":"https:\/\/www.soanam.de\/it\/wp-json\/wp\/v2\/types\/product"}],"replies":[{"embeddable":true,"href":"https:\/\/www.soanam.de\/it\/wp-json\/wp\/v2\/comments?post=83588"}],"wp:featuredmedia":[{"embeddable":true,"href":"https:\/\/www.soanam.de\/it\/wp-json\/wp\/v2\/media\/83656"}],"wp:attachment":[{"href":"https:\/\/www.soanam.de\/it\/wp-json\/wp\/v2\/media?parent=83588"}],"wp:term":[{"taxonomy":"product_brand","embeddable":true,"href":"https:\/\/www.soanam.de\/it\/wp-json\/wp\/v2\/product_brand?post=83588"},{"taxonomy":"product_cat","embeddable":true,"href":"https:\/\/www.soanam.de\/it\/wp-json\/wp\/v2\/product_cat?post=83588"},{"taxonomy":"product_tag","embeddable":true,"href":"https:\/\/www.soanam.de\/it\/wp-json\/wp\/v2\/product_tag?post=83588"}],"curies":[{"name":"wp","href":"https:\/\/api.w.org\/{rel}","templated":true}]}}