{"id":83540,"date":"2023-12-17T01:53:27","date_gmt":"2023-12-17T00:53:27","guid":{"rendered":"https:\/\/www.soanam.de\/?post_type=product&#038;p=83540"},"modified":"2023-12-17T02:00:25","modified_gmt":"2023-12-17T01:00:25","slug":"aniston-casual-rundhalspullover-im-perlstrick-in-rot-gr-34","status":"publish","type":"product","link":"https:\/\/www.soanam.de\/it\/produkt\/aniston-casual-rundhalspullover-im-perlstrick-in-rot-gr-34\/","title":{"rendered":"Aniston CASUAL - Maglia girocollo in maglia perlata, in rosso, taglia 34"},"content":{"rendered":"<p>Damenpullover von Aniston CASUAL<br \/>\nIn weichem Perl-Strick-Muster<br \/>\nAbgerundeter Saum mit Schlitz<br \/>\nDer Clou: Rippstrick an den Seitenn\u00e4hten<br \/>\nFeinstrickpullover mit langen Raglan\u00e4rmeln<br \/>\nIn una vestibilit\u00e0 aderente alla figura<\/p>\n<p>Dieser Damenpullover von Aniston Casual bezaubert auf den ersten Blick mit seinem sch\u00f6nen Perlstrickmuster.<br \/>\nSeine moderne Passform mit abgerundetem, seitlich geschlitztem Saum umspielt l\u00e4ssig deine Figur.<br \/>\nDer Pulli mit Rundhalsausschnitt und langen Raglan\u00e4rmeln hat praktische Rippstrickb\u00fcndchen, die f\u00fcr einen optimalen Sitz sorgen.<br \/>\nEin origineller Clou im Design sind die Borten aus Rippstrick an den Seitenn\u00e4hten.<\/p>\n<p>Materiale: poliacrilico 100%<br \/>\nIstruzioni per la cura: Lavare in lavatrice<\/p>\n<p>Farbe: rot<br \/>\nMuster: Perlstrick<br \/>\nDimensione: 34<\/p>\n<p>Larghezza della spalla: 42 cm<br \/>\nLarghezza del petto: 100 cm<br \/>\nLunghezza delle maniche: 66 cm<br \/>\nLunghezza totale: 67 cm<\/p>","protected":false},"excerpt":{"rendered":"<table class=\"dv_characteristicsTable\">\n<tbody>\n<tr>\n<td class=\"left\">Dimensione<\/td>\n<td>34<\/td>\n<\/tr>\n<tr>\n<td class=\"left\">Composizione del materiale<\/td>\n<td>100% Poliacrilico<\/td>\n<\/tr>\n<tr>\n<td class=\"left\">Materialart<\/td>\n<td>Feinstrick<\/td>\n<\/tr>\n<tr>\n<td class=\"left\">Istruzioni per la cura<\/td>\n<td>Lavaggio in lavatrice<\/td>\n<\/tr>\n<tr>\n<td class=\"left\">Optik<\/td>\n<td>Strukturmuster, unifarben<\/td>\n<\/tr>\n<tr>\n<td class=\"left\">Stil<\/td>\n<td>modisch<\/td>\n<\/tr>\n<tr>\n<td class=\"left\">Colore<\/td>\n<td>rot<\/td>\n<\/tr>\n<tr>\n<td class=\"left\">Ausschnitt<\/td>\n<td>Rundhals<\/td>\n<\/tr>\n<tr>\n<td class=\"left\">Ausschnittdetails<\/td>\n<td>Strickb\u00fcndchen<\/td>\n<\/tr>\n<tr>\n<td class=\"left\">\u00c4rmel<\/td>\n<td>Manica lunga<\/td>\n<\/tr>\n<tr>\n<td class=\"left\">\u00c4rmeldetails<\/td>\n<td>Maniche raglan<\/td>\n<\/tr>\n<tr>\n<td class=\"left\">\u00c4rmelabschluss<\/td>\n<td>Rippstrickb\u00fcndchen<\/td>\n<\/tr>\n<tr>\n<td class=\"left\">Rumpfabschluss<\/td>\n<td>abgerundeter Saum<\/td>\n<\/tr>\n<tr>\n<td class=\"left\">Rumpfabschlussdetails<\/td>\n<td>mit Schlitz<\/td>\n<\/tr>\n<tr>\n<td class=\"left\">In forma<\/td>\n<td>figurumspielend<\/td>\n<\/tr>\n<tr>\n<td class=\"left\">Schnittform L\u00e4nge<\/td>\n<td>Po-bedeckend<\/td>\n<\/tr>\n<tr>\n<td class=\"left\">Besondere Merkmale<\/td>\n<td>mit Rippstrick an den Seitenn\u00e4hten<\/td>\n<\/tr>\n<\/tbody>\n<\/table>","protected":false},"featured_media":83602,"comment_status":"open","ping_status":"closed","template":"","meta":{"_seopress_robots_primary_cat":"","_seopress_titles_title":"","_seopress_titles_desc":"","_seopress_robots_index":""},"product_brand":[],"product_cat":[1348,1456,1465],"product_tag":[],"class_list":{"0":"post-83540","1":"product","2":"type-product","3":"status-publish","4":"has-post-thumbnail","6":"product_cat-damen-mode","7":"product_cat-pullover-sweater","8":"product_cat-strickpullover","9":"product_shipping_class-standard-versand","11":"first","12":"instock","13":"sale","14":"taxable","15":"shipping-taxable","16":"purchasable","17":"product-type-simple"},"_links":{"self":[{"href":"https:\/\/www.soanam.de\/it\/wp-json\/wp\/v2\/product\/83540","targetHints":{"allow":["GET"]}}],"collection":[{"href":"https:\/\/www.soanam.de\/it\/wp-json\/wp\/v2\/product"}],"about":[{"href":"https:\/\/www.soanam.de\/it\/wp-json\/wp\/v2\/types\/product"}],"replies":[{"embeddable":true,"href":"https:\/\/www.soanam.de\/it\/wp-json\/wp\/v2\/comments?post=83540"}],"wp:featuredmedia":[{"embeddable":true,"href":"https:\/\/www.soanam.de\/it\/wp-json\/wp\/v2\/media\/83602"}],"wp:attachment":[{"href":"https:\/\/www.soanam.de\/it\/wp-json\/wp\/v2\/media?parent=83540"}],"wp:term":[{"taxonomy":"product_brand","embeddable":true,"href":"https:\/\/www.soanam.de\/it\/wp-json\/wp\/v2\/product_brand?post=83540"},{"taxonomy":"product_cat","embeddable":true,"href":"https:\/\/www.soanam.de\/it\/wp-json\/wp\/v2\/product_cat?post=83540"},{"taxonomy":"product_tag","embeddable":true,"href":"https:\/\/www.soanam.de\/it\/wp-json\/wp\/v2\/product_tag?post=83540"}],"curies":[{"name":"wp","href":"https:\/\/api.w.org\/{rel}","templated":true}]}}