{"id":83485,"date":"2023-12-17T01:48:08","date_gmt":"2023-12-17T00:48:08","guid":{"rendered":"https:\/\/www.soanam.de\/?post_type=product&#038;p=83485"},"modified":"2023-12-17T01:54:02","modified_gmt":"2023-12-17T00:54:02","slug":"tom-tailor-maglia-testurizzata-con-collo-alto-in-azzurro-taglia-36-38","status":"publish","type":"product","link":"https:\/\/www.soanam.de\/it\/produkt\/tom-tailor-struktur-strickpullover-mit-stehkragen-in-hellblau-gr-36-38\/","title":{"rendered":"TOM TAILOR - Maglia testurizzata con collo alto, in azzurro, taglia 36\/38"},"content":{"rendered":"<p>Maglia di Tom Tailor<br \/>\nIn un'ottima maglia strutturata<br \/>\nIn una vestibilit\u00e0 aderente alla figura<br \/>\nAccentuazione del bordo arrotolato sul colletto alto<br \/>\nSpalle scese per un look casual<br \/>\nLogo del marchio<\/p>\n<p>Questo maglione a maglia con maniche lunghe e vestibilit\u00e0 aderente diventer\u00e0 il vostro preferito perch\u00e9 \u00e8 bello e altrettanto comodo.<br \/>\nLa fresca maglia testurizzata e l'orlo arrotolato del collo alto aggiungono un tocco casual.<br \/>\nIl morbido tessuto a maglia assicura il massimo comfort.<\/p>\n<p>Materiale: poliacrilico 100%<br \/>\nIstruzioni per la cura: Lavare in lavatrice<\/p>\n<p>Colore: azzurro<br \/>\nMotivo: maglia testurizzata<br \/>\nDimensione: 36\/38<\/p>\n<p>Larghezza della spalla: 57 cm<br \/>\nLarghezza del torace: 102 cm<br \/>\nLunghezza delle maniche: 52 cm<br \/>\nLunghezza totale: 58 cm<\/p>","protected":false},"excerpt":{"rendered":"<table class=\"dv_characteristicsTable\">\n<tbody>\n<tr>\n<td class=\"left\">Dimensione<\/td>\n<td>36\/38<\/td>\n<\/tr>\n<tr>\n<td class=\"left\">Composizione del materiale<\/td>\n<td>100% Poliacrilico<\/td>\n<\/tr>\n<tr>\n<td class=\"left\">Materialart<\/td>\n<td>Strick<\/td>\n<\/tr>\n<tr>\n<td class=\"left\">Istruzioni per la cura<\/td>\n<td>Lavaggio in lavatrice<\/td>\n<\/tr>\n<tr>\n<td class=\"left\">Optik<\/td>\n<td>unifarben<\/td>\n<\/tr>\n<tr>\n<td class=\"left\">Stil<\/td>\n<td>modisch<\/td>\n<\/tr>\n<tr>\n<td class=\"left\">Colore<\/td>\n<td>hellblau<\/td>\n<\/tr>\n<tr>\n<td class=\"left\">Ausschnitt<\/td>\n<td>Collare stand-up<\/td>\n<\/tr>\n<tr>\n<td class=\"left\">\u00c4rmel<\/td>\n<td>Manica lunga<\/td>\n<\/tr>\n<tr>\n<td class=\"left\">\u00c4rmelabschluss<\/td>\n<td>B\u00fcndchen<\/td>\n<\/tr>\n<tr>\n<td class=\"left\">Rumpfabschluss<\/td>\n<td>B\u00fcndchen<\/td>\n<\/tr>\n<tr>\n<td class=\"left\">In forma<\/td>\n<td>figurnah<\/td>\n<\/tr>\n<tr>\n<td class=\"left\">Schnittform L\u00e4nge<\/td>\n<td>h\u00fcftlang<\/td>\n<\/tr>\n<tr>\n<td class=\"left\">Besondere Merkmale<\/td>\n<td>mit Strukturdetails<\/td>\n<\/tr>\n<\/tbody>\n<\/table>","protected":false},"featured_media":83542,"comment_status":"open","ping_status":"closed","template":"","meta":{"_seopress_robots_primary_cat":"","_seopress_titles_title":"","_seopress_titles_desc":"","_seopress_robots_index":""},"product_brand":[],"product_cat":[1348,1456,1465],"product_tag":[],"class_list":{"0":"post-83485","1":"product","2":"type-product","3":"status-publish","4":"has-post-thumbnail","6":"product_cat-damen-mode","7":"product_cat-pullover-sweater","8":"product_cat-strickpullover","9":"product_shipping_class-standard-versand","11":"first","12":"instock","13":"sale","14":"taxable","15":"shipping-taxable","16":"purchasable","17":"product-type-simple"},"_links":{"self":[{"href":"https:\/\/www.soanam.de\/it\/wp-json\/wp\/v2\/product\/83485","targetHints":{"allow":["GET"]}}],"collection":[{"href":"https:\/\/www.soanam.de\/it\/wp-json\/wp\/v2\/product"}],"about":[{"href":"https:\/\/www.soanam.de\/it\/wp-json\/wp\/v2\/types\/product"}],"replies":[{"embeddable":true,"href":"https:\/\/www.soanam.de\/it\/wp-json\/wp\/v2\/comments?post=83485"}],"wp:featuredmedia":[{"embeddable":true,"href":"https:\/\/www.soanam.de\/it\/wp-json\/wp\/v2\/media\/83542"}],"wp:attachment":[{"href":"https:\/\/www.soanam.de\/it\/wp-json\/wp\/v2\/media?parent=83485"}],"wp:term":[{"taxonomy":"product_brand","embeddable":true,"href":"https:\/\/www.soanam.de\/it\/wp-json\/wp\/v2\/product_brand?post=83485"},{"taxonomy":"product_cat","embeddable":true,"href":"https:\/\/www.soanam.de\/it\/wp-json\/wp\/v2\/product_cat?post=83485"},{"taxonomy":"product_tag","embeddable":true,"href":"https:\/\/www.soanam.de\/it\/wp-json\/wp\/v2\/product_tag?post=83485"}],"curies":[{"name":"wp","href":"https:\/\/api.w.org\/{rel}","templated":true}]}}