{"id":83473,"date":"2023-12-17T01:46:52","date_gmt":"2023-12-17T00:46:52","guid":{"rendered":"https:\/\/www.soanam.de\/?post_type=product&#038;p=83473"},"modified":"2023-12-17T01:52:59","modified_gmt":"2023-12-17T00:52:59","slug":"only-strickpullover-onlnicoya-in-rosa-gestreift-gr-xl","status":"publish","type":"product","link":"https:\/\/www.soanam.de\/it\/produkt\/only-strickpullover-onlnicoya-in-rosa-gestreift-gr-xl\/","title":{"rendered":"Only Strickpullover ONLNICOYA, in Rosa gestreift, Gr. XL"},"content":{"rendered":"<p>Maglione in maglia di Only<br \/>\nComodo scollo rotondo<br \/>\nMaglia a maniche lunghe con motivo a righe<br \/>\nVestibilit\u00e0 ampia, orlo arrotondato<br \/>\nQualit\u00e0 della maglia morbida<\/p>\n<p>Questo maglione a maglia con maniche lunghe e vestibilit\u00e0 ampia diventer\u00e0 il vostro preferito perch\u00e9 \u00e8 bello e altrettanto comodo.<br \/>\nIl look fresco a righe e l'orlo arrotondato aggiungono un tocco casual.<br \/>\nIl morbido tessuto a maglia assicura il massimo comfort.<\/p>\n<p>Materiale: poliacrilico 100%<br \/>\nIstruzioni per la cura: Lavare in lavatrice<\/p>\n<p>Colore: rosa, grigio<br \/>\nMotivo: Strisce<br \/>\nTaglia: XL<\/p>\n<p>Larghezza della spalla: 42 cm<br \/>\nLarghezza del torace: 114 cm<br \/>\nLunghezza delle maniche: 59 cm<br \/>\nLunghezza totale: 66 cm<\/p>","protected":false},"excerpt":{"rendered":"<table class=\"dv_characteristicsTable\">\n<tbody>\n<tr>\n<td class=\"left\">Dimensione<\/td>\n<td>XL<\/td>\n<\/tr>\n<tr>\n<td class=\"left\">Composizione del materiale<\/td>\n<td>100% Poliacrilico<\/td>\n<\/tr>\n<tr>\n<td class=\"left\">Materialart<\/td>\n<td>Strick<\/td>\n<\/tr>\n<tr>\n<td class=\"left\">Istruzioni per la cura<\/td>\n<td>Lavaggio in lavatrice<\/td>\n<\/tr>\n<tr>\n<td class=\"left\">Optik<\/td>\n<td>gestreift<\/td>\n<\/tr>\n<tr>\n<td class=\"left\">Stil<\/td>\n<td>modisch<\/td>\n<\/tr>\n<tr>\n<td class=\"left\">Colore<\/td>\n<td>rosa, grau<\/td>\n<\/tr>\n<tr>\n<td class=\"left\">Ausschnitt<\/td>\n<td>Rundhals<\/td>\n<\/tr>\n<tr>\n<td class=\"left\">\u00c4rmel<\/td>\n<td>Manica lunga<\/td>\n<\/tr>\n<tr>\n<td class=\"left\">\u00c4rmelabschluss<\/td>\n<td>B\u00fcndchen<\/td>\n<\/tr>\n<tr>\n<td class=\"left\">Rumpfabschluss<\/td>\n<td>abgerundeter Abschluss<\/td>\n<\/tr>\n<tr>\n<td class=\"left\">In forma<\/td>\n<td>locker<\/td>\n<\/tr>\n<tr>\n<td class=\"left\">Schnittform L\u00e4nge<\/td>\n<td>h\u00fcftlang<\/td>\n<\/tr>\n<tr>\n<td class=\"left\"><\/td>\n<td><\/td>\n<\/tr>\n<\/tbody>\n<\/table>","protected":false},"featured_media":83531,"comment_status":"open","ping_status":"closed","template":"","meta":{"_seopress_robots_primary_cat":"","_seopress_titles_title":"","_seopress_titles_desc":"","_seopress_robots_index":""},"product_brand":[],"product_cat":[1348,1456,1465],"product_tag":[],"class_list":{"0":"post-83473","1":"product","2":"type-product","3":"status-publish","4":"has-post-thumbnail","6":"product_cat-damen-mode","7":"product_cat-pullover-sweater","8":"product_cat-strickpullover","9":"product_shipping_class-standard-versand","11":"first","12":"instock","13":"sale","14":"taxable","15":"shipping-taxable","16":"purchasable","17":"product-type-simple"},"_links":{"self":[{"href":"https:\/\/www.soanam.de\/it\/wp-json\/wp\/v2\/product\/83473","targetHints":{"allow":["GET"]}}],"collection":[{"href":"https:\/\/www.soanam.de\/it\/wp-json\/wp\/v2\/product"}],"about":[{"href":"https:\/\/www.soanam.de\/it\/wp-json\/wp\/v2\/types\/product"}],"replies":[{"embeddable":true,"href":"https:\/\/www.soanam.de\/it\/wp-json\/wp\/v2\/comments?post=83473"}],"wp:featuredmedia":[{"embeddable":true,"href":"https:\/\/www.soanam.de\/it\/wp-json\/wp\/v2\/media\/83531"}],"wp:attachment":[{"href":"https:\/\/www.soanam.de\/it\/wp-json\/wp\/v2\/media?parent=83473"}],"wp:term":[{"taxonomy":"product_brand","embeddable":true,"href":"https:\/\/www.soanam.de\/it\/wp-json\/wp\/v2\/product_brand?post=83473"},{"taxonomy":"product_cat","embeddable":true,"href":"https:\/\/www.soanam.de\/it\/wp-json\/wp\/v2\/product_cat?post=83473"},{"taxonomy":"product_tag","embeddable":true,"href":"https:\/\/www.soanam.de\/it\/wp-json\/wp\/v2\/product_tag?post=83473"}],"curies":[{"name":"wp","href":"https:\/\/api.w.org\/{rel}","templated":true}]}}