{"id":83455,"date":"2023-12-17T01:44:59","date_gmt":"2023-12-17T00:44:59","guid":{"rendered":"https:\/\/www.soanam.de\/?post_type=product&#038;p=83455"},"modified":"2023-12-17T01:51:53","modified_gmt":"2023-12-17T00:51:53","slug":"lascana-strickpullover-mit-zopfmusterdetails-in-puderrosa-gr-36-38","status":"publish","type":"product","link":"https:\/\/www.soanam.de\/it\/produkt\/lascana-strickpullover-mit-zopfmusterdetails-in-puderrosa-gr-36-38\/","title":{"rendered":"LASCANA Strickpullover mit Zopfmusterdetails, in Puderrosa, Gr. 36\/38"},"content":{"rendered":"<p>Maglia di Lascana<br \/>\nV-Ausschnitt mit Zopfmuster<br \/>\nMaglia a maniche lunghe in maglia testurizzata<br \/>\nVestibilit\u00e0 ampia<br \/>\nQualit\u00e0 della maglia morbida<\/p>\n<p>Questo maglione a maglia con maniche lunghe e vestibilit\u00e0 ampia diventer\u00e0 il vostro preferito perch\u00e9 \u00e8 bello e altrettanto comodo.<br \/>\nVerst\u00e4rkt wird die l\u00e4ssige Note noch durch h\u00fcbsche Zopfmuster-Details am Ausschnitt.<br \/>\nIl morbido tessuto a maglia assicura il massimo comfort.<\/p>\n<p>Materiale: 50% cotone, 50% poliacrilico<br \/>\nIstruzioni per la cura: Lavare in lavatrice<\/p>\n<p>Colore: polvere<br \/>\nMotivo: Maglia a cavo<br \/>\nDimensione: 36\/38<\/p>\n<p>Larghezza della spalla: 49 cm<br \/>\nLarghezza del petto: 94 cm<br \/>\nLunghezza delle maniche: 54 cm<br \/>\nLunghezza totale: 58 cm<\/p>\n<p>&nbsp;<\/p>\n<p>Si tratta di un reso del cliente senza etichetta.<\/p>","protected":false},"excerpt":{"rendered":"<table class=\"dv_characteristicsTable\">\n<tbody>\n<tr>\n<td class=\"left\">Dimensione<\/td>\n<td>36\/38<\/td>\n<\/tr>\n<tr>\n<td class=\"left\">Composizione del materiale<\/td>\n<td>50% Baumwolle, 50% Polyacryl<\/td>\n<\/tr>\n<tr>\n<td class=\"left\">Materialart<\/td>\n<td>Strick<\/td>\n<\/tr>\n<tr>\n<td class=\"left\">Istruzioni per la cura<\/td>\n<td>Lavaggio in lavatrice<\/td>\n<\/tr>\n<tr>\n<td class=\"left\">Optik<\/td>\n<td>unifarben<\/td>\n<\/tr>\n<tr>\n<td class=\"left\">Stil<\/td>\n<td>modisch<\/td>\n<\/tr>\n<tr>\n<td class=\"left\">Colore<\/td>\n<td>puderrosa<\/td>\n<\/tr>\n<tr>\n<td class=\"left\">Ausschnitt<\/td>\n<td>Scollo a V<\/td>\n<\/tr>\n<tr>\n<td class=\"left\">\u00c4rmel<\/td>\n<td>Manica lunga<\/td>\n<\/tr>\n<tr>\n<td class=\"left\">\u00c4rmelabschluss<\/td>\n<td>B\u00fcndchen<\/td>\n<\/tr>\n<tr>\n<td class=\"left\">Rumpfabschluss<\/td>\n<td>gerader Abschluss<\/td>\n<\/tr>\n<tr>\n<td class=\"left\">In forma<\/td>\n<td>figurumspielend<\/td>\n<\/tr>\n<tr>\n<td class=\"left\">Schnittform L\u00e4nge<\/td>\n<td>h\u00fcftlang<\/td>\n<\/tr>\n<tr>\n<td class=\"left\">Besondere Merkmale<\/td>\n<td>mit Zopfmusterdetails<\/td>\n<\/tr>\n<\/tbody>\n<\/table>","protected":false},"featured_media":83520,"comment_status":"open","ping_status":"closed","template":"","meta":{"_seopress_robots_primary_cat":"","_seopress_titles_title":"","_seopress_titles_desc":"","_seopress_robots_index":""},"product_brand":[],"product_cat":[1348,1456,1465],"product_tag":[],"class_list":{"0":"post-83455","1":"product","2":"type-product","3":"status-publish","4":"has-post-thumbnail","6":"product_cat-damen-mode","7":"product_cat-pullover-sweater","8":"product_cat-strickpullover","9":"product_shipping_class-standard-versand","11":"first","12":"instock","13":"sale","14":"taxable","15":"shipping-taxable","16":"purchasable","17":"product-type-simple"},"_links":{"self":[{"href":"https:\/\/www.soanam.de\/it\/wp-json\/wp\/v2\/product\/83455","targetHints":{"allow":["GET"]}}],"collection":[{"href":"https:\/\/www.soanam.de\/it\/wp-json\/wp\/v2\/product"}],"about":[{"href":"https:\/\/www.soanam.de\/it\/wp-json\/wp\/v2\/types\/product"}],"replies":[{"embeddable":true,"href":"https:\/\/www.soanam.de\/it\/wp-json\/wp\/v2\/comments?post=83455"}],"wp:featuredmedia":[{"embeddable":true,"href":"https:\/\/www.soanam.de\/it\/wp-json\/wp\/v2\/media\/83520"}],"wp:attachment":[{"href":"https:\/\/www.soanam.de\/it\/wp-json\/wp\/v2\/media?parent=83455"}],"wp:term":[{"taxonomy":"product_brand","embeddable":true,"href":"https:\/\/www.soanam.de\/it\/wp-json\/wp\/v2\/product_brand?post=83455"},{"taxonomy":"product_cat","embeddable":true,"href":"https:\/\/www.soanam.de\/it\/wp-json\/wp\/v2\/product_cat?post=83455"},{"taxonomy":"product_tag","embeddable":true,"href":"https:\/\/www.soanam.de\/it\/wp-json\/wp\/v2\/product_tag?post=83455"}],"curies":[{"name":"wp","href":"https:\/\/api.w.org\/{rel}","templated":true}]}}