{"id":83425,"date":"2023-12-17T01:41:28","date_gmt":"2023-12-17T00:41:28","guid":{"rendered":"https:\/\/www.soanam.de\/?post_type=product&#038;p=83425"},"modified":"2023-12-17T01:49:29","modified_gmt":"2023-12-17T00:49:29","slug":"lascana-kapuzenshirt-mit-rueckendetails-in-mint-gr-40-42","status":"publish","type":"product","link":"https:\/\/www.soanam.de\/it\/produkt\/lascana-kapuzenshirt-mit-rueckendetails-in-mint-gr-40-42\/","title":{"rendered":"Felpa con cappuccio Lascana con dettaglio sulla schiena, color menta, taglia 40\/42"},"content":{"rendered":"<p>Kapuzen Sweatshirt von Lascana<br \/>\nManiche overcut<br \/>\nTolle R\u00fcckenl\u00f6sung im Wickellook<br \/>\nElastische Jerseyware<br \/>\nSportliches Longsleeve mit Markenlogo<\/p>\n<p>Sorgt f\u00fcr jede Menge Begeisterung! Das Kapuzenshirt von Lascana hat es mit seinem au\u00dfergew\u00f6hnlichen Design wirklich in sich.<br \/>\nVon Vorn schaut es wie ein ganz normales Kapuzenshirt aus, w\u00e4hrend sich auf der R\u00fcckseite ein extravaganter R\u00fcckenausschnitt in Wickeloptik pr\u00e4sentiert.<\/p>\n<p>Materiale: cotone 100%<br \/>\nIstruzioni per la cura: Lavare in lavatrice<\/p>\n<p>Colore: menta<br \/>\nModello: senza<br \/>\nDimensione: 40\/42<\/p>\n<p>Larghezza della spalla: 60 cm<br \/>\nBrustweite: 120 cm<br \/>\n\u00c4rmell\u00e4nge: 56cm<br \/>\nLunghezza totale: 64 cm<\/p>","protected":false},"excerpt":{"rendered":"<table class=\"dv_characteristicsTable\">\n<tbody>\n<tr>\n<td class=\"left\">Dimensione<\/td>\n<td>40\/42<\/td>\n<\/tr>\n<tr>\n<td class=\"left\">Composizione del materiale<\/td>\n<td>100% Cotone<\/td>\n<\/tr>\n<tr>\n<td class=\"left\">Materialart<\/td>\n<td>Jersey<\/td>\n<\/tr>\n<tr>\n<td class=\"left\">Materialeigenschaften<\/td>\n<td>Facile da pulire<\/td>\n<\/tr>\n<tr>\n<td class=\"left\">Istruzioni per la cura<\/td>\n<td>Lavaggio in lavatrice<\/td>\n<\/tr>\n<tr>\n<td class=\"left\">Optik<\/td>\n<td>Hoodie<\/td>\n<\/tr>\n<tr>\n<td class=\"left\">Stil<\/td>\n<td>extravagant<\/td>\n<\/tr>\n<tr>\n<td class=\"left\">Colore<\/td>\n<td>mint<\/td>\n<\/tr>\n<tr>\n<td class=\"left\">Cappuccio<\/td>\n<td>mit Kapuze<\/td>\n<\/tr>\n<tr>\n<td class=\"left\">Applikationen<\/td>\n<td>Logo del marchio<\/td>\n<\/tr>\n<tr>\n<td class=\"left\">Borse<\/td>\n<td>ohne<\/td>\n<\/tr>\n<tr>\n<td class=\"left\">Besondere Merkmale<\/td>\n<td>R\u00fcckenausschnitt<\/td>\n<\/tr>\n<tr>\n<td class=\"left\">Kragen<\/td>\n<td>Cappuccio<\/td>\n<\/tr>\n<tr>\n<td class=\"left\">Ausschnitt<\/td>\n<td>Scollo a V<\/td>\n<\/tr>\n<tr>\n<td class=\"left\">\u00c4rmel<\/td>\n<td>Manica lunga<\/td>\n<\/tr>\n<tr>\n<td class=\"left\">In forma<\/td>\n<td>locker<\/td>\n<\/tr>\n<\/tbody>\n<\/table>\n<p>&nbsp;<\/p>","protected":false},"featured_media":83492,"comment_status":"open","ping_status":"closed","template":"","meta":{"_seopress_robots_primary_cat":"","_seopress_titles_title":"","_seopress_titles_desc":"","_seopress_robots_index":""},"product_brand":[],"product_cat":[1348,1456,1583],"product_tag":[],"class_list":{"0":"post-83425","1":"product","2":"type-product","3":"status-publish","4":"has-post-thumbnail","6":"product_cat-damen-mode","7":"product_cat-pullover-sweater","8":"product_cat-hoodies","9":"product_shipping_class-standard-versand","11":"first","12":"instock","13":"sale","14":"taxable","15":"shipping-taxable","16":"purchasable","17":"product-type-simple"},"_links":{"self":[{"href":"https:\/\/www.soanam.de\/it\/wp-json\/wp\/v2\/product\/83425","targetHints":{"allow":["GET"]}}],"collection":[{"href":"https:\/\/www.soanam.de\/it\/wp-json\/wp\/v2\/product"}],"about":[{"href":"https:\/\/www.soanam.de\/it\/wp-json\/wp\/v2\/types\/product"}],"replies":[{"embeddable":true,"href":"https:\/\/www.soanam.de\/it\/wp-json\/wp\/v2\/comments?post=83425"}],"wp:featuredmedia":[{"embeddable":true,"href":"https:\/\/www.soanam.de\/it\/wp-json\/wp\/v2\/media\/83492"}],"wp:attachment":[{"href":"https:\/\/www.soanam.de\/it\/wp-json\/wp\/v2\/media?parent=83425"}],"wp:term":[{"taxonomy":"product_brand","embeddable":true,"href":"https:\/\/www.soanam.de\/it\/wp-json\/wp\/v2\/product_brand?post=83425"},{"taxonomy":"product_cat","embeddable":true,"href":"https:\/\/www.soanam.de\/it\/wp-json\/wp\/v2\/product_cat?post=83425"},{"taxonomy":"product_tag","embeddable":true,"href":"https:\/\/www.soanam.de\/it\/wp-json\/wp\/v2\/product_tag?post=83425"}],"curies":[{"name":"wp","href":"https:\/\/api.w.org\/{rel}","templated":true}]}}