{"id":83191,"date":"2023-12-16T04:58:13","date_gmt":"2023-12-16T03:58:13","guid":{"rendered":"https:\/\/www.soanam.de\/?post_type=product&#038;p=83191"},"modified":"2023-12-17T01:33:51","modified_gmt":"2023-12-17T00:33:51","slug":"rhode-island-herrenhemd-mit-grossem-print-in-marineblau-gr-49-50","status":"publish","type":"product","link":"https:\/\/www.soanam.de\/it\/produkt\/rhode-island-herrenhemd-mit-grossem-print-in-marineblau-gr-49-50\/","title":{"rendered":"Camicia da uomo Rhode Island con stampa grande, in blu navy, taglia 49\/50"},"content":{"rendered":"<p>Freizeithemd mit einseitigem Print<br \/>\nLeichte Qualit\u00e4t aus 100% Baumwolle<br \/>\nVestibilit\u00e0 regolare\/ forma normale<br \/>\nLogo del marchio<br \/>\nKontrastbesatz<\/p>\n<p>Du m\u00f6chtest in der Freizeit gut gekleidet sein? Kein Problem mit diesem tollen Hemd von Rhode Island.<br \/>\nBei dem bequemen Herrenhemd mit dem gro\u00dfen Schriftzug bist du stilsicher gekleidet.<br \/>\nDar\u00fcber hinaus tr\u00e4gt sich das Popeline Hemd durch die b\u00fcgelleichte Baumwollqualit\u00e4t besonders toll.<\/p>\n<p>Materiale: cotone 100%<br \/>\nIstruzioni per la cura: Lavare in lavatrice<\/p>\n<p>Colore: blu scuro<br \/>\nMotivo: Lettering<br \/>\nGr\u00f6\u00dfe: 4XL<\/p>\n<p>Schulterbreite: 61m<br \/>\nBrustweite: 142 cm<br \/>\nLunghezza delle maniche: 67 cm<br \/>\nLunghezza totale: 84 cm<\/p>\n<p>&nbsp;<\/p>\n<p>Questo nuovo articolo \u00e8 un reso del cliente senza etichetta.<\/p>","protected":false},"excerpt":{"rendered":"<table class=\"dv_characteristicsTable\">\n<tbody>\n<tr>\n<td class=\"left\">Dimensione<\/td>\n<td>49\/50<\/td>\n<\/tr>\n<tr>\n<td class=\"left\">Composizione del materiale<\/td>\n<td>100% Cotone<\/td>\n<\/tr>\n<tr>\n<td class=\"left\">Materialart<\/td>\n<td>Popeline<\/td>\n<\/tr>\n<tr>\n<td class=\"left\">Materialeigenschaften<\/td>\n<td>Easycare<\/td>\n<\/tr>\n<tr>\n<td class=\"left\">Istruzioni per la cura<\/td>\n<td>Lavaggio in lavatrice<\/td>\n<\/tr>\n<tr>\n<td class=\"left\">Stil<\/td>\n<td>modisch<\/td>\n<\/tr>\n<tr>\n<td class=\"left\">Colore<\/td>\n<td>marino<\/td>\n<\/tr>\n<tr>\n<td class=\"left\">Kragen<\/td>\n<td>Kentkragen<\/td>\n<\/tr>\n<tr>\n<td class=\"left\">\u00c4rmel<\/td>\n<td>Manica lunga<\/td>\n<\/tr>\n<tr>\n<td class=\"left\">\u00c4rmelabschluss<\/td>\n<td>2-Knopf-Manschette<\/td>\n<\/tr>\n<tr>\n<td class=\"left\">\u00c4rmelabschlussdetails<\/td>\n<td>verstellbar<\/td>\n<\/tr>\n<tr>\n<td class=\"left\">Applikationen<\/td>\n<td>Kontrastbes\u00e4tze, Print<\/td>\n<\/tr>\n<tr>\n<td class=\"left\">Verschluss<\/td>\n<td>Abbottonatura<\/td>\n<\/tr>\n<tr>\n<td class=\"left\">Verschlussdetails<\/td>\n<td>durchgehend<\/td>\n<\/tr>\n<\/tbody>\n<\/table>","protected":false},"featured_media":83353,"comment_status":"open","ping_status":"closed","template":"","meta":{"_seopress_robots_primary_cat":"","_seopress_titles_title":"","_seopress_titles_desc":"","_seopress_robots_index":""},"product_brand":[],"product_cat":[1345,1497,1532],"product_tag":[],"class_list":{"0":"post-83191","1":"product","2":"type-product","3":"status-publish","4":"has-post-thumbnail","6":"product_cat-herrenmode","7":"product_cat-hemden","8":"product_cat-langarm-hemden","9":"product_shipping_class-standard-versand","11":"first","12":"instock","13":"sale","14":"taxable","15":"shipping-taxable","16":"purchasable","17":"product-type-simple"},"_links":{"self":[{"href":"https:\/\/www.soanam.de\/it\/wp-json\/wp\/v2\/product\/83191","targetHints":{"allow":["GET"]}}],"collection":[{"href":"https:\/\/www.soanam.de\/it\/wp-json\/wp\/v2\/product"}],"about":[{"href":"https:\/\/www.soanam.de\/it\/wp-json\/wp\/v2\/types\/product"}],"replies":[{"embeddable":true,"href":"https:\/\/www.soanam.de\/it\/wp-json\/wp\/v2\/comments?post=83191"}],"wp:featuredmedia":[{"embeddable":true,"href":"https:\/\/www.soanam.de\/it\/wp-json\/wp\/v2\/media\/83353"}],"wp:attachment":[{"href":"https:\/\/www.soanam.de\/it\/wp-json\/wp\/v2\/media?parent=83191"}],"wp:term":[{"taxonomy":"product_brand","embeddable":true,"href":"https:\/\/www.soanam.de\/it\/wp-json\/wp\/v2\/product_brand?post=83191"},{"taxonomy":"product_cat","embeddable":true,"href":"https:\/\/www.soanam.de\/it\/wp-json\/wp\/v2\/product_cat?post=83191"},{"taxonomy":"product_tag","embeddable":true,"href":"https:\/\/www.soanam.de\/it\/wp-json\/wp\/v2\/product_tag?post=83191"}],"curies":[{"name":"wp","href":"https:\/\/api.w.org\/{rel}","templated":true}]}}