{"id":83100,"date":"2023-12-16T04:50:03","date_gmt":"2023-12-16T03:50:03","guid":{"rendered":"https:\/\/www.soanam.de\/?post_type=product&#038;p=83100"},"modified":"2023-12-16T04:53:25","modified_gmt":"2023-12-16T03:53:25","slug":"pantaloni-da-sci-icepeak-netro-in-nero-taglia-56","status":"publish","type":"product","link":"https:\/\/www.soanam.de\/it\/produkt\/icepeak-skihose-netro-in-schwarz-gr-56\/","title":{"rendered":"Pantaloni da sci Icepeak Netro, neri, taglia 56"},"content":{"rendered":"<p>Pantaloni da sci Icepeak<br \/>\nFodera imbottita<br \/>\nDettagli della struttura<br \/>\nMateriali protettivi<br \/>\nColonna d'acqua e traspirabilit\u00e0 del materiale: 5.000 mm 5.000 mvp<br \/>\nLe cuciture principali del prodotto sono saldate in modo impermeabile<br \/>\nImpregnazione idrorepellente<\/p>\n<p>Grazie al materiale impermeabile e alle cuciture principali saldate, questi pantaloni vincono la maggior parte delle battaglie contro il bagnato, dimostrando la loro funzionalit\u00e0. I paraneve alle estremit\u00e0 delle gambe impediscono alla neve di penetrare dal basso. Per poter godere appieno delle attivit\u00e0 invernali, i pantaloni sono dotati di numerosi altri dettagli funzionali, come le cerniere dei pantaloni e la parte posteriore alta.<\/p>\n<p>Materiale: poliestere 100%<br \/>\nIstruzioni per la cura: Lavare in lavatrice<\/p>\n<p>Colore: nero<br \/>\nModello: senza<br \/>\nDimensione: 56<\/p>\n<p>Misura della vita: 93 cm<br \/>\nLarghezza dell'anca: 125 cm<br \/>\nLunghezza del gradino: 82 cm<br \/>\nLunghezza totale: 116 cm<\/p>","protected":false},"excerpt":{"rendered":"<table class=\"dv_characteristicsTable\">\n<tbody>\n<tr>\n<td class=\"left\">Dimensione<\/td>\n<td>56<\/td>\n<\/tr>\n<tr>\n<td class=\"left\">Composizione del materiale<\/td>\n<td>Obermaterial: 100% Polyester<\/td>\n<\/tr>\n<tr>\n<td class=\"left\">Istruzioni per la cura<\/td>\n<td>30 \u00b0C Feinw\u00e4sche<\/td>\n<\/tr>\n<tr>\n<td class=\"left\">Optik<\/td>\n<td>Colori solidi<\/td>\n<\/tr>\n<tr>\n<td class=\"left\">Stil<\/td>\n<td>Casual<\/td>\n<\/tr>\n<tr>\n<td class=\"left\">Colore<\/td>\n<td>schwarz<\/td>\n<\/tr>\n<tr>\n<td class=\"left\">Schnittform L\u00e4nge<\/td>\n<td>Lang<\/td>\n<\/tr>\n<tr>\n<td class=\"left\">Verschluss<\/td>\n<td>Chiusura a bottone<\/td>\n<\/tr>\n<tr>\n<td class=\"left\">Sportart<\/td>\n<td>Skifahren<\/td>\n<\/tr>\n<\/tbody>\n<\/table>","protected":false},"featured_media":83132,"comment_status":"open","ping_status":"closed","template":"","meta":{"_seopress_robots_primary_cat":"","_seopress_titles_title":"","_seopress_titles_desc":"","_seopress_robots_index":""},"product_brand":[],"product_cat":[1345,1346,1463],"product_tag":[],"class_list":{"0":"post-83100","1":"product","2":"type-product","3":"status-publish","4":"has-post-thumbnail","6":"product_cat-herrenmode","7":"product_cat-hosen","8":"product_cat-regen-skihosen-hosen","9":"product_shipping_class-standard-versand","11":"first","12":"instock","13":"sale","14":"taxable","15":"shipping-taxable","16":"purchasable","17":"product-type-simple"},"_links":{"self":[{"href":"https:\/\/www.soanam.de\/it\/wp-json\/wp\/v2\/product\/83100","targetHints":{"allow":["GET"]}}],"collection":[{"href":"https:\/\/www.soanam.de\/it\/wp-json\/wp\/v2\/product"}],"about":[{"href":"https:\/\/www.soanam.de\/it\/wp-json\/wp\/v2\/types\/product"}],"replies":[{"embeddable":true,"href":"https:\/\/www.soanam.de\/it\/wp-json\/wp\/v2\/comments?post=83100"}],"wp:featuredmedia":[{"embeddable":true,"href":"https:\/\/www.soanam.de\/it\/wp-json\/wp\/v2\/media\/83132"}],"wp:attachment":[{"href":"https:\/\/www.soanam.de\/it\/wp-json\/wp\/v2\/media?parent=83100"}],"wp:term":[{"taxonomy":"product_brand","embeddable":true,"href":"https:\/\/www.soanam.de\/it\/wp-json\/wp\/v2\/product_brand?post=83100"},{"taxonomy":"product_cat","embeddable":true,"href":"https:\/\/www.soanam.de\/it\/wp-json\/wp\/v2\/product_cat?post=83100"},{"taxonomy":"product_tag","embeddable":true,"href":"https:\/\/www.soanam.de\/it\/wp-json\/wp\/v2\/product_tag?post=83100"}],"curies":[{"name":"wp","href":"https:\/\/api.w.org\/{rel}","templated":true}]}}