{"id":83080,"date":"2023-12-16T04:48:10","date_gmt":"2023-12-16T03:48:10","guid":{"rendered":"https:\/\/www.soanam.de\/?post_type=product&#038;p=83080"},"modified":"2023-12-16T04:51:48","modified_gmt":"2023-12-16T03:51:48","slug":"timberland-jogger-pants-tb0a22et-in-navy-gr-xl","status":"publish","type":"product","link":"https:\/\/www.soanam.de\/it\/produkt\/timberland-jogger-pants-tb0a22et-in-navy-gr-xl\/","title":{"rendered":"Pantaloni da jogging Timberland TB0A22ET, in blu, taglia XL"},"content":{"rendered":"<p>Jogger-hose TB0A22ET von Timberland<br \/>\nAus hochwertig, elastischer Web-Qualit\u00e4t<br \/>\nIm Relaxed Fit<br \/>\nMit breiten B\u00fcndchen am Beinabschlu\u00df<br \/>\nElastischer Bund mit Bindeband<br \/>\n2 seitliche Eingrifftaschen und 1 Rei\u00dfverschlusstasche hinten<br \/>\nMarkenlogo auf dem Hosenbein<\/p>\n<p>Die 'TB0A22ET im Jogger Style vom Label Timberland ist die perfekte Erg\u00e4nzung f\u00fcr Ihren Casual-Look.<\/p>\n<p>In zeitlosem Navy und typischen Design, wie dem gro\u00dfen Markenloge, dem elastischen Bund mit Bindeband, den elastischen B\u00fcndchen am Beinabschluss und der Rei\u00dfverschlusstasche hinten mit aufgen\u00e4htem Markenlabel,\u00a0 l\u00e4sst sich die bequeme Hose zu zahlreichen, l\u00e4ssigen Looks kombinieren.<\/p>\n<p>Material: 97% Baumwolle, 3% Elasten<br \/>\nIstruzioni per la cura: Lavare in lavatrice<\/p>\n<p>Colore: blu scuro<br \/>\nModello: senza<br \/>\nTaglia: XL<\/p>\n<p>Misura della vita: 90 cm<br \/>\nH\u00fcftweite: 128cm<br \/>\nLunghezza del gradino: 72 cm<br \/>\nLunghezza totale: 106 cm<\/p>","protected":false},"excerpt":{"rendered":"<table class=\"dv_characteristicsTable\">\n<tbody>\n<tr>\n<td class=\"left\">Dimensione<\/td>\n<td>XL<\/td>\n<\/tr>\n<tr>\n<td class=\"left\">Hosenl\u00e4nge<\/td>\n<td>106cm<\/td>\n<\/tr>\n<tr>\n<td class=\"left\">Composizione del materiale<\/td>\n<td>97% Baumwolle, 3% Elasthan<\/td>\n<\/tr>\n<tr>\n<td class=\"left\">Istruzioni per la cura<\/td>\n<td>Lavaggio in lavatrice<\/td>\n<\/tr>\n<tr>\n<td class=\"left\">Stil<\/td>\n<td>Jogger<\/td>\n<\/tr>\n<tr>\n<td class=\"left\">Colore<\/td>\n<td>marina<\/td>\n<\/tr>\n<tr>\n<td class=\"left\">Leibh\u00f6he<\/td>\n<td>normal<\/td>\n<\/tr>\n<tr>\n<td class=\"left\">Beinform<\/td>\n<td>schmal zulaufend<\/td>\n<\/tr>\n<tr>\n<td class=\"left\">In forma<\/td>\n<td>bequem<\/td>\n<\/tr>\n<tr>\n<td class=\"left\">Schnittform L\u00e4nge<\/td>\n<td>lang<\/td>\n<\/tr>\n<tr>\n<td class=\"left\">Borse<\/td>\n<td>Eingrifftaschen, Ges\u00e4\u00dftasche<\/td>\n<\/tr>\n<tr>\n<td class=\"left\">Verschluss<\/td>\n<td>elastischer Bund<\/td>\n<\/tr>\n<tr>\n<td class=\"left\">dettagli<\/td>\n<td>Logo del marchio<\/td>\n<\/tr>\n<\/tbody>\n<\/table>","protected":false},"featured_media":83115,"comment_status":"open","ping_status":"closed","template":"","meta":{"_seopress_robots_primary_cat":"","_seopress_titles_title":"","_seopress_titles_desc":"","_seopress_robots_index":""},"product_brand":[],"product_cat":[1345,1346,1383],"product_tag":[],"class_list":{"0":"post-83080","1":"product","2":"type-product","3":"status-publish","4":"has-post-thumbnail","6":"product_cat-herrenmode","7":"product_cat-hosen","8":"product_cat-stoffhosen","9":"product_shipping_class-standard-versand","11":"first","12":"instock","13":"sale","14":"taxable","15":"shipping-taxable","16":"purchasable","17":"product-type-simple"},"_links":{"self":[{"href":"https:\/\/www.soanam.de\/it\/wp-json\/wp\/v2\/product\/83080","targetHints":{"allow":["GET"]}}],"collection":[{"href":"https:\/\/www.soanam.de\/it\/wp-json\/wp\/v2\/product"}],"about":[{"href":"https:\/\/www.soanam.de\/it\/wp-json\/wp\/v2\/types\/product"}],"replies":[{"embeddable":true,"href":"https:\/\/www.soanam.de\/it\/wp-json\/wp\/v2\/comments?post=83080"}],"wp:featuredmedia":[{"embeddable":true,"href":"https:\/\/www.soanam.de\/it\/wp-json\/wp\/v2\/media\/83115"}],"wp:attachment":[{"href":"https:\/\/www.soanam.de\/it\/wp-json\/wp\/v2\/media?parent=83080"}],"wp:term":[{"taxonomy":"product_brand","embeddable":true,"href":"https:\/\/www.soanam.de\/it\/wp-json\/wp\/v2\/product_brand?post=83080"},{"taxonomy":"product_cat","embeddable":true,"href":"https:\/\/www.soanam.de\/it\/wp-json\/wp\/v2\/product_cat?post=83080"},{"taxonomy":"product_tag","embeddable":true,"href":"https:\/\/www.soanam.de\/it\/wp-json\/wp\/v2\/product_tag?post=83080"}],"curies":[{"name":"wp","href":"https:\/\/api.w.org\/{rel}","templated":true}]}}