{"id":82922,"date":"2023-12-14T21:13:36","date_gmt":"2023-12-14T20:13:36","guid":{"rendered":"https:\/\/www.soanam.de\/?post_type=product&#038;p=82922"},"modified":"2023-12-16T04:45:51","modified_gmt":"2023-12-16T03:45:51","slug":"gonna-a-portafoglio-di-lunghezza-midi-con-stampa-floreale-in-rosso-bianco-taglia-40","status":"publish","type":"product","link":"https:\/\/www.soanam.de\/it\/produkt\/wickelrock-in-midi-laenge-mit-blumendruck-in-rot-weiss-gr-40\/","title":{"rendered":"Wickelrock in Midi-L\u00e4nge mit Blumendruck, in Rot, Wei\u00df, Gr.40"},"content":{"rendered":"<p>Wickelrock in A-Linie<br \/>\nMidi-L\u00e4nge<br \/>\nBlumendruck<\/p>\n<p>Entdecke das perfekte Outfit f\u00fcr jeden Stil und Anlass \u2013 egal, ob du es lieber cool und l\u00e4ssig oder smart-casual magst. Style dich, so wie du bist.<br \/>\nMit diesem Wickelrock bist du immer gut gekleidet. Er ist in modischer Midi-L\u00e4nge, mit gro\u00dffl\u00e4chigem Blumendruck und aus angenehm weicher Viskose.<\/p>\n<p>Materiale: viscosa 100%<br \/>\nIstruzioni per la cura: Lavare in lavatrice<\/p>\n<p>Farbe: rot, wei\u00df<br \/>\nMotivo: Fiori<br \/>\nDimensione: 40<\/p>\n<p>Misura della vita: 72 cm<br \/>\nLunghezza totale: 83 cm<\/p>\n<p>&nbsp;<\/p>\n<p>Questo nuovo articolo \u00e8 un reso del cliente senza etichetta.<\/p>","protected":false},"excerpt":{"rendered":"<table class=\"dv_characteristicsTable\">\n<tbody>\n<tr>\n<td class=\"left\">Dimensione<\/td>\n<td>40<\/td>\n<\/tr>\n<tr>\n<td class=\"left\">Composizione del materiale<\/td>\n<td>100% Viscosa<\/td>\n<\/tr>\n<tr>\n<td class=\"left\">Optik<\/td>\n<td>Blumen-Muster<\/td>\n<\/tr>\n<tr>\n<td class=\"left\">Stil<\/td>\n<td>Wickelrock<\/td>\n<\/tr>\n<tr>\n<td class=\"left\">Colore<\/td>\n<td>Rosso, bianco<\/td>\n<\/tr>\n<tr>\n<td class=\"left\">In forma<\/td>\n<td>A-Linie<\/td>\n<\/tr>\n<\/tbody>\n<\/table>\n<table class=\"dv_characteristicsTable\" style=\"color: #333333; font-family: -apple-system, BlinkMacSystemFont, 'Segoe UI', Roboto, Oxygen-Sans, Ubuntu, Cantarell, 'Helvetica Neue', sans-serif; font-size: 16px;\">\n<tbody>\n<tr>\n<td class=\"left\">Verschluss<\/td>\n<td>\u00a0 \u00a0 \u00a0 \u00a0 \u00a0 \u00a0 \u00a0 \u00a0 \u00a0 \u00a0 \u00a0 \u00a0 \u00a0 Chiusura a bottone<\/td>\n<\/tr>\n<\/tbody>\n<\/table>","protected":false},"featured_media":83051,"comment_status":"open","ping_status":"closed","template":"","meta":{"_seopress_robots_primary_cat":"","_seopress_titles_title":"","_seopress_titles_desc":"","_seopress_robots_index":""},"product_brand":[],"product_cat":[1348,1473,1474],"product_tag":[],"class_list":{"0":"post-82922","1":"product","2":"type-product","3":"status-publish","4":"has-post-thumbnail","6":"product_cat-damen-mode","7":"product_cat-roecke","8":"product_cat-midiroecke","9":"product_shipping_class-standard-versand","11":"first","12":"instock","13":"sale","14":"taxable","15":"shipping-taxable","16":"purchasable","17":"product-type-simple"},"_links":{"self":[{"href":"https:\/\/www.soanam.de\/it\/wp-json\/wp\/v2\/product\/82922","targetHints":{"allow":["GET"]}}],"collection":[{"href":"https:\/\/www.soanam.de\/it\/wp-json\/wp\/v2\/product"}],"about":[{"href":"https:\/\/www.soanam.de\/it\/wp-json\/wp\/v2\/types\/product"}],"replies":[{"embeddable":true,"href":"https:\/\/www.soanam.de\/it\/wp-json\/wp\/v2\/comments?post=82922"}],"wp:featuredmedia":[{"embeddable":true,"href":"https:\/\/www.soanam.de\/it\/wp-json\/wp\/v2\/media\/83051"}],"wp:attachment":[{"href":"https:\/\/www.soanam.de\/it\/wp-json\/wp\/v2\/media?parent=82922"}],"wp:term":[{"taxonomy":"product_brand","embeddable":true,"href":"https:\/\/www.soanam.de\/it\/wp-json\/wp\/v2\/product_brand?post=82922"},{"taxonomy":"product_cat","embeddable":true,"href":"https:\/\/www.soanam.de\/it\/wp-json\/wp\/v2\/product_cat?post=82922"},{"taxonomy":"product_tag","embeddable":true,"href":"https:\/\/www.soanam.de\/it\/wp-json\/wp\/v2\/product_tag?post=82922"}],"curies":[{"name":"wp","href":"https:\/\/api.w.org\/{rel}","templated":true}]}}