{"id":82807,"date":"2023-12-14T03:07:48","date_gmt":"2023-12-14T02:07:48","guid":{"rendered":"https:\/\/www.soanam.de\/?post_type=product&#038;p=82807"},"modified":"2023-12-14T21:17:39","modified_gmt":"2023-12-14T20:17:39","slug":"set-loungewear-only-onlbianca-in-nero-gr-m","status":"publish","type":"product","link":"https:\/\/www.soanam.de\/it\/produkt\/only-loungewear-set-onlbianca-in-schwarz-gr-m\/","title":{"rendered":"Solo set loungewear ONLBIANCA, in nero, taglia M"},"content":{"rendered":"<p>Loungewear Set von Only<br \/>\nStretchhose im Loose Fit<br \/>\nHoher Bund, elastisch<br \/>\nLangarmshirt mit Rundhalsausschnitt<br \/>\nShirt in kurzer Form<br \/>\nBequeme Ripp-Qualit\u00e4t<\/p>\n<p>Ob zum Schlafen gehen oder einfach nur zum Entspannen auf der Couch - das super bequeme Loungewear Set von Only m\u00f6chten Sie gar nicht wieder ausziehen.<br \/>\nDie locker geschnittene Hose im Harems-Stil mit elastischem Bund f\u00fcgt sich perfekt an das kurz geschnittene Oberteil, das mit seinem Rundhalsausschnitt und den \u00fcberschrittenen Schultern ebenfalls luftig und locker jede Ihrer Bewegungen mitmacht.<br \/>\nDie Pflegeleichte Rippqualit\u00e4t l\u00e4sst keine W\u00fcnsche offen.<\/p>\n<p>Material: 70% Modal, 25% Polyester, 5% Elasthan<br \/>\nIstruzioni per la cura: Lavare in lavatrice<\/p>\n<p>Colore: nero<br \/>\nModello: senza<br \/>\nGr\u00f6\u00dfe:M<\/p>\n<p>Larghezza della spalla: 60 cm<br \/>\nLarghezza del torace: 118 cm<br \/>\nLunghezza delle maniche: 51 cm<br \/>\nGesamtl\u00e4nge: 51cm<\/p>\n<p>Misura della vita: 72 cm<br \/>\nLunghezza del gradino: 65 cm<br \/>\nLunghezza totale: 95 cm<\/p>\n<p>&nbsp;<\/p>\n<p>Questo nuovo articolo \u00e8 un reso del cliente senza etichetta.<\/p>","protected":false},"excerpt":{"rendered":"<table class=\"dv_characteristicsTable\">\n<tbody>\n<tr>\n<td class=\"left\">Dimensione<\/td>\n<td>M<\/td>\n<\/tr>\n<tr>\n<td class=\"left\">Colore<\/td>\n<td>schwarz<\/td>\n<\/tr>\n<tr>\n<td class=\"left\">Applikationen<\/td>\n<td>ohne<\/td>\n<\/tr>\n<tr>\n<td class=\"left\">Verschluss<\/td>\n<td>ohne<\/td>\n<\/tr>\n<tr>\n<td class=\"left\">Verschlussdetails<\/td>\n<td>elastischer Bund<\/td>\n<\/tr>\n<tr>\n<td class=\"left\">Composizione del materiale<\/td>\n<td>70% Modal, 25% Polyester, 5% Elasthan<\/td>\n<\/tr>\n<tr>\n<td class=\"left\">Istruzioni per la cura<\/td>\n<td>Lavaggio in lavatrice<\/td>\n<\/tr>\n<tr>\n<td class=\"left\">Stil<\/td>\n<td>Basic<\/td>\n<\/tr>\n<tr>\n<td class=\"left\">Ausschnitt<\/td>\n<td>Rundhals<\/td>\n<\/tr>\n<tr>\n<td class=\"left\">\u00c4rmel<\/td>\n<td>Manica lunga<\/td>\n<\/tr>\n<tr>\n<td class=\"left\">\u00c4rmeldetails<\/td>\n<td>\u00fcberschnitten<\/td>\n<\/tr>\n<tr>\n<td class=\"left\">\u00c4rmelabschluss<\/td>\n<td>ohne B\u00fcndchen<\/td>\n<\/tr>\n<tr>\n<td class=\"left\">In forma<\/td>\n<td>bequem<\/td>\n<\/tr>\n<tr>\n<td class=\"left\">Schnittform L\u00e4nge<\/td>\n<td>lang<\/td>\n<\/tr>\n<tr>\n<td class=\"left\">Beinform<\/td>\n<td>Pluderhose mit Gummizug<\/td>\n<\/tr>\n<\/tbody>\n<\/table>\n<p>&nbsp;<\/p>","protected":false},"featured_media":82965,"comment_status":"open","ping_status":"closed","template":"","meta":{"_seopress_robots_primary_cat":"","_seopress_titles_title":"","_seopress_titles_desc":"","_seopress_robots_index":""},"product_brand":[],"product_cat":[1348,1578],"product_tag":[],"class_list":{"0":"post-82807","1":"product","2":"type-product","3":"status-publish","4":"has-post-thumbnail","6":"product_cat-damen-mode","7":"product_cat-sets-damen-mode","8":"product_shipping_class-standard-versand","10":"first","11":"instock","12":"sale","13":"taxable","14":"shipping-taxable","15":"purchasable","16":"product-type-simple"},"_links":{"self":[{"href":"https:\/\/www.soanam.de\/it\/wp-json\/wp\/v2\/product\/82807","targetHints":{"allow":["GET"]}}],"collection":[{"href":"https:\/\/www.soanam.de\/it\/wp-json\/wp\/v2\/product"}],"about":[{"href":"https:\/\/www.soanam.de\/it\/wp-json\/wp\/v2\/types\/product"}],"replies":[{"embeddable":true,"href":"https:\/\/www.soanam.de\/it\/wp-json\/wp\/v2\/comments?post=82807"}],"wp:featuredmedia":[{"embeddable":true,"href":"https:\/\/www.soanam.de\/it\/wp-json\/wp\/v2\/media\/82965"}],"wp:attachment":[{"href":"https:\/\/www.soanam.de\/it\/wp-json\/wp\/v2\/media?parent=82807"}],"wp:term":[{"taxonomy":"product_brand","embeddable":true,"href":"https:\/\/www.soanam.de\/it\/wp-json\/wp\/v2\/product_brand?post=82807"},{"taxonomy":"product_cat","embeddable":true,"href":"https:\/\/www.soanam.de\/it\/wp-json\/wp\/v2\/product_cat?post=82807"},{"taxonomy":"product_tag","embeddable":true,"href":"https:\/\/www.soanam.de\/it\/wp-json\/wp\/v2\/product_tag?post=82807"}],"curies":[{"name":"wp","href":"https:\/\/api.w.org\/{rel}","templated":true}]}}