{"id":82789,"date":"2023-12-14T03:07:08","date_gmt":"2023-12-14T02:07:08","guid":{"rendered":"https:\/\/www.soanam.de\/?post_type=product&#038;p=82789"},"modified":"2023-12-14T21:10:15","modified_gmt":"2023-12-14T20:10:15","slug":"bodyformer-sottoveste-con-spalline-regolabili-in-nero-taglia-s","status":"publish","type":"product","link":"https:\/\/www.soanam.de\/it\/produkt\/unterkleid-bodyformer-mit-verstellbaren-traegern-in-schwarz-gr-s\/","title":{"rendered":"Sottoveste, body shaper con spalline regolabili, in nero, taglia S"},"content":{"rendered":"<p>Abito sagomato con un motivo sottile<br \/>\nCinghie regolabili e rimovibili<br \/>\nOpaco<br \/>\nMini<br \/>\nSottile motivo a onde<\/p>\n<div><span style=\"font-family: Arial;\">Sottoveste modellante con bretelle regolabili<\/span><\/div>\n<div><span style=\"font-family: Arial;\">Come un piccolo miracolo! L'abito modellante si adatta perfettamente alle curve femminili e crea una silhouette pi\u00f9 snella. Si prende cura delle piccole aree problematiche su pancia, vita, sedere e cosce e le modella delicatamente.<\/span><\/div>\n<div><span style=\"font-family: Arial;\">Le spalline regolabili assicurano un elevato livello di comfort. L'abito aderente pu\u00f2 essere abbinato a un reggiseno imbottito per ottenere un bel d\u00e9collet\u00e9. L'abito sottoveste pu\u00f2 essere indossato, ad esempio, sotto un abito da sera aderente.<\/span><\/div>\n<p>Materiale: 83% poliammide, 17% elastan<br \/>\nIstruzioni per la cura: Lavare in lavatrice<\/p>\n<p>Colore: nero<br \/>\nMotivo: linee ondulate<br \/>\nTaglia: S<\/p>\n<p>Larghezza delle spalle: ----<br \/>\nLarghezza del petto: 63 cm<br \/>\nLunghezza delle maniche: ----<br \/>\nLunghezza totale: 64 cm senza cinghie<\/p>","protected":false},"excerpt":{"rendered":"<div><\/div>\n<div><span style=\"font-family: Arial;\">Material: Polyamid, Elasthan<\/span><\/div>\n<div><span style=\"font-family: Arial;\">Colore: nero<\/span><\/div>\n<div><span style=\"font-family: Arial;\">Motivo: linee ondulate<\/span><\/div>\n<div><span style=\"font-family: Arial;\">Transparenz: blickdicht<\/span><\/div>\n<div><span style=\"font-family: Arial;\">L\u00e4nge: kurz\/mini<\/span><\/div>\n<div><span style=\"font-family: Arial;\">B\u00fcgel: ohne B\u00fcgel<\/span><\/div>\n<div><span style=\"font-family: Arial;\">Tr\u00e4ger: verstellbar<\/span><\/div>\n<div><span style=\"font-family: Arial;\">Shape Level: 1 = schwach<\/span><\/div>\n<div><span style=\"font-family: Arial;\">Pflegehinweis: Maschinenw\u00e4sche 40\u00b0C<\/span><\/div>\n<table class=\"dv_characteristicsTable\">\n<tbody>\n<tr>\n<td class=\"left\"><\/td>\n<td><\/td>\n<\/tr>\n<tr>\n<td class=\"left\"><\/td>\n<td><\/td>\n<\/tr>\n<\/tbody>\n<\/table>","protected":false},"featured_media":82890,"comment_status":"open","ping_status":"closed","template":"","meta":{"_seopress_robots_primary_cat":"","_seopress_titles_title":"","_seopress_titles_desc":"","_seopress_robots_index":""},"product_brand":[],"product_cat":[1348,1444,1720],"product_tag":[],"class_list":{"0":"post-82789","1":"product","2":"type-product","3":"status-publish","4":"has-post-thumbnail","6":"product_cat-damen-mode","7":"product_cat-unterwaesche","8":"product_cat-unterkleider","9":"product_shipping_class-standard-versand","11":"first","12":"instock","13":"sale","14":"taxable","15":"shipping-taxable","16":"purchasable","17":"product-type-simple"},"_links":{"self":[{"href":"https:\/\/www.soanam.de\/it\/wp-json\/wp\/v2\/product\/82789","targetHints":{"allow":["GET"]}}],"collection":[{"href":"https:\/\/www.soanam.de\/it\/wp-json\/wp\/v2\/product"}],"about":[{"href":"https:\/\/www.soanam.de\/it\/wp-json\/wp\/v2\/types\/product"}],"replies":[{"embeddable":true,"href":"https:\/\/www.soanam.de\/it\/wp-json\/wp\/v2\/comments?post=82789"}],"wp:featuredmedia":[{"embeddable":true,"href":"https:\/\/www.soanam.de\/it\/wp-json\/wp\/v2\/media\/82890"}],"wp:attachment":[{"href":"https:\/\/www.soanam.de\/it\/wp-json\/wp\/v2\/media?parent=82789"}],"wp:term":[{"taxonomy":"product_brand","embeddable":true,"href":"https:\/\/www.soanam.de\/it\/wp-json\/wp\/v2\/product_brand?post=82789"},{"taxonomy":"product_cat","embeddable":true,"href":"https:\/\/www.soanam.de\/it\/wp-json\/wp\/v2\/product_cat?post=82789"},{"taxonomy":"product_tag","embeddable":true,"href":"https:\/\/www.soanam.de\/it\/wp-json\/wp\/v2\/product_tag?post=82789"}],"curies":[{"name":"wp","href":"https:\/\/api.w.org\/{rel}","templated":true}]}}