{"id":82782,"date":"2023-12-14T03:06:34","date_gmt":"2023-12-14T02:06:34","guid":{"rendered":"https:\/\/www.soanam.de\/?post_type=product&#038;p=82782"},"modified":"2023-12-14T21:09:45","modified_gmt":"2023-12-14T20:09:45","slug":"s-oliver-strandkleid-mit-knotendetail-im-ruecken-in-khaki-gr-36","status":"publish","type":"product","link":"https:\/\/www.soanam.de\/it\/produkt\/s-oliver-strandkleid-mit-knotendetail-im-ruecken-in-khaki-gr-36\/","title":{"rendered":"Abito da spiaggia s.Oliver con nodo sul retro, color kaki, taglia 36"},"content":{"rendered":"<p>Strandkleid von s.Oliver<br \/>\nBreite Tr\u00e4ger<br \/>\nHinten B\u00e4nder zum Knoten im R\u00fccken<br \/>\nVita elastica<br \/>\nScollo rotondo<br \/>\nWeiche Viskosequalit\u00e4t<\/p>\n<p>Hier versteckt sich das Highlight auf der R\u00fcckseite.<br \/>\nBei diesem Strandkleid von s.Oliver sorgen die B\u00e4nder zum Binden hinten am R\u00fccken f\u00fcr einen Wow-Effekt.<br \/>\nDer Rockteil f\u00e4llt leicht ausgestellt nach unten und gibt dir viel Bewegungsfreiheit.<br \/>\nF\u00fcr warme Sommertage ist das weiche Viskosematerial wie geschaffen. Es f\u00fchlt sich superleicht und trageangenehm auf deiner Haut an.<\/p>\n<p>Materiale: viscosa 100%<br \/>\nIstruzioni per la cura: Lavare in lavatrice<\/p>\n<p>Colore: kaki<br \/>\nModello: senza<br \/>\nDimensione: 36<\/p>\n<p>Larghezza della spalla: 35 cm<br \/>\nLarghezza del petto: 96 cm<br \/>\nLunghezza delle maniche: ----<br \/>\nLunghezza totale: 107 cm<\/p>","protected":false},"excerpt":{"rendered":"<table class=\"dv_characteristicsTable\">\n<tbody>\n<tr>\n<td class=\"left\">Dimensione<\/td>\n<td>36<\/td>\n<\/tr>\n<tr>\n<td class=\"left\">Gr\u00f6\u00dfentyp<\/td>\n<td>Normalgr\u00f6\u00dfen<\/td>\n<\/tr>\n<tr>\n<td class=\"left\">Composizione del materiale<\/td>\n<td>Viskose<\/td>\n<\/tr>\n<tr>\n<td class=\"left\">Istruzioni per la cura<\/td>\n<td>Lavaggio in lavatrice<\/td>\n<\/tr>\n<tr>\n<td class=\"left\">Materialeigenschaften<\/td>\n<td>nicht elastisch<\/td>\n<\/tr>\n<tr>\n<td class=\"left\"><\/td>\n<td><\/td>\n<\/tr>\n<tr>\n<td class=\"left\">Optik<\/td>\n<td>flie\u00dfend<\/td>\n<\/tr>\n<tr>\n<td class=\"left\">Stil<\/td>\n<td>modisch<\/td>\n<\/tr>\n<tr>\n<td class=\"left\">Ausschnitt<\/td>\n<td>Rundhals<\/td>\n<\/tr>\n<tr>\n<td class=\"left\">\u00c4rmel<\/td>\n<td>ohne Arm<\/td>\n<\/tr>\n<tr>\n<td class=\"left\">In forma<\/td>\n<td>figurbetont<\/td>\n<\/tr>\n<tr>\n<td class=\"left\">L\u00e4nge<\/td>\n<td>mini<\/td>\n<\/tr>\n<tr>\n<td class=\"left\">Colore<\/td>\n<td>khaki<\/td>\n<\/tr>\n<tr>\n<td class=\"left\">Merkmal<\/td>\n<td>Knoten<\/td>\n<\/tr>\n<tr>\n<td class=\"left\"><\/td>\n<td><\/td>\n<\/tr>\n<tr>\n<td class=\"left\"><\/td>\n<td><\/td>\n<\/tr>\n<\/tbody>\n<\/table>","protected":false},"featured_media":82883,"comment_status":"open","ping_status":"closed","template":"","meta":{"_seopress_robots_primary_cat":"","_seopress_titles_title":"","_seopress_titles_desc":"","_seopress_robots_index":""},"product_brand":[],"product_cat":[1348,1379,1542],"product_tag":[],"class_list":{"0":"post-82782","1":"product","2":"type-product","3":"status-publish","4":"has-post-thumbnail","6":"product_cat-damen-mode","7":"product_cat-kleider","8":"product_cat-traegerkleider","9":"product_shipping_class-standard-versand","11":"first","12":"instock","13":"taxable","14":"shipping-taxable","15":"purchasable","16":"product-type-simple"},"_links":{"self":[{"href":"https:\/\/www.soanam.de\/it\/wp-json\/wp\/v2\/product\/82782","targetHints":{"allow":["GET"]}}],"collection":[{"href":"https:\/\/www.soanam.de\/it\/wp-json\/wp\/v2\/product"}],"about":[{"href":"https:\/\/www.soanam.de\/it\/wp-json\/wp\/v2\/types\/product"}],"replies":[{"embeddable":true,"href":"https:\/\/www.soanam.de\/it\/wp-json\/wp\/v2\/comments?post=82782"}],"wp:featuredmedia":[{"embeddable":true,"href":"https:\/\/www.soanam.de\/it\/wp-json\/wp\/v2\/media\/82883"}],"wp:attachment":[{"href":"https:\/\/www.soanam.de\/it\/wp-json\/wp\/v2\/media?parent=82782"}],"wp:term":[{"taxonomy":"product_brand","embeddable":true,"href":"https:\/\/www.soanam.de\/it\/wp-json\/wp\/v2\/product_brand?post=82782"},{"taxonomy":"product_cat","embeddable":true,"href":"https:\/\/www.soanam.de\/it\/wp-json\/wp\/v2\/product_cat?post=82782"},{"taxonomy":"product_tag","embeddable":true,"href":"https:\/\/www.soanam.de\/it\/wp-json\/wp\/v2\/product_tag?post=82782"}],"curies":[{"name":"wp","href":"https:\/\/api.w.org\/{rel}","templated":true}]}}