{"id":82739,"date":"2023-12-14T02:35:04","date_gmt":"2023-12-14T01:35:04","guid":{"rendered":"https:\/\/www.soanam.de\/?post_type=product&#038;p=82739"},"modified":"2023-12-14T03:06:52","modified_gmt":"2023-12-14T02:06:52","slug":"sommerkleid-mit-blumendruck-in-mintgruen-gr-l","status":"publish","type":"product","link":"https:\/\/www.soanam.de\/it\/produkt\/sommerkleid-mit-blumendruck-in-mintgruen-gr-l\/","title":{"rendered":"Sommerkleid mit Blumendruck, in Mintgruen,  Gr. L"},"content":{"rendered":"<p>Abito al ginocchio in jersey di viscosa<br \/>\nScollo a V<br \/>\nManiche a giro<br \/>\nraccolto all'altezza della vita<br \/>\nCon stampa floreale<\/p>\n<p>Non vorrete pi\u00f9 togliervi questo abito perch\u00e9 \u00e8 irresistibilmente comodo.<br \/>\nL'abito \u00e8 realizzato in jersey di viscosa piacevolmente morbido.<br \/>\n\u00c8 estremamente confortevole da indossare grazie al contenuto di elastan.<br \/>\nLa vita \u00e8 sottolineata da una graziosa arricciatura.<\/p>\n<p>Colore: menta<br \/>\nMotivo: Fiori<br \/>\nMateriale: 92% viscosa, 8% elastan<br \/>\nCura: lavaggio delicato<\/p>\n<p>Brustweite: 95cm<br \/>\nTaille:\u00a0 \u00a0 \u00a0 \u00a0 \u00a0 78cm<br \/>\nLunghezza totale: 100 cm<\/p>","protected":false},"excerpt":{"rendered":"<div class=\"pdp_details__characteristics-html\">\n<table class=\"dv_characteristicsTable\">\n<tbody>\n<tr>\n<td class=\"left\">\n<div><\/div>\n<div>Material\u00a0 92% Viskose, 8% Elasthan<\/div>\n<div>Farbe\u00a0 \u00a0 \u00a0 \u00a0mint<\/div>\n<div>Groesse\u00a0 L<\/div>\n<div>Optik\u00a0 \u00a0 \u00a0 \u00a0 gebluemt<\/div>\n<div>Merkmal\u00a0 in Taillenhoehe gerafft<\/div>\n<\/td>\n<td><\/td>\n<\/tr>\n<tr>\n<td class=\"left\"><\/td>\n<td><\/td>\n<\/tr>\n<tr>\n<td class=\"left\"><\/td>\n<td><\/td>\n<\/tr>\n<\/tbody>\n<\/table>\n<\/div>","protected":false},"featured_media":82783,"comment_status":"open","ping_status":"closed","template":"","meta":{"_seopress_robots_primary_cat":"","_seopress_titles_title":"","_seopress_titles_desc":"","_seopress_robots_index":""},"product_brand":[],"product_cat":[1348,1379,1620],"product_tag":[],"class_list":{"0":"post-82739","1":"product","2":"type-product","3":"status-publish","4":"has-post-thumbnail","6":"product_cat-damen-mode","7":"product_cat-kleider","8":"product_cat-jerseykleider","9":"product_shipping_class-standard-versand","11":"first","12":"instock","13":"sale","14":"taxable","15":"shipping-taxable","16":"purchasable","17":"product-type-simple"},"_links":{"self":[{"href":"https:\/\/www.soanam.de\/it\/wp-json\/wp\/v2\/product\/82739","targetHints":{"allow":["GET"]}}],"collection":[{"href":"https:\/\/www.soanam.de\/it\/wp-json\/wp\/v2\/product"}],"about":[{"href":"https:\/\/www.soanam.de\/it\/wp-json\/wp\/v2\/types\/product"}],"replies":[{"embeddable":true,"href":"https:\/\/www.soanam.de\/it\/wp-json\/wp\/v2\/comments?post=82739"}],"wp:featuredmedia":[{"embeddable":true,"href":"https:\/\/www.soanam.de\/it\/wp-json\/wp\/v2\/media\/82783"}],"wp:attachment":[{"href":"https:\/\/www.soanam.de\/it\/wp-json\/wp\/v2\/media?parent=82739"}],"wp:term":[{"taxonomy":"product_brand","embeddable":true,"href":"https:\/\/www.soanam.de\/it\/wp-json\/wp\/v2\/product_brand?post=82739"},{"taxonomy":"product_cat","embeddable":true,"href":"https:\/\/www.soanam.de\/it\/wp-json\/wp\/v2\/product_cat?post=82739"},{"taxonomy":"product_tag","embeddable":true,"href":"https:\/\/www.soanam.de\/it\/wp-json\/wp\/v2\/product_tag?post=82739"}],"curies":[{"name":"wp","href":"https:\/\/api.w.org\/{rel}","templated":true}]}}