{"id":82543,"date":"2023-12-14T02:26:43","date_gmt":"2023-12-14T01:26:43","guid":{"rendered":"https:\/\/www.soanam.de\/?post_type=product&#038;p=82543"},"modified":"2023-12-14T02:28:40","modified_gmt":"2023-12-14T01:28:40","slug":"fussgut-aktivsohlen-aktiveinlagen-2-tlg-packung-in-gruen-schwarz-gr-39-40","status":"publish","type":"product","link":"https:\/\/www.soanam.de\/it\/produkt\/fussgut-aktivsohlen-aktiveinlagen-2-tlg-packung-in-gruen-schwarz-gr-39-40\/","title":{"rendered":"Solette attive Fu\u00dfgut, solette attive in confezione da 2 pezzi, in verde-nero, misura 39\/40"},"content":{"rendered":"<p>Kein Fu\u00dfgeruch<br \/>\nKeine Schweissf\u00fcsse<br \/>\nMit Fersend\u00e4mpfung<br \/>\nTraspirante<br \/>\nLavaggio in lavatrice<\/p>\n<p>Die Schale st\u00fctzt den Fu\u00df optimal und die hochverdichtete PU-Schaum-Konstruktion wirkt sto\u00dfd\u00e4mpfend und belebend.<br \/>\nDas antistatische und atmungsaktive Material hat als Schl\u00fcsselkomponente pflanzliche Aktivkohle, die nicht nur absorbierende Eigenschaften hat, sondern auch Feuchtigkeit und damit unangenehme Ger\u00fcche eliminiert.<br \/>\nZu empfehlen in allen Schuhen f\u00fcr ein ganzt\u00e4giges stressfreies Laufen und zur Vorbeugung von Fersenschmerzen (Fersensporn), Sehnenentz\u00fcndungen und Fu\u00dfballen-Schmerzen.<br \/>\nDie Aktiv-Einlagen sind bis zu einer Gr\u00f6\u00dfe kleiner zuschneidbar, waschbar und behalten auch nach intensiver Nutzung ihre urspr\u00fcngliche Form und Wirkung.<\/p>\n<p>Material: Aktivkohle, Feinfaserpolyester<br \/>\nIstruzioni per la cura: Lavare in lavatrice<\/p>\n<p>Farbe: gruen-schwarz<br \/>\nGr\u00f6\u00dfe: 39\/40<\/p>","protected":false},"excerpt":{"rendered":"<table class=\"dv_characteristicsTable\">\n<tbody>\n<tr>\n<td class=\"left\">Dimensione<\/td>\n<td>39\/40<\/td>\n<\/tr>\n<tr>\n<td class=\"left\">Anzahl Teile<\/td>\n<td>2 tlg.<\/td>\n<\/tr>\n<tr>\n<td class=\"left\">Besondere Merkmale<\/td>\n<td>sehr bequem<\/td>\n<\/tr>\n<tr>\n<td class=\"left\">Anwendungsempfehlung<\/td>\n<td>regelm\u00e4\u00dfig anwenden<\/td>\n<\/tr>\n<tr>\n<td class=\"left\">Materiale<\/td>\n<td>Aktivkohle, Feinfaserpolyester<\/td>\n<\/tr>\n<tr>\n<td class=\"left\">Materialeigenschaften<\/td>\n<td>antibakteriell, atmungsaktiv, elastisch, geruchshemmend, waschbar<\/td>\n<\/tr>\n<tr>\n<td class=\"left\">Schuhweite<\/td>\n<td>normal<\/td>\n<\/tr>\n<tr>\n<td class=\"left\">Colore<\/td>\n<td>grau, gruen, schwarz<\/td>\n<\/tr>\n<\/tbody>\n<\/table>\n<div class=\"pdp_details__characteristics-html\"><\/div>","protected":false},"featured_media":82633,"comment_status":"open","ping_status":"closed","template":"","meta":{"_seopress_robots_primary_cat":"","_seopress_titles_title":"","_seopress_titles_desc":"","_seopress_robots_index":""},"product_brand":[],"product_cat":[1345,1348,1357,1387,1558,1559],"product_tag":[],"class_list":{"0":"post-82543","1":"product","2":"type-product","3":"status-publish","4":"has-post-thumbnail","6":"product_cat-herrenmode","7":"product_cat-damen-mode","8":"product_cat-accessoires","9":"product_cat-accessoires-herrenmode","10":"product_cat-sonstiges-accessoires","11":"product_cat-sonstiges-accessoires-herrenmode","12":"product_shipping_class-standard-versand","14":"first","15":"instock","16":"sale","17":"taxable","18":"shipping-taxable","19":"purchasable","20":"product-type-simple"},"_links":{"self":[{"href":"https:\/\/www.soanam.de\/it\/wp-json\/wp\/v2\/product\/82543","targetHints":{"allow":["GET"]}}],"collection":[{"href":"https:\/\/www.soanam.de\/it\/wp-json\/wp\/v2\/product"}],"about":[{"href":"https:\/\/www.soanam.de\/it\/wp-json\/wp\/v2\/types\/product"}],"replies":[{"embeddable":true,"href":"https:\/\/www.soanam.de\/it\/wp-json\/wp\/v2\/comments?post=82543"}],"wp:featuredmedia":[{"embeddable":true,"href":"https:\/\/www.soanam.de\/it\/wp-json\/wp\/v2\/media\/82633"}],"wp:attachment":[{"href":"https:\/\/www.soanam.de\/it\/wp-json\/wp\/v2\/media?parent=82543"}],"wp:term":[{"taxonomy":"product_brand","embeddable":true,"href":"https:\/\/www.soanam.de\/it\/wp-json\/wp\/v2\/product_brand?post=82543"},{"taxonomy":"product_cat","embeddable":true,"href":"https:\/\/www.soanam.de\/it\/wp-json\/wp\/v2\/product_cat?post=82543"},{"taxonomy":"product_tag","embeddable":true,"href":"https:\/\/www.soanam.de\/it\/wp-json\/wp\/v2\/product_tag?post=82543"}],"curies":[{"name":"wp","href":"https:\/\/api.w.org\/{rel}","templated":true}]}}