{"id":82541,"date":"2023-12-14T02:26:42","date_gmt":"2023-12-14T01:26:42","guid":{"rendered":"https:\/\/www.soanam.de\/?post_type=product&#038;p=82541"},"modified":"2023-12-14T02:28:33","modified_gmt":"2023-12-14T01:28:33","slug":"set-di-2-cuscini-morbidi-fussgut-hallux-bandage-in-beige","status":"publish","type":"product","link":"https:\/\/www.soanam.de\/it\/produkt\/fussgut-hallux-bandage-softkissen-im-2er-set-in-beige\/","title":{"rendered":"Set di 2 cuscini morbidi Fu\u00dfgut per bendaggio dell'alluce, in beige"},"content":{"rendered":"<p>Ideale per essere indossato con le scarpe<br \/>\nDimensioni personalizzate<br \/>\nPu\u00f2 essere utilizzato a destra e a sinistra<br \/>\nMolto morbido e accogliente<\/p>\n<p>Il divaricatore di dita Fu\u00dfGut \u00e8 realizzato con un gel molto morbido, delicato sulla pelle e di alta qualit\u00e0 ed \u00e8 estremamente comodo da indossare.<br \/>\nGrazie al gel molto morbido e scorrevole, si adatta perfettamente ai contorni delle dita dei piedi.<br \/>\nIl divaricatore di dita raddrizza l'alluce e pu\u00f2 prevenire punti di pressione, irritazioni cutanee e sfregamenti.<\/p>\n<p>Materiale: gel polimerico<br \/>\nIstruzioni per la cura: Lavare a mano<\/p>\n<p>Colore: beige<br \/>\nDimensioni: taglia unica<\/p>","protected":false},"excerpt":{"rendered":"<div class=\"pdp_details__characteristics-html\">\n<table class=\"dv_characteristicsTable\">\n<tbody>\n<tr>\n<td class=\"left\">Propriet\u00e0<\/td>\n<td>gelenkschonend<br \/>\nkorrigierend<br \/>\nwiederverwendbar<\/td>\n<\/tr>\n<\/tbody>\n<\/table>\n<table class=\"dv_characteristicsTable\">\n<caption>FARBE<\/caption>\n<tbody>\n<tr>\n<td class=\"left\">Colore<\/td>\n<td>natur<\/td>\n<\/tr>\n<\/tbody>\n<\/table>\n<table class=\"dv_characteristicsTable\">\n<caption>MATERIAL<\/caption>\n<tbody>\n<tr>\n<td class=\"left\">Materiale<\/td>\n<td>Gel polimerico<\/td>\n<\/tr>\n<tr>\n<td class=\"left\">Materialeigenschaften<\/td>\n<td>elastisch<\/td>\n<\/tr>\n<\/tbody>\n<\/table>\n<table class=\"dv_characteristicsTable\">\n<caption>HINWEISE<\/caption>\n<tbody>\n<tr>\n<td class=\"left\">Hinweise<\/td>\n<td>Taglia unica<br \/>\nKann f\u00fcr rechts und links verwendet werden<\/td>\n<\/tr>\n<tr>\n<td class=\"left\">Istruzioni per la cura<\/td>\n<td>Handw\u00e4sche<\/td>\n<\/tr>\n<\/tbody>\n<\/table>\n<\/div>\n<div class=\"pl_text-expander__toggle\"><\/div>","protected":false},"featured_media":82629,"comment_status":"open","ping_status":"closed","template":"","meta":{"_seopress_robots_primary_cat":"","_seopress_titles_title":"","_seopress_titles_desc":"","_seopress_robots_index":""},"product_brand":[],"product_cat":[1345,1348,1357,1387,1558,1559],"product_tag":[],"class_list":{"0":"post-82541","1":"product","2":"type-product","3":"status-publish","4":"has-post-thumbnail","6":"product_cat-herrenmode","7":"product_cat-damen-mode","8":"product_cat-accessoires","9":"product_cat-accessoires-herrenmode","10":"product_cat-sonstiges-accessoires","11":"product_cat-sonstiges-accessoires-herrenmode","12":"product_shipping_class-standard-versand","14":"first","15":"instock","16":"sale","17":"taxable","18":"shipping-taxable","19":"purchasable","20":"product-type-simple"},"_links":{"self":[{"href":"https:\/\/www.soanam.de\/it\/wp-json\/wp\/v2\/product\/82541","targetHints":{"allow":["GET"]}}],"collection":[{"href":"https:\/\/www.soanam.de\/it\/wp-json\/wp\/v2\/product"}],"about":[{"href":"https:\/\/www.soanam.de\/it\/wp-json\/wp\/v2\/types\/product"}],"replies":[{"embeddable":true,"href":"https:\/\/www.soanam.de\/it\/wp-json\/wp\/v2\/comments?post=82541"}],"wp:featuredmedia":[{"embeddable":true,"href":"https:\/\/www.soanam.de\/it\/wp-json\/wp\/v2\/media\/82629"}],"wp:attachment":[{"href":"https:\/\/www.soanam.de\/it\/wp-json\/wp\/v2\/media?parent=82541"}],"wp:term":[{"taxonomy":"product_brand","embeddable":true,"href":"https:\/\/www.soanam.de\/it\/wp-json\/wp\/v2\/product_brand?post=82541"},{"taxonomy":"product_cat","embeddable":true,"href":"https:\/\/www.soanam.de\/it\/wp-json\/wp\/v2\/product_cat?post=82541"},{"taxonomy":"product_tag","embeddable":true,"href":"https:\/\/www.soanam.de\/it\/wp-json\/wp\/v2\/product_tag?post=82541"}],"curies":[{"name":"wp","href":"https:\/\/api.w.org\/{rel}","templated":true}]}}