{"id":82486,"date":"2023-12-14T02:25:46","date_gmt":"2023-12-14T01:25:46","guid":{"rendered":"https:\/\/www.soanam.de\/?post_type=product&#038;p=82486"},"modified":"2023-12-14T02:26:25","modified_gmt":"2023-12-14T01:26:25","slug":"my-home-gardine-dimona-2-stk-mit-kraeuselband-in-weiss-rose-groesse-140cmx145cm","status":"publish","type":"product","link":"https:\/\/www.soanam.de\/it\/produkt\/my-home-gardine-dimona-2-stk-mit-kraeuselband-in-weiss-rose-groesse-140cmx145cm\/","title":{"rendered":"my home Gardine Dimona, 2 Stk, mit Kr\u00e4uselband, in Wei\u00df-Rose, Gr\u00f6\u00dfe 140cmx145cm"},"content":{"rendered":"<p>Tessuto trasparente<br \/>\nEinseitig bedruckt mit Wellenmotiv<br \/>\nVero voile<br \/>\nQualit\u00e0 leggera, solo 50 g\/m\u00b2<\/p>\n<p>Sehenswert und trendig durch den modischen Wellendruck, ist die moderne Gardine Dimona im 2er-Set von Marke my home.<br \/>\nCome un vero e proprio voile, il tessuto trasparente lascia passare la luce del giorno e guadagna punti con la sua qualit\u00e0 leggera e il suo drappeggio ampio.<br \/>\nDi facile manutenzione, \u00e8 lavabile in lavatrice con ciclo delicato e pu\u00f2 essere appeso al binario della tenda in pochissimo tempo.<\/p>\n<p>Materiale: materiale della tomaia: poliestere 100%<br \/>\nIstruzioni per la cura: Lavaggio delicato<\/p>\n<p>Farbe: wei\u00df-rose<br \/>\nMotivo: Onde<br \/>\nDimensioni: larghezza 140 cm x lunghezza 145 cm<br \/>\nNota: le dimensioni indicate sono quelle del tessuto. Quando la finestra \u00e8 completamente decorata, la larghezza si riduce di circa la met\u00e0.<\/p>\n<p>Aufh\u00e4ngung mittels Gardinenr\u00f6llchen (nicht im Lieferumfang enthalten) in der Gardinenschiene.<\/p>","protected":false},"excerpt":{"rendered":"<table class=\"dv_characteristicsTable\">\n<tbody>\n<tr>\n<td class=\"left\">Gewicht<\/td>\n<td>50 g\/m\u00b2<\/td>\n<\/tr>\n<tr>\n<td class=\"left\">Breite<\/td>\n<td>140 cm<\/td>\n<\/tr>\n<tr>\n<td class=\"left\">H\u00f6he<\/td>\n<td>145 cm<\/td>\n<\/tr>\n<\/tbody>\n<\/table>\n<table class=\"dv_characteristicsTable\">\n<tbody>\n<tr>\n<td class=\"left\">Aufh\u00e4ngung<\/td>\n<td>Kr\u00e4uselband<\/td>\n<\/tr>\n<\/tbody>\n<\/table>\n<table class=\"dv_characteristicsTable\">\n<tbody>\n<tr>\n<td class=\"left\">Colore<\/td>\n<td>wei\u00df-rose<\/td>\n<\/tr>\n<tr>\n<td class=\"left\">Transparenz<\/td>\n<td>transparent<\/td>\n<\/tr>\n<tr>\n<td class=\"left\">Oberfl\u00e4chenstruktur<\/td>\n<td>glatt<\/td>\n<\/tr>\n<tr>\n<td class=\"left\">Design<\/td>\n<td>Wellen<br \/>\nMotiv einseitig<\/td>\n<\/tr>\n<tr>\n<td class=\"left\">Designerstellungsart<\/td>\n<td>bedruckt<\/td>\n<\/tr>\n<\/tbody>\n<\/table>\n<table class=\"dv_characteristicsTable\">\n<tbody>\n<tr>\n<td class=\"left\">Materialart<\/td>\n<td>Voile<\/td>\n<\/tr>\n<tr>\n<td class=\"left\">Composizione del materiale<\/td>\n<td>Obermaterial: 100% Polyester<\/td>\n<\/tr>\n<tr>\n<td class=\"left\">Materiale<\/td>\n<td>Poliestere<\/td>\n<\/tr>\n<tr>\n<td class=\"left\">Material Aufh\u00e4ngung<\/td>\n<td>Poliestere<\/td>\n<\/tr>\n<\/tbody>\n<\/table>\n<table class=\"dv_characteristicsTable\">\n<tbody>\n<tr>\n<td class=\"left\">Anzahl Teile<\/td>\n<td>2 St.<\/td>\n<\/tr>\n<\/tbody>\n<\/table>\n<table class=\"dv_characteristicsTable\">\n<tbody>\n<tr>\n<td class=\"left\">Istruzioni per la cura<\/td>\n<td>30\u00b0C Schonw\u00e4sche<\/td>\n<\/tr>\n<\/tbody>\n<\/table>","protected":false},"featured_media":82526,"comment_status":"open","ping_status":"closed","template":"","meta":{"_seopress_robots_primary_cat":"","_seopress_titles_title":"","_seopress_titles_desc":"","_seopress_robots_index":""},"product_brand":[],"product_cat":[1400,1420],"product_tag":[],"class_list":{"0":"post-82486","1":"product","2":"type-product","3":"status-publish","4":"has-post-thumbnail","6":"product_cat-wohnzubehoer","7":"product_cat-wohndekoration","8":"product_shipping_class-standard-versand","10":"first","11":"instock","12":"sale","13":"taxable","14":"shipping-taxable","15":"purchasable","16":"product-type-simple"},"_links":{"self":[{"href":"https:\/\/www.soanam.de\/it\/wp-json\/wp\/v2\/product\/82486","targetHints":{"allow":["GET"]}}],"collection":[{"href":"https:\/\/www.soanam.de\/it\/wp-json\/wp\/v2\/product"}],"about":[{"href":"https:\/\/www.soanam.de\/it\/wp-json\/wp\/v2\/types\/product"}],"replies":[{"embeddable":true,"href":"https:\/\/www.soanam.de\/it\/wp-json\/wp\/v2\/comments?post=82486"}],"wp:featuredmedia":[{"embeddable":true,"href":"https:\/\/www.soanam.de\/it\/wp-json\/wp\/v2\/media\/82526"}],"wp:attachment":[{"href":"https:\/\/www.soanam.de\/it\/wp-json\/wp\/v2\/media?parent=82486"}],"wp:term":[{"taxonomy":"product_brand","embeddable":true,"href":"https:\/\/www.soanam.de\/it\/wp-json\/wp\/v2\/product_brand?post=82486"},{"taxonomy":"product_cat","embeddable":true,"href":"https:\/\/www.soanam.de\/it\/wp-json\/wp\/v2\/product_cat?post=82486"},{"taxonomy":"product_tag","embeddable":true,"href":"https:\/\/www.soanam.de\/it\/wp-json\/wp\/v2\/product_tag?post=82486"}],"curies":[{"name":"wp","href":"https:\/\/api.w.org\/{rel}","templated":true}]}}