{"id":82374,"date":"2023-12-14T02:22:59","date_gmt":"2023-12-14T01:22:59","guid":{"rendered":"https:\/\/www.soanam.de\/?post_type=product&#038;p=82374"},"modified":"2023-12-14T02:24:57","modified_gmt":"2023-12-14T01:24:57","slug":"my-home-curtain-ari-1-pezzo-con-nastro-multifunzionale-bianco-dimensioni-140cmx295cm","status":"publish","type":"product","link":"https:\/\/www.soanam.de\/it\/produkt\/my-home-gardine-ari-1-stk-mit-multifunktionsband-weiss-groesse-140cmx295cm\/","title":{"rendered":"tenda my home Ari, 1 pezzo, con nastro multifunzionale, bianco, dimensioni 140cmx295cm"},"content":{"rendered":"<p>Tessuto semitrasparente<br \/>\nQualit\u00e0 molto leggera<br \/>\nSuperficie liscia<br \/>\nFacile da pulire<br \/>\nLavabile a 30 gradi, ciclo delicato<\/p>\n<p>Il tessuto leggero della tenda my home Ari cade delicatamente e crea un look complessivo senza tempo grazie al suo design elegante e semplice.<br \/>\nLa superficie \u00e8 liscia e in tinta unita, per cui la sciarpa per tende pu\u00f2 essere integrata in quasi tutti gli ambienti, sia moderni che arredati in modo classico.<br \/>\nUn altro vantaggio \u00e8 la facilit\u00e0 di manutenzione del materiale utilizzato. La tenda pu\u00f2 essere lavata in lavatrice fino a 30 \u00b0C senza problemi.<br \/>\nGrazie al tessuto traslucido, la luce del giorno penetra nell'ambiente e lo fa apparire accogliente e aperto.<\/p>\n<p>Materiale: materiale della tomaia: poliestere 100%<br \/>\nIstruzioni per la cura: Lavaggio delicato<\/p>\n<p>Colore: bianco<br \/>\nModello: senza<br \/>\nDimensioni: larghezza 140 cm x lunghezza 295 cm<br \/>\nNota: le dimensioni indicate sono quelle del tessuto. Quando la finestra \u00e8 completamente decorata, la larghezza si riduce di circa la met\u00e0.<\/p>\n<p>Tipo di installazione 1: Sospensione mediante rulli per tende (non inclusi) nel binario per tende.<\/p>\n<p>Tipo di installazione 2: Sospensione tramite anelli nascosti sul palo della tenda.<\/p>","protected":false},"excerpt":{"rendered":"<table class=\"dv_characteristicsTable\">\n<tbody>\n<tr>\n<td class=\"left\">Gewicht<\/td>\n<td>52 g\/m\u00b2<\/td>\n<\/tr>\n<tr>\n<td class=\"left\">Breite<\/td>\n<td>140 cm<\/td>\n<\/tr>\n<tr>\n<td class=\"left\">H\u00f6he<\/td>\n<td>295 cm<\/td>\n<\/tr>\n<\/tbody>\n<\/table>\n<table class=\"dv_characteristicsTable\">\n<tbody>\n<tr>\n<td class=\"left\">Aufh\u00e4ngung<\/td>\n<td>Multifunktionsband<\/td>\n<\/tr>\n<\/tbody>\n<\/table>\n<table class=\"dv_characteristicsTable\">\n<tbody>\n<tr>\n<td class=\"left\">Colore<\/td>\n<td>wei\u00df<\/td>\n<\/tr>\n<tr>\n<td class=\"left\">Transparenz<\/td>\n<td>halbtransparent<\/td>\n<\/tr>\n<tr>\n<td class=\"left\">Oberfl\u00e4chenstruktur<\/td>\n<td>glatt<\/td>\n<\/tr>\n<tr>\n<td class=\"left\">Design<\/td>\n<td>unifarben<\/td>\n<\/tr>\n<\/tbody>\n<\/table>\n<table class=\"dv_characteristicsTable\">\n<tbody>\n<tr>\n<td class=\"left\">Materialart<\/td>\n<td>Voile<\/td>\n<\/tr>\n<tr>\n<td class=\"left\">Composizione del materiale<\/td>\n<td>Obermaterial: 100% Polyester<\/td>\n<\/tr>\n<tr>\n<td class=\"left\">Materiale<\/td>\n<td>Poliestere<\/td>\n<\/tr>\n<\/tbody>\n<\/table>\n<table class=\"dv_characteristicsTable\">\n<tbody>\n<tr>\n<td class=\"left\">Anzahl Teile<\/td>\n<td>1 St.<\/td>\n<\/tr>\n<\/tbody>\n<\/table>\n<table class=\"dv_characteristicsTable\">\n<tbody>\n<tr>\n<td class=\"left\">Istruzioni per la cura<\/td>\n<td>30\u00b0C Schonw\u00e4sche<\/td>\n<\/tr>\n<\/tbody>\n<\/table>","protected":false},"featured_media":82458,"comment_status":"open","ping_status":"closed","template":"","meta":{"_seopress_robots_primary_cat":"","_seopress_titles_title":"","_seopress_titles_desc":"","_seopress_robots_index":""},"product_brand":[],"product_cat":[1400,1420],"product_tag":[],"class_list":{"0":"post-82374","1":"product","2":"type-product","3":"status-publish","4":"has-post-thumbnail","6":"product_cat-wohnzubehoer","7":"product_cat-wohndekoration","8":"product_shipping_class-standard-versand","10":"first","11":"instock","12":"sale","13":"taxable","14":"shipping-taxable","15":"purchasable","16":"product-type-simple"},"_links":{"self":[{"href":"https:\/\/www.soanam.de\/it\/wp-json\/wp\/v2\/product\/82374","targetHints":{"allow":["GET"]}}],"collection":[{"href":"https:\/\/www.soanam.de\/it\/wp-json\/wp\/v2\/product"}],"about":[{"href":"https:\/\/www.soanam.de\/it\/wp-json\/wp\/v2\/types\/product"}],"replies":[{"embeddable":true,"href":"https:\/\/www.soanam.de\/it\/wp-json\/wp\/v2\/comments?post=82374"}],"wp:featuredmedia":[{"embeddable":true,"href":"https:\/\/www.soanam.de\/it\/wp-json\/wp\/v2\/media\/82458"}],"wp:attachment":[{"href":"https:\/\/www.soanam.de\/it\/wp-json\/wp\/v2\/media?parent=82374"}],"wp:term":[{"taxonomy":"product_brand","embeddable":true,"href":"https:\/\/www.soanam.de\/it\/wp-json\/wp\/v2\/product_brand?post=82374"},{"taxonomy":"product_cat","embeddable":true,"href":"https:\/\/www.soanam.de\/it\/wp-json\/wp\/v2\/product_cat?post=82374"},{"taxonomy":"product_tag","embeddable":true,"href":"https:\/\/www.soanam.de\/it\/wp-json\/wp\/v2\/product_tag?post=82374"}],"curies":[{"name":"wp","href":"https:\/\/api.w.org\/{rel}","templated":true}]}}