{"id":82350,"date":"2023-12-14T02:22:30","date_gmt":"2023-12-14T01:22:30","guid":{"rendered":"https:\/\/www.soanam.de\/?post_type=product&#038;p=82350"},"modified":"2023-12-14T02:24:49","modified_gmt":"2023-12-14T01:24:49","slug":"my-home-raffrollo-cellino-1-stk-mit-klettband-weiss-groesse-80cmx140cm","status":"publish","type":"product","link":"https:\/\/www.soanam.de\/it\/produkt\/my-home-raffrollo-cellino-1-stk-mit-klettband-weiss-groesse-80cmx140cm\/","title":{"rendered":"my home Raffrollo Cellino, 1 Stk, mit Klettband, Wei\u00df, Gr\u00f6\u00dfe 80cmx140cm"},"content":{"rendered":"<p>Tessuto trasparente<br \/>\nKlassische Jacquard-Maschenware<br \/>\nQualit\u00e0 leggera<br \/>\nNetzoptik<br \/>\ngrobe Struktur<\/p>\n<p>Das elegante Raffrollo Cellino von my home zaubert mit seinem dezenten Schlingenmotiv frische Akzente.<br \/>\nDie unifarbene, gemusterte Jacquard-Wirkware in grober Netzoptik bietet einen leichten Sicht- und Sonnenschutz.<br \/>\nDurch den transparenten Stoff bringt das sch\u00f6ne Rollo eine helle, freundliche Atmosph\u00e4re in jeden Raum, der durch die leichte Qualit\u00e4t des Polyestermaterials unterstrichen wird.<br \/>\nDas dekorative Wohnaccessoire ist auf jeder beliebigen H\u00f6he feststellbar und endet mit einem geraden Abschluss.<\/p>\n<p>Montageart 1: Mittels Klettband kann das Raffrollo direkt am Fensterrahmen (nur Kunststoffrahmen) aufgeh\u00e4ngt werden.<\/p>\n<p>Montageart 2: Aufh\u00e4ngung mittels Gardinenr\u00f6llchen (nicht im Lieferumfang enthalten) in der Gardinenschiene.<\/p>\n<p>Die Raffung erfolgt mittels seitlicher Zugschn\u00fcre und kann auf jeder beliebigen H\u00f6he festgestellt werden. Hierzu wird ein Schnurfeststeller mit Schraube und D\u00fcbel in der Wand montiert.<\/p>\n<p>Materiale: materiale della tomaia: poliestere 100%<br \/>\nIstruzioni per la cura: Lavaggio delicato<\/p>\n<p>Colore: bianco<br \/>\nMuster: Linien<br \/>\nGr\u00f6\u00dfe: Breite 80cm x L\u00e4nge 140cm<br \/>\nNota: le dimensioni indicate sono quelle del tessuto.<\/p>","protected":false},"excerpt":{"rendered":"<table class=\"dv_characteristicsTable\">\n<tbody>\n<tr>\n<td class=\"left\">Aufh\u00e4ngung<\/td>\n<td>Klettband<\/td>\n<\/tr>\n<tr>\n<td class=\"left\">Raffm\u00f6glichkeiten<\/td>\n<td>Zugschnur wahlweise<\/td>\n<\/tr>\n<tr>\n<td class=\"left\">Abschluss<\/td>\n<td>gerader Abschluss<\/td>\n<\/tr>\n<\/tbody>\n<\/table>\n<table class=\"dv_characteristicsTable\">\n<tbody>\n<tr>\n<td class=\"left\">Colore<\/td>\n<td>wei\u00df<\/td>\n<\/tr>\n<tr>\n<td class=\"left\">Transparenz<\/td>\n<td>transparent<\/td>\n<\/tr>\n<tr>\n<td class=\"left\">Oberfl\u00e4chenstruktur<\/td>\n<td>strukturiert<\/td>\n<\/tr>\n<tr>\n<td class=\"left\">Design<\/td>\n<td>unifarben<br \/>\nMotiv<br \/>\ngemustert<\/td>\n<\/tr>\n<tr>\n<td class=\"left\">Motiv<\/td>\n<td>Linien<\/td>\n<\/tr>\n<\/tbody>\n<\/table>\n<table class=\"dv_characteristicsTable\">\n<tbody>\n<tr>\n<td class=\"left\">Composizione del materiale<\/td>\n<td>Obermaterial: 100% Polyester<\/td>\n<\/tr>\n<\/tbody>\n<\/table>\n<table class=\"dv_characteristicsTable\">\n<tbody>\n<tr>\n<td class=\"left\">Breite<\/td>\n<td>80 cm<\/td>\n<\/tr>\n<tr>\n<td class=\"left\">H\u00f6he<\/td>\n<td>140 cm<\/td>\n<\/tr>\n<\/tbody>\n<\/table>\n<table class=\"dv_characteristicsTable\">\n<tbody>\n<tr>\n<td class=\"left\">Materialart<\/td>\n<td>Jacquard<\/td>\n<\/tr>\n<\/tbody>\n<\/table>\n<table class=\"dv_characteristicsTable\">\n<tbody>\n<tr>\n<td class=\"left\">Gewicht<\/td>\n<td>70 g\/m\u00b2<\/td>\n<\/tr>\n<\/tbody>\n<\/table>\n<table class=\"dv_characteristicsTable\">\n<tbody>\n<tr>\n<td class=\"left\">Anzahl Teile<\/td>\n<td>1 St.<\/td>\n<\/tr>\n<tr>\n<td class=\"left\">Ambito di consegna<\/td>\n<td>Montageanleitung<br \/>\nBefestigungszubeh\u00f6r<br \/>\nBeschwerungsstange<\/td>\n<\/tr>\n<\/tbody>\n<\/table>\n<table class=\"dv_characteristicsTable\">\n<tbody>\n<tr>\n<td class=\"left\">Istruzioni per la cura<\/td>\n<td>30\u00b0C Schonw\u00e4sche<\/td>\n<\/tr>\n<\/tbody>\n<\/table>","protected":false},"featured_media":82452,"comment_status":"open","ping_status":"closed","template":"","meta":{"_seopress_robots_primary_cat":"","_seopress_titles_title":"","_seopress_titles_desc":"","_seopress_robots_index":""},"product_brand":[],"product_cat":[1400,1420],"product_tag":[],"class_list":{"0":"post-82350","1":"product","2":"type-product","3":"status-publish","4":"has-post-thumbnail","6":"product_cat-wohnzubehoer","7":"product_cat-wohndekoration","8":"product_shipping_class-standard-versand","10":"first","11":"instock","12":"sale","13":"taxable","14":"shipping-taxable","15":"purchasable","16":"product-type-simple"},"_links":{"self":[{"href":"https:\/\/www.soanam.de\/it\/wp-json\/wp\/v2\/product\/82350","targetHints":{"allow":["GET"]}}],"collection":[{"href":"https:\/\/www.soanam.de\/it\/wp-json\/wp\/v2\/product"}],"about":[{"href":"https:\/\/www.soanam.de\/it\/wp-json\/wp\/v2\/types\/product"}],"replies":[{"embeddable":true,"href":"https:\/\/www.soanam.de\/it\/wp-json\/wp\/v2\/comments?post=82350"}],"wp:featuredmedia":[{"embeddable":true,"href":"https:\/\/www.soanam.de\/it\/wp-json\/wp\/v2\/media\/82452"}],"wp:attachment":[{"href":"https:\/\/www.soanam.de\/it\/wp-json\/wp\/v2\/media?parent=82350"}],"wp:term":[{"taxonomy":"product_brand","embeddable":true,"href":"https:\/\/www.soanam.de\/it\/wp-json\/wp\/v2\/product_brand?post=82350"},{"taxonomy":"product_cat","embeddable":true,"href":"https:\/\/www.soanam.de\/it\/wp-json\/wp\/v2\/product_cat?post=82350"},{"taxonomy":"product_tag","embeddable":true,"href":"https:\/\/www.soanam.de\/it\/wp-json\/wp\/v2\/product_tag?post=82350"}],"curies":[{"name":"wp","href":"https:\/\/api.w.org\/{rel}","templated":true}]}}