{"id":82290,"date":"2023-12-14T02:21:08","date_gmt":"2023-12-14T01:21:08","guid":{"rendered":"https:\/\/www.soanam.de\/?post_type=product&#038;p=82290"},"modified":"2023-12-14T02:23:40","modified_gmt":"2023-12-14T01:23:40","slug":"alpenblitz-steppjacke-schneeglanz-in-khaki-groesse-46","status":"publish","type":"product","link":"https:\/\/www.soanam.de\/it\/produkt\/alpenblitz-steppjacke-schneeglanz-in-khaki-groesse-46\/","title":{"rendered":"ALPENBLITZ giacca trapuntata Schneeglanz, in cachi, taglia 46"},"content":{"rendered":"<p>Sportliche Jacke mit Web-Tape-Details und aufwendiger Steppung von ALPENBLITZ<br \/>\nHochwertige Optik durch matt schimmerndes Material<br \/>\nFigur umspielende Passform mit betonter Taille durch Steppungen und perfekte L\u00e4nge bis \u00fcber den Po<br \/>\nVariable regulierbare Taille durch innenliegenden Tunnelzug mit Stoppern<br \/>\nMit vielen tollen Details wie Rei\u00dfverschluss-Brusttaschen, gekn\u00f6fte gro\u00dfe Pattentaschen, Handy-Innentasche und Innen-Tape zum Tragen<\/p>\n<p>Kuschelig warme Winter Steppjacke von Alpenblitz mit raffinierten Steppungen, modischen Taschen-Details und gro\u00dfer Kapuze mit abnehmbarem Kunstfell.<br \/>\nFigur umspielender Mantel, tolle w\u00e4rmende L\u00e4nge bis \u00fcber den Po, Betonung der Taille durch gezielte Steppungen, perfekte Passform dank Taillenzugband innen.<br \/>\nW\u00e4rmende Ripparmb\u00fcndchen, Brusttaschen mit getapten Rei\u00dfverschl\u00fcssen, cooles Logo-Badge am \u00c4rmel und Saum.<br \/>\nGriffiges, elegant matt schimmerndes Gewebe, w\u00e4rmender Rippenkragen, komplett gef\u00fcttert.<\/p>\n<p>Material: Obermaterial: 100% Polyester. Fellimitat: 100% Polyacryl. Futter: 100% Polyester. Wattierung: 100% Polyester<\/p>\n<p>Istruzioni per la cura: Lavare in lavatrice<\/p>\n<p>Colore: kaki<br \/>\nModello: senza<br \/>\nDimensione: 46<\/p>\n<p>Larghezza della spalla: 47 cm<br \/>\nLarghezza del torace: 126 cm<\/p>\n<p>Lunghezza delle maniche: 65 cm<br \/>\nLunghezza totale: 93 cm<\/p>","protected":false},"excerpt":{"rendered":"<table class=\"dv_characteristicsTable\">\n<tbody>\n<tr>\n<td class=\"left\">Dimensione<\/td>\n<td>46<\/td>\n<\/tr>\n<tr>\n<td class=\"left\">Gr\u00f6\u00dfentyp<\/td>\n<td>Normalgr\u00f6\u00dfen<\/td>\n<\/tr>\n<tr>\n<td class=\"left\">Composizione del materiale<\/td>\n<td>Obermaterial: 100% Polyester. Fellimitat: 100% Polyacryl. Futter: 100% Polyester. Wattierung: 100% Polyester<\/td>\n<\/tr>\n<tr>\n<td class=\"left\">Materialart<\/td>\n<td>Web<\/td>\n<\/tr>\n<tr>\n<td class=\"left\">Materialart Innenfutter<\/td>\n<td>Web<\/td>\n<\/tr>\n<tr>\n<td class=\"left\">Istruzioni per la cura<\/td>\n<td>Lavaggio in lavatrice<\/td>\n<\/tr>\n<tr>\n<td class=\"left\">Optik<\/td>\n<td>unifarben, kontrastfarbene Details<\/td>\n<\/tr>\n<tr>\n<td class=\"left\">Stil<\/td>\n<td>sportlich<\/td>\n<\/tr>\n<tr>\n<td class=\"left\">Colore<\/td>\n<td>khaki<\/td>\n<\/tr>\n<tr>\n<td class=\"left\">Kragen<\/td>\n<td>Rippkragen<\/td>\n<\/tr>\n<tr>\n<td class=\"left\">\u00c4rmel<\/td>\n<td>Manica lunga<\/td>\n<\/tr>\n<tr>\n<td class=\"left\">\u00c4rmelabschluss<\/td>\n<td>Windstopperb\u00fcndchen<\/td>\n<\/tr>\n<tr>\n<td class=\"left\">\u00c4rmelabschlussdetails<\/td>\n<td>mit Rei\u00dfverschluss<\/td>\n<\/tr>\n<tr>\n<td class=\"left\">In forma<\/td>\n<td>figurumspielend<\/td>\n<\/tr>\n<tr>\n<td class=\"left\">Schnittform L\u00e4nge<\/td>\n<td>kniefrei<\/td>\n<\/tr>\n<tr>\n<td class=\"left\">Cappuccio<\/td>\n<td>mit Kapuze<\/td>\n<\/tr>\n<tr>\n<td class=\"left\">Kapuzendetails<\/td>\n<td>abnehmbares Fellimitat<\/td>\n<\/tr>\n<tr>\n<td class=\"left\">Kapuzenf\u00fctterung<\/td>\n<td>farblich passend<\/td>\n<\/tr>\n<tr>\n<td class=\"left\">Applikationen<\/td>\n<td>Markenlabel, Badge, Logodruck, Tunnelzug, Kontrastbes\u00e4tze<\/td>\n<\/tr>\n<tr>\n<td class=\"left\">Borse<\/td>\n<td>aufgesetzte Taschen, Brusttaschen, Handytasche<\/td>\n<\/tr>\n<tr>\n<td class=\"left\">Verschlussdetails<\/td>\n<td>verdeckt<\/td>\n<\/tr>\n<tr>\n<td class=\"left\">Besondere Merkmale<\/td>\n<td>edle Winterjacke mit Rippenstehkragen und abnehmbaren Kunstfell an der Kapuze<\/td>\n<\/tr>\n<\/tbody>\n<\/table>","protected":false},"featured_media":82404,"comment_status":"open","ping_status":"closed","template":"","meta":{"_seopress_robots_primary_cat":"","_seopress_titles_title":"","_seopress_titles_desc":"","_seopress_robots_index":""},"product_brand":[],"product_cat":[1348,1354,1375,1376],"product_tag":[],"class_list":{"0":"post-82290","1":"product","2":"type-product","3":"status-publish","4":"has-post-thumbnail","6":"product_cat-damen-mode","7":"product_cat-jacken-maentel","8":"product_cat-winterjacken","9":"product_cat-daunenjacken-steppjacken","10":"product_shipping_class-standard-versand","12":"first","13":"instock","14":"sale","15":"taxable","16":"shipping-taxable","17":"purchasable","18":"product-type-simple"},"_links":{"self":[{"href":"https:\/\/www.soanam.de\/it\/wp-json\/wp\/v2\/product\/82290","targetHints":{"allow":["GET"]}}],"collection":[{"href":"https:\/\/www.soanam.de\/it\/wp-json\/wp\/v2\/product"}],"about":[{"href":"https:\/\/www.soanam.de\/it\/wp-json\/wp\/v2\/types\/product"}],"replies":[{"embeddable":true,"href":"https:\/\/www.soanam.de\/it\/wp-json\/wp\/v2\/comments?post=82290"}],"wp:featuredmedia":[{"embeddable":true,"href":"https:\/\/www.soanam.de\/it\/wp-json\/wp\/v2\/media\/82404"}],"wp:attachment":[{"href":"https:\/\/www.soanam.de\/it\/wp-json\/wp\/v2\/media?parent=82290"}],"wp:term":[{"taxonomy":"product_brand","embeddable":true,"href":"https:\/\/www.soanam.de\/it\/wp-json\/wp\/v2\/product_brand?post=82290"},{"taxonomy":"product_cat","embeddable":true,"href":"https:\/\/www.soanam.de\/it\/wp-json\/wp\/v2\/product_cat?post=82290"},{"taxonomy":"product_tag","embeddable":true,"href":"https:\/\/www.soanam.de\/it\/wp-json\/wp\/v2\/product_tag?post=82290"}],"curies":[{"name":"wp","href":"https:\/\/api.w.org\/{rel}","templated":true}]}}