{"id":82255,"date":"2023-12-14T02:15:26","date_gmt":"2023-12-14T01:15:26","guid":{"rendered":"https:\/\/www.soanam.de\/?post_type=product&#038;p=82255"},"modified":"2023-12-14T02:23:15","modified_gmt":"2023-12-14T01:23:15","slug":"solo-giacca-trapuntata-onltasha-in-bordeaux-taglia-xxl","status":"publish","type":"product","link":"https:\/\/www.soanam.de\/it\/produkt\/only-steppjacke-onltasha-in-bordeaux-groesse-xxl\/","title":{"rendered":"Giacca trapuntata Only ONLTASHA, in Bordeaux, taglia XXL"},"content":{"rendered":"<p>Giacca trapuntata con cappuccio di ONLY<br \/>\nPelliccia rimovibile sul cappuccio<br \/>\nCon 2 tasche con zip<br \/>\nIdrorepellente e antivento<\/p>\n<p>La giacca trapuntata ha un taglio molto confortevole, con un ampio cappuccio con bordo in pelliccia staccabile, collo alto e tasche laterali a fessura con zip.<br \/>\nQuesta giacca trapuntata di Only \u00e8 anche leggera e realizzata in un tessuto confortevole.<\/p>\n<p>Materiale: poliestere 100%<br \/>\nIstruzioni per la cura: Lavare in lavatrice<\/p>\n<p>Colore: bordeaux<br \/>\nModello: senza<br \/>\nGr\u00f6\u00dfe: XXL - f\u00e4llt etwas klein aus<\/p>\n<p>Larghezza della spalla: 44 cm<br \/>\nLarghezza del petto: 120 cm<br \/>\nLunghezza delle maniche: 66 cm<br \/>\nLunghezza totale: 67 cm<\/p>","protected":false},"excerpt":{"rendered":"<table class=\"dv_characteristicsTable\">\n<tbody>\n<tr>\n<td class=\"left\">Dimensione<\/td>\n<td>XXL<\/td>\n<\/tr>\n<tr>\n<td class=\"left\">Gr\u00f6\u00dfentyp<\/td>\n<td>Normalgr\u00f6\u00dfen<\/td>\n<\/tr>\n<tr>\n<td class=\"left\">Composizione del materiale<\/td>\n<td>Obermaterial: 100% Polyester<\/td>\n<\/tr>\n<tr>\n<td class=\"left\">Istruzioni per la cura<\/td>\n<td>Lavaggio in lavatrice<\/td>\n<\/tr>\n<tr>\n<td class=\"left\">Stil<\/td>\n<td>casual<\/td>\n<\/tr>\n<tr>\n<td class=\"left\">Colore<\/td>\n<td>bordeaux<\/td>\n<\/tr>\n<tr>\n<td class=\"left\">Kragen<\/td>\n<td>Collare stand-up<\/td>\n<\/tr>\n<tr>\n<td class=\"left\">\u00c4rmel<\/td>\n<td>Manica lunga<\/td>\n<\/tr>\n<tr>\n<td class=\"left\">In forma<\/td>\n<td>gerade<\/td>\n<\/tr>\n<tr>\n<td class=\"left\">Borse<\/td>\n<td>Tasche<\/td>\n<\/tr>\n<tr>\n<td class=\"left\">Verschluss<\/td>\n<td>Chiusura a zip<\/td>\n<\/tr>\n<\/tbody>\n<\/table>","protected":false},"featured_media":82385,"comment_status":"open","ping_status":"closed","template":"","meta":{"_seopress_robots_primary_cat":"","_seopress_titles_title":"","_seopress_titles_desc":"","_seopress_robots_index":""},"product_brand":[],"product_cat":[1348,1354,1375,1376],"product_tag":[],"class_list":{"0":"post-82255","1":"product","2":"type-product","3":"status-publish","4":"has-post-thumbnail","6":"product_cat-damen-mode","7":"product_cat-jacken-maentel","8":"product_cat-winterjacken","9":"product_cat-daunenjacken-steppjacken","10":"product_shipping_class-standard-versand","12":"first","13":"instock","14":"sale","15":"taxable","16":"shipping-taxable","17":"purchasable","18":"product-type-simple"},"_links":{"self":[{"href":"https:\/\/www.soanam.de\/it\/wp-json\/wp\/v2\/product\/82255","targetHints":{"allow":["GET"]}}],"collection":[{"href":"https:\/\/www.soanam.de\/it\/wp-json\/wp\/v2\/product"}],"about":[{"href":"https:\/\/www.soanam.de\/it\/wp-json\/wp\/v2\/types\/product"}],"replies":[{"embeddable":true,"href":"https:\/\/www.soanam.de\/it\/wp-json\/wp\/v2\/comments?post=82255"}],"wp:featuredmedia":[{"embeddable":true,"href":"https:\/\/www.soanam.de\/it\/wp-json\/wp\/v2\/media\/82385"}],"wp:attachment":[{"href":"https:\/\/www.soanam.de\/it\/wp-json\/wp\/v2\/media?parent=82255"}],"wp:term":[{"taxonomy":"product_brand","embeddable":true,"href":"https:\/\/www.soanam.de\/it\/wp-json\/wp\/v2\/product_brand?post=82255"},{"taxonomy":"product_cat","embeddable":true,"href":"https:\/\/www.soanam.de\/it\/wp-json\/wp\/v2\/product_cat?post=82255"},{"taxonomy":"product_tag","embeddable":true,"href":"https:\/\/www.soanam.de\/it\/wp-json\/wp\/v2\/product_tag?post=82255"}],"curies":[{"name":"wp","href":"https:\/\/api.w.org\/{rel}","templated":true}]}}