{"id":82214,"date":"2023-12-14T02:14:33","date_gmt":"2023-12-14T01:14:33","guid":{"rendered":"https:\/\/www.soanam.de\/?post_type=product&#038;p=82214"},"modified":"2023-12-14T02:22:21","modified_gmt":"2023-12-14T01:22:21","slug":"canguri-giacca-lunga-trapuntata-in-blu-taglia-38","status":"publish","type":"product","link":"https:\/\/www.soanam.de\/it\/produkt\/kangaroos-lange-steppjacke-in-marine-groesse-38\/","title":{"rendered":"Giacca lunga trapuntata KangaROOS, in blu, taglia 38"},"content":{"rendered":"<p>Cappotto sportivo trapuntato con cappuccio di KangaROOS<br \/>\nCon imbottitura riscaldante<br \/>\nFodera in colore a contrasto<br \/>\nTaglio leggermente aderente alla figura<br \/>\nPratica zip a 2 vie e tasche laterali con chiusura a zip<br \/>\nIdeale come giacca di transizione<\/p>\n<p>Con la giacca trapuntata di KangaROOS, sarete vestiti adeguatamente quando fuori fa pi\u00f9 freddo.<br \/>\nLa zip a due vie la rende pratica quando si ha bisogno di maggiore libert\u00e0 di movimento. Il taglio della giacca trapuntata copre il sedere ed \u00e8 aderente alla figura, consentendo di mettere leggermente in risalto il corpo. Il colletto \u00e8 alto e non \u00e8 risvoltato. I piccoli oggetti possono essere riposti in modo sicuro nelle tasche con zip.<br \/>\nIl tessuto intrecciato rende la giacca molto leggera sulla pelle.<\/p>\n<p>Materiale: Materiale della tomaia: poliammide 100%<br \/>\nFodera: poliestere 100%<\/p>\n<p>Istruzioni per la cura: Lavare in lavatrice<\/p>\n<p>Colore: blu scuro<br \/>\nModello: senza<br \/>\nTaglia: 38<\/p>\n<p>Larghezza della spalla: 41 cm<br \/>\nLarghezza del torace: 103 cm<br \/>\nLunghezza delle maniche: 64 cm<br \/>\nLunghezza totale: 83 cm<\/p>","protected":false},"excerpt":{"rendered":"<table class=\"dv_characteristicsTable\">\n<tbody>\n<tr>\n<td class=\"left\">Dimensione<\/td>\n<td>38<\/td>\n<\/tr>\n<tr>\n<td class=\"left\">Gr\u00f6\u00dfentyp<\/td>\n<td>Normalgr\u00f6\u00dfen<\/td>\n<\/tr>\n<tr>\n<td class=\"left\">Composizione del materiale<\/td>\n<td>Obermaterial: 100% Polyamid. Futter: 100% Polyamid. Wattierung: 100% Polyester<\/td>\n<\/tr>\n<tr>\n<td class=\"left\">Materialart<\/td>\n<td>Web<\/td>\n<\/tr>\n<tr>\n<td class=\"left\">Istruzioni per la cura<\/td>\n<td>Lavaggio in lavatrice<\/td>\n<\/tr>\n<tr>\n<td class=\"left\">Optik<\/td>\n<td>unifarben, kontrastfarbene Details<\/td>\n<\/tr>\n<tr>\n<td class=\"left\">Stil<\/td>\n<td>casual<\/td>\n<\/tr>\n<tr>\n<td class=\"left\">Colore<\/td>\n<td>marine (Steppjacke aus nachhaltigem Material)<\/td>\n<\/tr>\n<tr>\n<td class=\"left\">Kragen<\/td>\n<td>Collare stand-up<\/td>\n<\/tr>\n<tr>\n<td class=\"left\">\u00c4rmel<\/td>\n<td>Manica lunga<\/td>\n<\/tr>\n<tr>\n<td class=\"left\">In forma<\/td>\n<td>figurbetont<\/td>\n<\/tr>\n<tr>\n<td class=\"left\">Schnittdetails<\/td>\n<td>Wiener N\u00e4hte<\/td>\n<\/tr>\n<tr>\n<td class=\"left\">Schnittform L\u00e4nge<\/td>\n<td>Po-bedeckend<\/td>\n<\/tr>\n<tr>\n<td class=\"left\">Cappuccio<\/td>\n<td>mit Kapuze<\/td>\n<\/tr>\n<tr>\n<td class=\"left\">Applikationen<\/td>\n<td>Markenlabel, Badge<\/td>\n<\/tr>\n<tr>\n<td class=\"left\">Borse<\/td>\n<td>Rei\u00dfverschlusstaschen<\/td>\n<\/tr>\n<tr>\n<td class=\"left\">Verschluss<\/td>\n<td>2-Wege-Rei\u00dfverschluss<\/td>\n<\/tr>\n<\/tbody>\n<\/table>","protected":false},"featured_media":82342,"comment_status":"open","ping_status":"closed","template":"","meta":{"_seopress_robots_primary_cat":"","_seopress_titles_title":"","_seopress_titles_desc":"","_seopress_robots_index":""},"product_brand":[],"product_cat":[1348,1354,1375,1376],"product_tag":[],"class_list":{"0":"post-82214","1":"product","2":"type-product","3":"status-publish","4":"has-post-thumbnail","6":"product_cat-damen-mode","7":"product_cat-jacken-maentel","8":"product_cat-winterjacken","9":"product_cat-daunenjacken-steppjacken","10":"product_shipping_class-standard-versand","12":"first","13":"instock","14":"sale","15":"taxable","16":"shipping-taxable","17":"purchasable","18":"product-type-simple"},"_links":{"self":[{"href":"https:\/\/www.soanam.de\/it\/wp-json\/wp\/v2\/product\/82214","targetHints":{"allow":["GET"]}}],"collection":[{"href":"https:\/\/www.soanam.de\/it\/wp-json\/wp\/v2\/product"}],"about":[{"href":"https:\/\/www.soanam.de\/it\/wp-json\/wp\/v2\/types\/product"}],"replies":[{"embeddable":true,"href":"https:\/\/www.soanam.de\/it\/wp-json\/wp\/v2\/comments?post=82214"}],"wp:featuredmedia":[{"embeddable":true,"href":"https:\/\/www.soanam.de\/it\/wp-json\/wp\/v2\/media\/82342"}],"wp:attachment":[{"href":"https:\/\/www.soanam.de\/it\/wp-json\/wp\/v2\/media?parent=82214"}],"wp:term":[{"taxonomy":"product_brand","embeddable":true,"href":"https:\/\/www.soanam.de\/it\/wp-json\/wp\/v2\/product_brand?post=82214"},{"taxonomy":"product_cat","embeddable":true,"href":"https:\/\/www.soanam.de\/it\/wp-json\/wp\/v2\/product_cat?post=82214"},{"taxonomy":"product_tag","embeddable":true,"href":"https:\/\/www.soanam.de\/it\/wp-json\/wp\/v2\/product_tag?post=82214"}],"curies":[{"name":"wp","href":"https:\/\/api.w.org\/{rel}","templated":true}]}}