{"id":82192,"date":"2023-12-14T02:14:04","date_gmt":"2023-12-14T01:14:04","guid":{"rendered":"https:\/\/www.soanam.de\/?post_type=product&#038;p=82192"},"modified":"2023-12-14T02:21:49","modified_gmt":"2023-12-14T01:21:49","slug":"giacca-trapuntata-di-g-i-g-a-dx-by-killtec-in-nero-taglia-50","status":"publish","type":"product","link":"https:\/\/www.soanam.de\/it\/produkt\/steppjacke-von-g-i-g-a-dx-by-killtec-in-schwarz-groesse-50\/","title":{"rendered":"Giacca trapuntata di G.I.G.A. DX by killtec, in nero, taglia 50"},"content":{"rendered":"<p>Giacca trapuntata da donna G.I.G.A. DX by killtec<br \/>\nAntivento, idrorepellente e traspirante<br \/>\nDue tasche laterali con zip<br \/>\nCollo alto con cappuccio regolabile<\/p>\n<p>Con la sua zip a 2 vie, la giacca trapuntata di killtec \u00e8 molto pratica quando si va in bicicletta.<br \/>\nL'ampiezza del cappuccio pu\u00f2 essere regolata con una coulisse elastica. Il colletto \u00e8 vicino al collo e si alza. Le tasche con cerniera impediscono la caduta di oggetti importanti come il portafoglio e il cellulare.<br \/>\nGrazie al materiale, la giacca mantiene la sua forma e non si sgualcisce quasi mai. La giacca \u00e8 traspirante, idrorepellente e antivento. Ci\u00f2 significa che vi terr\u00e0 al caldo anche alle temperature pi\u00f9 basse.<\/p>\n<p>Materiale: poliestere 100%<br \/>\nIstruzioni per la cura: Lavare in lavatrice<\/p>\n<p>Colore: nero<br \/>\nModello: senza<br \/>\nDimensione: 50<\/p>\n<p>Larghezza della spalla: 49 cm<br \/>\nLarghezza del petto: 138 cm<br \/>\nLunghezza delle maniche: 69 cm<br \/>\nLunghezza totale: 84 cm<\/p>\n<p>&nbsp;<\/p>\n<p>Questo nuovo articolo \u00e8 un reso del cliente senza etichetta.<\/p>","protected":false},"excerpt":{"rendered":"<table class=\"dv_characteristicsTable\">\n<tbody>\n<tr>\n<td class=\"left\">Dimensione<\/td>\n<td>50<\/td>\n<\/tr>\n<tr>\n<td class=\"left\">Gr\u00f6\u00dfentyp<\/td>\n<td>Normalgr\u00f6\u00dfen<\/td>\n<\/tr>\n<tr>\n<td class=\"left\">Composizione del materiale<\/td>\n<td>Obermaterial: 100% Polyester. Futter: 100% Polyester. Wattierung: 100% Polyester<\/td>\n<\/tr>\n<tr>\n<td class=\"left\">Materialeigenschaften<\/td>\n<td>winddicht, wasserabweisend, atmungsaktiv, w\u00e4rmend<\/td>\n<\/tr>\n<tr>\n<td class=\"left\">Istruzioni per la cura<\/td>\n<td>Lavaggio in lavatrice<\/td>\n<\/tr>\n<tr>\n<td class=\"left\">Stil<\/td>\n<td>sportlich<\/td>\n<\/tr>\n<tr>\n<td class=\"left\">Colore<\/td>\n<td>schwarz<\/td>\n<\/tr>\n<tr>\n<td class=\"left\">Kragen<\/td>\n<td>hochschlie\u00dfender Kragen<\/td>\n<\/tr>\n<tr>\n<td class=\"left\">Ausschnitt<\/td>\n<td>hoch geschlossener Ausschnitt<\/td>\n<\/tr>\n<tr>\n<td class=\"left\">\u00c4rmel<\/td>\n<td>Manica lunga<\/td>\n<\/tr>\n<tr>\n<td class=\"left\">\u00c4rmelabschlussdetails<\/td>\n<td>mit verstellbarem Klettverschluss<\/td>\n<\/tr>\n<tr>\n<td class=\"left\">Cappuccio<\/td>\n<td>mit Kapuze<\/td>\n<\/tr>\n<tr>\n<td class=\"left\">Kapuzendetails<\/td>\n<td>Kante mit Gummizug verstellbar<\/td>\n<\/tr>\n<tr>\n<td class=\"left\">Borse<\/td>\n<td>Rei\u00dfverschlusstaschen<\/td>\n<\/tr>\n<tr>\n<td class=\"left\">Verschluss<\/td>\n<td>2-Wege-Rei\u00dfverschluss<\/td>\n<\/tr>\n<tr>\n<td class=\"left\">Verschlussdetails<\/td>\n<td>mit Kinnschutz<\/td>\n<\/tr>\n<\/tbody>\n<\/table>","protected":false},"featured_media":82321,"comment_status":"open","ping_status":"closed","template":"","meta":{"_seopress_robots_primary_cat":"","_seopress_titles_title":"","_seopress_titles_desc":"","_seopress_robots_index":""},"product_brand":[],"product_cat":[1348,1354,1375,1376],"product_tag":[],"class_list":{"0":"post-82192","1":"product","2":"type-product","3":"status-publish","4":"has-post-thumbnail","6":"product_cat-damen-mode","7":"product_cat-jacken-maentel","8":"product_cat-winterjacken","9":"product_cat-daunenjacken-steppjacken","10":"product_shipping_class-standard-versand","12":"first","13":"instock","14":"sale","15":"taxable","16":"shipping-taxable","17":"purchasable","18":"product-type-simple"},"_links":{"self":[{"href":"https:\/\/www.soanam.de\/it\/wp-json\/wp\/v2\/product\/82192","targetHints":{"allow":["GET"]}}],"collection":[{"href":"https:\/\/www.soanam.de\/it\/wp-json\/wp\/v2\/product"}],"about":[{"href":"https:\/\/www.soanam.de\/it\/wp-json\/wp\/v2\/types\/product"}],"replies":[{"embeddable":true,"href":"https:\/\/www.soanam.de\/it\/wp-json\/wp\/v2\/comments?post=82192"}],"wp:featuredmedia":[{"embeddable":true,"href":"https:\/\/www.soanam.de\/it\/wp-json\/wp\/v2\/media\/82321"}],"wp:attachment":[{"href":"https:\/\/www.soanam.de\/it\/wp-json\/wp\/v2\/media?parent=82192"}],"wp:term":[{"taxonomy":"product_brand","embeddable":true,"href":"https:\/\/www.soanam.de\/it\/wp-json\/wp\/v2\/product_brand?post=82192"},{"taxonomy":"product_cat","embeddable":true,"href":"https:\/\/www.soanam.de\/it\/wp-json\/wp\/v2\/product_cat?post=82192"},{"taxonomy":"product_tag","embeddable":true,"href":"https:\/\/www.soanam.de\/it\/wp-json\/wp\/v2\/product_tag?post=82192"}],"curies":[{"name":"wp","href":"https:\/\/api.w.org\/{rel}","templated":true}]}}