{"id":82060,"date":"2023-12-14T02:11:27","date_gmt":"2023-12-14T01:11:27","guid":{"rendered":"https:\/\/www.soanam.de\/?post_type=product&#038;p=82060"},"modified":"2023-12-14T02:13:55","modified_gmt":"2023-12-14T01:13:55","slug":"cmp-zip-hood-skijacke-in-weiss-groesse-42","status":"publish","type":"product","link":"https:\/\/www.soanam.de\/it\/produkt\/cmp-zip-hood-skijacke-in-weiss-groesse-42\/","title":{"rendered":"Giacca da sci CMP Zip Hood, in bianco, taglia 42"},"content":{"rendered":"<p>Skijacke mit abnehmbarer Kapuze von CMP<br \/>\nCLIMA PROTECT\u00ae contro vento, acqua e neve<br \/>\nComfort d'uso traspirante<br \/>\nGef\u00fctterte, abnehmbare Kapuze<br \/>\nDas Kleidungsst\u00fcck ist leicht und weich<\/p>\n<p>Jacke in Unifarbe mit horizontalem Einsatz in Kontrastfarbe am Brustbereich, der eine sportliche Note im Heritage-Stil schenkt.<br \/>\nDie Technologie ClimaProtect, ein spezielles, mikropor\u00f6ses Thermolaminat zwischen den Geweben, gew\u00e4hrleistet Atmungsaktivit\u00e4t und Komplettschutz gegen Wind und Wasser (WP 10.000, MVP 10.000).<br \/>\nDie wasserabweisende Behandlung au\u00dfen hilft mit, dass Wasser und Schnee an der Au\u00dfenseite abperlen.<br \/>\nDas Modell mit Innenschicht aus Fleece wird abgerundet durch seitliche Rei\u00dfverschlusstaschen, eine wasserdichte Brusttasche, eine Skipass-Tasche am \u00c4rmel und den Kordelzug am Bund f\u00fcr ein besseres Anliegen.<\/p>\n<p>Materiale: 100 poliestere %<br \/>\nIstruzioni per la cura: Lavare in lavatrice<\/p>\n<p>Colore: bianco<br \/>\nMotivo: Strisce a contrasto<br \/>\nDimensione: 42<\/p>\n<p>Larghezza della spalla: 44 cm<br \/>\nLarghezza del petto: 110 cm<br \/>\nLunghezza delle maniche: 64 cm<br \/>\nLunghezza totale: 70 cm<\/p>","protected":false},"excerpt":{"rendered":"<table class=\"dv_characteristicsTable\">\n<tbody>\n<tr>\n<td class=\"left\">Dimensione<\/td>\n<td>42<\/td>\n<\/tr>\n<tr>\n<td class=\"left\">Gr\u00f6\u00dfentyp<\/td>\n<td>Normalgr\u00f6\u00dfen<\/td>\n<\/tr>\n<tr>\n<td class=\"left\">Composizione del materiale<\/td>\n<td>Obermaterial: 100% Polyester<\/td>\n<\/tr>\n<tr>\n<td class=\"left\">Materialart<\/td>\n<td>Teddyfleece<\/td>\n<\/tr>\n<tr>\n<td class=\"left\">Istruzioni per la cura<\/td>\n<td>Lavaggio in lavatrice<\/td>\n<\/tr>\n<tr>\n<td class=\"left\">Optik<\/td>\n<td>Outdoorjacke<\/td>\n<\/tr>\n<tr>\n<td class=\"left\">Stil<\/td>\n<td>sportlich<\/td>\n<\/tr>\n<tr>\n<td class=\"left\">Colore<\/td>\n<td>wei\u00df<\/td>\n<\/tr>\n<tr>\n<td class=\"left\">Kragen<\/td>\n<td>Collare stand-up<\/td>\n<\/tr>\n<tr>\n<td class=\"left\">\u00c4rmel<\/td>\n<td>Manica lunga<\/td>\n<\/tr>\n<tr>\n<td class=\"left\">In forma<\/td>\n<td>Basic<\/td>\n<\/tr>\n<tr>\n<td class=\"left\">Schnittform L\u00e4nge<\/td>\n<td>h\u00fcftbedeckend<\/td>\n<\/tr>\n<tr>\n<td class=\"left\">Cappuccio<\/td>\n<td>mit Kapuze<\/td>\n<\/tr>\n<tr>\n<td class=\"left\">Kapuzendetails<\/td>\n<td>Cappuccio staccabile<\/td>\n<\/tr>\n<tr>\n<td class=\"left\">Kapuzenf\u00fctterung<\/td>\n<td>Teddyfleece<\/td>\n<\/tr>\n<tr>\n<td class=\"left\">Applikationen<\/td>\n<td>Markenlabel<\/td>\n<\/tr>\n<tr>\n<td class=\"left\">Borse<\/td>\n<td>Rei\u00dfverschlusstaschen<\/td>\n<\/tr>\n<tr>\n<td class=\"left\">Verschluss<\/td>\n<td>Chiusura a zip<\/td>\n<\/tr>\n<tr>\n<td class=\"left\">Besondere Merkmale<\/td>\n<td>CLIMA PROTECT\u00ae contro vento, acqua e neve<\/td>\n<\/tr>\n<\/tbody>\n<\/table>","protected":false},"featured_media":82181,"comment_status":"open","ping_status":"closed","template":"","meta":{"_seopress_robots_primary_cat":"","_seopress_titles_title":"","_seopress_titles_desc":"","_seopress_robots_index":""},"product_brand":[],"product_cat":[1348,1354,1374],"product_tag":[],"class_list":{"0":"post-82060","1":"product","2":"type-product","3":"status-publish","4":"has-post-thumbnail","6":"product_cat-damen-mode","7":"product_cat-jacken-maentel","8":"product_cat-skijacken","9":"product_shipping_class-standard-versand","11":"first","12":"instock","13":"sale","14":"taxable","15":"shipping-taxable","16":"purchasable","17":"product-type-simple"},"_links":{"self":[{"href":"https:\/\/www.soanam.de\/it\/wp-json\/wp\/v2\/product\/82060","targetHints":{"allow":["GET"]}}],"collection":[{"href":"https:\/\/www.soanam.de\/it\/wp-json\/wp\/v2\/product"}],"about":[{"href":"https:\/\/www.soanam.de\/it\/wp-json\/wp\/v2\/types\/product"}],"replies":[{"embeddable":true,"href":"https:\/\/www.soanam.de\/it\/wp-json\/wp\/v2\/comments?post=82060"}],"wp:featuredmedia":[{"embeddable":true,"href":"https:\/\/www.soanam.de\/it\/wp-json\/wp\/v2\/media\/82181"}],"wp:attachment":[{"href":"https:\/\/www.soanam.de\/it\/wp-json\/wp\/v2\/media?parent=82060"}],"wp:term":[{"taxonomy":"product_brand","embeddable":true,"href":"https:\/\/www.soanam.de\/it\/wp-json\/wp\/v2\/product_brand?post=82060"},{"taxonomy":"product_cat","embeddable":true,"href":"https:\/\/www.soanam.de\/it\/wp-json\/wp\/v2\/product_cat?post=82060"},{"taxonomy":"product_tag","embeddable":true,"href":"https:\/\/www.soanam.de\/it\/wp-json\/wp\/v2\/product_tag?post=82060"}],"curies":[{"name":"wp","href":"https:\/\/api.w.org\/{rel}","templated":true}]}}