{"id":81996,"date":"2023-12-14T02:10:07","date_gmt":"2023-12-14T01:10:07","guid":{"rendered":"https:\/\/www.soanam.de\/?post_type=product&#038;p=81996"},"modified":"2023-12-14T02:12:15","modified_gmt":"2023-12-14T01:12:15","slug":"aniston-selected-maglia-con-collo-alto-in-bianco-nero-taglia-36","status":"publish","type":"product","link":"https:\/\/www.soanam.de\/it\/produkt\/aniston-selected-strickpullover-mit-stehkragen-in-schwarz-weiss-groesse-36\/","title":{"rendered":"Maglia Aniston SELECTED con collo alto, in bianco e nero, taglia 36"},"content":{"rendered":"<p>Feinstrickpullover Aniston SELECTED<br \/>\nMit kleinem Stehkragen und langen Raglan-\u00c4rmel<br \/>\nCon polsini a coste alla scollatura, all'orlo e alle maniche<br \/>\nTaglio casual<br \/>\nIn morbida qualit\u00e0 di maglia<\/p>\n<p>Weicher Strickpullover von Aniston Selected.<br \/>\nHighlights sind der modisch kurze Stehkragen, die l\u00e4ssig geschnittene Passform, das sch\u00f6ne graphische Muster in ansprechender Schwarz-Wei\u00df-Optik und nicht zu vergessen, der bequeme Feinstrick aus einer Viskosemischung.<\/p>\n<p>Material: 50% Viskose, 26% Polyamid, 24% Polyester<br \/>\nIstruzioni per la cura: Lavare in lavatrice<\/p>\n<p>Colore: bianco e nero<br \/>\nMotivo: grafica<br \/>\nDimensione: 36<\/p>\n<p>Schulterbreite: 505cm<br \/>\nLarghezza del petto: 100 cm<br \/>\nLunghezza delle maniche: 48 cm<br \/>\nLunghezza totale: 66 cm<\/p>\n<p>Questo nuovo articolo \u00e8 un reso del cliente senza etichetta.<\/p>","protected":false},"excerpt":{"rendered":"<table class=\"dv_characteristicsTable\">\n<tbody>\n<tr>\n<td class=\"left\">Dimensione<\/td>\n<td>36<\/td>\n<\/tr>\n<tr>\n<td class=\"left\">Gr\u00f6\u00dfentyp<\/td>\n<td>Normalgr\u00f6\u00dfen<\/td>\n<\/tr>\n<tr>\n<td class=\"left\">Composizione del materiale<\/td>\n<td>Obermaterial: 50% Viskose, 26% Polyamid, 24% Polyester<\/td>\n<\/tr>\n<tr>\n<td class=\"left\">Materialart<\/td>\n<td>Feinstrick<\/td>\n<\/tr>\n<tr>\n<td class=\"left\">Istruzioni per la cura<\/td>\n<td>Lavaggio in lavatrice<\/td>\n<\/tr>\n<tr>\n<td class=\"left\">Optik<\/td>\n<td>gemustert<\/td>\n<\/tr>\n<tr>\n<td class=\"left\">Stil<\/td>\n<td>elegant<\/td>\n<\/tr>\n<tr>\n<td class=\"left\">Colore<\/td>\n<td>bianco e nero<\/td>\n<\/tr>\n<tr>\n<td class=\"left\">Kragen<\/td>\n<td>Collare stand-up<\/td>\n<\/tr>\n<tr>\n<td class=\"left\">\u00c4rmel<\/td>\n<td>Manica lunga<\/td>\n<\/tr>\n<tr>\n<td class=\"left\">\u00c4rmelabschluss<\/td>\n<td>Rippstrickb\u00fcndchen<\/td>\n<\/tr>\n<tr>\n<td class=\"left\">Rumpfabschluss<\/td>\n<td>Rippstrick<\/td>\n<\/tr>\n<tr>\n<td class=\"left\">In forma<\/td>\n<td>l\u00e4ssig geschnitten<\/td>\n<\/tr>\n<tr>\n<td class=\"left\">Schnittform L\u00e4nge<\/td>\n<td>h\u00fcftbedeckend<\/td>\n<\/tr>\n<tr>\n<td class=\"left\">Besondere Merkmale<\/td>\n<td>mit modisch kurzem Stehkragen<\/td>\n<\/tr>\n<\/tbody>\n<\/table>","protected":false},"featured_media":82099,"comment_status":"open","ping_status":"closed","template":"","meta":{"_seopress_robots_primary_cat":"","_seopress_titles_title":"","_seopress_titles_desc":"","_seopress_robots_index":""},"product_brand":[],"product_cat":[1348,1456,1465],"product_tag":[],"class_list":{"0":"post-81996","1":"product","2":"type-product","3":"status-publish","4":"has-post-thumbnail","6":"product_cat-damen-mode","7":"product_cat-pullover-sweater","8":"product_cat-strickpullover","9":"product_shipping_class-standard-versand","11":"first","12":"instock","13":"sale","14":"taxable","15":"shipping-taxable","16":"purchasable","17":"product-type-simple"},"_links":{"self":[{"href":"https:\/\/www.soanam.de\/it\/wp-json\/wp\/v2\/product\/81996","targetHints":{"allow":["GET"]}}],"collection":[{"href":"https:\/\/www.soanam.de\/it\/wp-json\/wp\/v2\/product"}],"about":[{"href":"https:\/\/www.soanam.de\/it\/wp-json\/wp\/v2\/types\/product"}],"replies":[{"embeddable":true,"href":"https:\/\/www.soanam.de\/it\/wp-json\/wp\/v2\/comments?post=81996"}],"wp:featuredmedia":[{"embeddable":true,"href":"https:\/\/www.soanam.de\/it\/wp-json\/wp\/v2\/media\/82099"}],"wp:attachment":[{"href":"https:\/\/www.soanam.de\/it\/wp-json\/wp\/v2\/media?parent=81996"}],"wp:term":[{"taxonomy":"product_brand","embeddable":true,"href":"https:\/\/www.soanam.de\/it\/wp-json\/wp\/v2\/product_brand?post=81996"},{"taxonomy":"product_cat","embeddable":true,"href":"https:\/\/www.soanam.de\/it\/wp-json\/wp\/v2\/product_cat?post=81996"},{"taxonomy":"product_tag","embeddable":true,"href":"https:\/\/www.soanam.de\/it\/wp-json\/wp\/v2\/product_tag?post=81996"}],"curies":[{"name":"wp","href":"https:\/\/api.w.org\/{rel}","templated":true}]}}