{"id":81994,"date":"2023-12-14T02:10:06","date_gmt":"2023-12-14T01:10:06","guid":{"rendered":"https:\/\/www.soanam.de\/?post_type=product&#038;p=81994"},"modified":"2023-12-14T02:12:08","modified_gmt":"2023-12-14T01:12:08","slug":"aniston-langer-rollkragenpullover-in-weiss-groesse-38","status":"publish","type":"product","link":"https:\/\/www.soanam.de\/it\/produkt\/aniston-langer-rollkragenpullover-in-weiss-groesse-38\/","title":{"rendered":"Maglia dolcevita lunga Aniston, in bianco, taglia 38"},"content":{"rendered":"<p>Damenpullover von Aniston mit Rollkragen<br \/>\nTonale Ringeloptik durch unterschiedliche Strickmuster<br \/>\nMit Fransengarn und Rippstrickb\u00fcndchen an Raglan\u00e4rmeln und Saum<br \/>\nIn figurbetonter langer Passform<br \/>\nKuschelige Grobstrickqualit\u00e4t<\/p>\n<p>Mit seiner figurbetonten Passform und dem h\u00fcftbedeckenden Schnitt landet der Damenpullover von Aniston einen echten Volltreffer und sitzt einfach perfekt.<br \/>\nF\u00fcr das gewisse Etwas sorgt der gro\u00dfe Kragen, die langen Raglan\u00e4rmel und das Fransengarn sowie die unterschiedlichen Strickmuster werten die Optik ebenfalls auf.<br \/>\nDie kuschlige Grobstrickqualit\u00e4t steigert den Wohlf\u00fchlfaktor nochmals um ein Vielfaches.<\/p>\n<p>Material: 61% Polyester, 39% Polyacryl<br \/>\nIstruzioni per la cura: Lavare in lavatrice<\/p>\n<p>Colore: bianco<br \/>\nMotivo: Look a righe<br \/>\nTaglia: 38<\/p>\n<p>Larghezza della spalla: 53 cm<br \/>\nLarghezza del petto: 92 cm<br \/>\nLunghezza delle maniche: 67 cm<br \/>\nLunghezza totale: 70 cm<\/p>\n<p>Questo nuovo articolo \u00e8 un reso del cliente senza etichetta.<\/p>","protected":false},"excerpt":{"rendered":"<table class=\"dv_characteristicsTable\">\n<tbody>\n<tr>\n<td class=\"left\">Dimensione<\/td>\n<td>38<\/td>\n<\/tr>\n<tr>\n<td class=\"left\">Gr\u00f6\u00dfentyp<\/td>\n<td>Normalgr\u00f6\u00dfen<\/td>\n<\/tr>\n<tr>\n<td class=\"left\">Composizione del materiale<\/td>\n<td>61% Polyester, 39% Polyacryl<\/td>\n<\/tr>\n<tr>\n<td class=\"left\">Materialart<\/td>\n<td>Grobstrick<\/td>\n<\/tr>\n<tr>\n<td class=\"left\">Istruzioni per la cura<\/td>\n<td>Lavaggio in lavatrice<\/td>\n<\/tr>\n<tr>\n<td class=\"left\">Optik<\/td>\n<td>tonale Ringeloptik<\/td>\n<\/tr>\n<tr>\n<td class=\"left\">Stil<\/td>\n<td>modisch<\/td>\n<\/tr>\n<tr>\n<td class=\"left\">Colore<\/td>\n<td>wei\u00df<\/td>\n<\/tr>\n<tr>\n<td class=\"left\">Ausschnitt<\/td>\n<td>Rollkragen<\/td>\n<\/tr>\n<tr>\n<td class=\"left\">Ausschnittdetails<\/td>\n<td>gro\u00dfer Rollkragen<\/td>\n<\/tr>\n<tr>\n<td class=\"left\">\u00c4rmel<\/td>\n<td>Manica lunga<\/td>\n<\/tr>\n<tr>\n<td class=\"left\">\u00c4rmeldetails<\/td>\n<td>Maniche raglan<\/td>\n<\/tr>\n<tr>\n<td class=\"left\">\u00c4rmelabschluss<\/td>\n<td>Rippstrickb\u00fcndchen<\/td>\n<\/tr>\n<tr>\n<td class=\"left\">Rumpfabschluss<\/td>\n<td>Rippstrickb\u00fcndchen<\/td>\n<\/tr>\n<tr>\n<td class=\"left\">In forma<\/td>\n<td>figurbetont<\/td>\n<\/tr>\n<tr>\n<td class=\"left\">Schnittform L\u00e4nge<\/td>\n<td>h\u00fcftbedeckend<\/td>\n<\/tr>\n<tr>\n<td class=\"left\">Besondere Merkmale<\/td>\n<td>mit Fransengarn<\/td>\n<\/tr>\n<\/tbody>\n<\/table>","protected":false},"featured_media":82093,"comment_status":"open","ping_status":"closed","template":"","meta":{"_seopress_robots_primary_cat":"","_seopress_titles_title":"","_seopress_titles_desc":"","_seopress_robots_index":""},"product_brand":[],"product_cat":[1348,1456,1465],"product_tag":[],"class_list":{"0":"post-81994","1":"product","2":"type-product","3":"status-publish","4":"has-post-thumbnail","6":"product_cat-damen-mode","7":"product_cat-pullover-sweater","8":"product_cat-strickpullover","9":"product_shipping_class-standard-versand","11":"first","12":"instock","13":"sale","14":"taxable","15":"shipping-taxable","16":"purchasable","17":"product-type-simple"},"_links":{"self":[{"href":"https:\/\/www.soanam.de\/it\/wp-json\/wp\/v2\/product\/81994","targetHints":{"allow":["GET"]}}],"collection":[{"href":"https:\/\/www.soanam.de\/it\/wp-json\/wp\/v2\/product"}],"about":[{"href":"https:\/\/www.soanam.de\/it\/wp-json\/wp\/v2\/types\/product"}],"replies":[{"embeddable":true,"href":"https:\/\/www.soanam.de\/it\/wp-json\/wp\/v2\/comments?post=81994"}],"wp:featuredmedia":[{"embeddable":true,"href":"https:\/\/www.soanam.de\/it\/wp-json\/wp\/v2\/media\/82093"}],"wp:attachment":[{"href":"https:\/\/www.soanam.de\/it\/wp-json\/wp\/v2\/media?parent=81994"}],"wp:term":[{"taxonomy":"product_brand","embeddable":true,"href":"https:\/\/www.soanam.de\/it\/wp-json\/wp\/v2\/product_brand?post=81994"},{"taxonomy":"product_cat","embeddable":true,"href":"https:\/\/www.soanam.de\/it\/wp-json\/wp\/v2\/product_cat?post=81994"},{"taxonomy":"product_tag","embeddable":true,"href":"https:\/\/www.soanam.de\/it\/wp-json\/wp\/v2\/product_tag?post=81994"}],"curies":[{"name":"wp","href":"https:\/\/api.w.org\/{rel}","templated":true}]}}