{"id":81902,"date":"2023-12-14T02:08:23","date_gmt":"2023-12-14T01:08:23","guid":{"rendered":"https:\/\/www.soanam.de\/?post_type=product&#038;p=81902"},"modified":"2023-12-14T02:10:00","modified_gmt":"2023-12-14T01:10:00","slug":"solo-maglione-dolcevita-onlvenice-in-blu-fumo-taglia-m","status":"publish","type":"product","link":"https:\/\/www.soanam.de\/it\/produkt\/only-rollkragenpullover-onlvenice-in-rauchblau-groesse-m\/","title":{"rendered":"Maglia dolcevita Only ONLVENICE, in blu fumo, taglia M"},"content":{"rendered":"<p>Rollkragenpullover von ONLY<br \/>\nK\u00f6rpernah geschnitten<br \/>\nPolsini a coste<br \/>\nAus weicher Viskosemischung<\/p>\n<p>Der weiche Feinstrick Pulli von Only ist k\u00f6rpernah geschnitten, besitzt einen Rollkragen, extrabreite Rippb\u00fcndchen am Saum und an den \u00c4rmelenden.<br \/>\nDie elastische und weiche Viskosemischung macht den Rolli komfortabel und angenehm zu tragen.<\/p>\n<p>Material: 82% Viskose, 16% Nylon, 2% Elasthan<br \/>\nIstruzioni per la cura: Lavaggio delicato<\/p>\n<p>Farbe: ether<br \/>\nModello: senza<br \/>\nTaglia: M<\/p>\n<p>Schulterbreite: 32cm<br \/>\nLarghezza del petto: 84 cm<br \/>\n\u00c4rmell\u00e4nge: 57cm<br \/>\nLunghezza totale: 57 cm<\/p>","protected":false},"excerpt":{"rendered":"<table class=\"dv_characteristicsTable\">\n<tbody>\n<tr>\n<td class=\"left\">Dimensione<\/td>\n<td>M<\/td>\n<\/tr>\n<tr>\n<td class=\"left\">Gr\u00f6\u00dfentyp<\/td>\n<td>Normalgr\u00f6\u00dfen<\/td>\n<\/tr>\n<tr>\n<td class=\"left\">Composizione del materiale<\/td>\n<td>82% Viskose, 16% Nylon, 2% Elasthan<\/td>\n<\/tr>\n<tr>\n<td class=\"left\">Materialart<\/td>\n<td>Feinstrick<\/td>\n<\/tr>\n<tr>\n<td class=\"left\">Materialeigenschaften<\/td>\n<td>elastisch<\/td>\n<\/tr>\n<tr>\n<td class=\"left\">Istruzioni per la cura<\/td>\n<td>Schonw\u00e4sche<\/td>\n<\/tr>\n<tr>\n<td class=\"left\">Stil<\/td>\n<td>casual<\/td>\n<\/tr>\n<tr>\n<td class=\"left\">Colore<\/td>\n<td>ether<\/td>\n<\/tr>\n<tr>\n<td class=\"left\">Ausschnitt<\/td>\n<td>Rollkragen<\/td>\n<\/tr>\n<tr>\n<td class=\"left\">\u00c4rmel<\/td>\n<td>Manica lunga<\/td>\n<\/tr>\n<tr>\n<td class=\"left\">In forma<\/td>\n<td>k\u00f6rpernah geschnitten<\/td>\n<\/tr>\n<tr>\n<td class=\"left\">Schnittform L\u00e4nge<\/td>\n<td>h\u00fcftlang<\/td>\n<\/tr>\n<\/tbody>\n<\/table>","protected":false},"featured_media":81986,"comment_status":"open","ping_status":"closed","template":"","meta":{"_seopress_robots_primary_cat":"","_seopress_titles_title":"","_seopress_titles_desc":"","_seopress_robots_index":""},"product_brand":[],"product_cat":[1348,1456,1465],"product_tag":[],"class_list":{"0":"post-81902","1":"product","2":"type-product","3":"status-publish","4":"has-post-thumbnail","6":"product_cat-damen-mode","7":"product_cat-pullover-sweater","8":"product_cat-strickpullover","9":"product_shipping_class-standard-versand","11":"first","12":"instock","13":"taxable","14":"shipping-taxable","15":"purchasable","16":"product-type-simple"},"_links":{"self":[{"href":"https:\/\/www.soanam.de\/it\/wp-json\/wp\/v2\/product\/81902","targetHints":{"allow":["GET"]}}],"collection":[{"href":"https:\/\/www.soanam.de\/it\/wp-json\/wp\/v2\/product"}],"about":[{"href":"https:\/\/www.soanam.de\/it\/wp-json\/wp\/v2\/types\/product"}],"replies":[{"embeddable":true,"href":"https:\/\/www.soanam.de\/it\/wp-json\/wp\/v2\/comments?post=81902"}],"wp:featuredmedia":[{"embeddable":true,"href":"https:\/\/www.soanam.de\/it\/wp-json\/wp\/v2\/media\/81986"}],"wp:attachment":[{"href":"https:\/\/www.soanam.de\/it\/wp-json\/wp\/v2\/media?parent=81902"}],"wp:term":[{"taxonomy":"product_brand","embeddable":true,"href":"https:\/\/www.soanam.de\/it\/wp-json\/wp\/v2\/product_brand?post=81902"},{"taxonomy":"product_cat","embeddable":true,"href":"https:\/\/www.soanam.de\/it\/wp-json\/wp\/v2\/product_cat?post=81902"},{"taxonomy":"product_tag","embeddable":true,"href":"https:\/\/www.soanam.de\/it\/wp-json\/wp\/v2\/product_tag?post=81902"}],"curies":[{"name":"wp","href":"https:\/\/api.w.org\/{rel}","templated":true}]}}