{"id":81868,"date":"2023-12-14T02:07:36","date_gmt":"2023-12-14T01:07:36","guid":{"rendered":"https:\/\/www.soanam.de\/?post_type=product&#038;p=81868"},"modified":"2023-12-14T02:09:28","modified_gmt":"2023-12-14T01:09:28","slug":"maglione-ajc-a-righe-con-abbottonatura-decorativa-in-blu-bianco-grigio-taglia-40-42","status":"publish","type":"product","link":"https:\/\/www.soanam.de\/it\/produkt\/ajc-streifenpullover-mit-zierknopfleiste-in-blau-weiss-grau-groesse-40-42\/","title":{"rendered":"Maglia a righe AJC con abbottonatura decorativa, in blu-bianco-grigio, taglia 40\/42"},"content":{"rendered":"<p>Leggero maglione estivo in maglia fine di AJC<br \/>\nCon breve abbottonatura decorativa sul retro<br \/>\nToppe ovali sui gomiti<br \/>\nTaglio casual, con spalle scese<br \/>\nDesign a righe accattivante<\/p>\n<p>Questo maglione a righe di AJC \u00e8 realizzato in una maglia leggera e fine, perfetta per le fresche giornate estive e ha molto da offrire.<br \/>\nDa w\u00e4ren zum Beispiel der gro\u00dfe Rundhalsausschnitt, der viel Raum f\u00fcrs Dekollet\u00e9 l\u00e4sst. Oder die l\u00e4ssig \u00fcberschnittenen Schultern wie auch die \u00c4rmel mit den Ellbogenpatches und den extralangen B\u00fcndchen. Hinten wird's mit der Zierknopfleiste und dem verl\u00e4ngerten Saum noch ganz sch\u00f6n raffiniert.<\/p>\n<p>&nbsp;<\/p>\n<p>Materiale: 50% cotone, 50% poliacrilico<br \/>\nIstruzioni per la cura: Lavare in lavatrice<\/p>\n<p>Colore: blu-bianco-grigio<br \/>\nMotivo: Strisce<br \/>\nDimensione: 40\/42<\/p>\n<p>Larghezza della spalla: 57 cm<br \/>\nLarghezza del torace: 104 cm<br \/>\nLunghezza delle maniche: 49 cm<br \/>\nLunghezza totale: 66 cm<\/p>","protected":false},"excerpt":{"rendered":"<table class=\"dv_characteristicsTable\">\n<tbody>\n<tr>\n<td class=\"left\">Dimensione<\/td>\n<td>40\/42 (M)<\/td>\n<\/tr>\n<tr>\n<td class=\"left\">Gr\u00f6\u00dfentyp<\/td>\n<td>Normalgr\u00f6\u00dfen<\/td>\n<\/tr>\n<tr>\n<td class=\"left\">Composizione del materiale<\/td>\n<td>Obermaterial: 50% Baumwolle, 50% Polyacryl<\/td>\n<\/tr>\n<tr>\n<td class=\"left\">Materialart<\/td>\n<td>Feinstrick<\/td>\n<\/tr>\n<tr>\n<td class=\"left\">Istruzioni per la cura<\/td>\n<td>Lavaggio in lavatrice<\/td>\n<\/tr>\n<tr>\n<td class=\"left\">Optik<\/td>\n<td>gestreift<\/td>\n<\/tr>\n<tr>\n<td class=\"left\">Stil<\/td>\n<td>casual<\/td>\n<\/tr>\n<tr>\n<td class=\"left\">Colore<\/td>\n<td>blau-wei\u00df-grau<\/td>\n<\/tr>\n<tr>\n<td class=\"left\">Kragen<\/td>\n<td>ohne Kragen<\/td>\n<\/tr>\n<tr>\n<td class=\"left\">Ausschnitt<\/td>\n<td>Rundhals<\/td>\n<\/tr>\n<tr>\n<td class=\"left\">Ausschnittdetails<\/td>\n<td>Strickb\u00fcndchen<\/td>\n<\/tr>\n<tr>\n<td class=\"left\">\u00c4rmel<\/td>\n<td>Manica lunga<\/td>\n<\/tr>\n<tr>\n<td class=\"left\">\u00c4rmeldetails<\/td>\n<td>eingesetzt<\/td>\n<\/tr>\n<tr>\n<td class=\"left\">\u00c4rmelabschluss<\/td>\n<td>Polsini a coste<\/td>\n<\/tr>\n<tr>\n<td class=\"left\">Rumpfabschluss<\/td>\n<td>normaler Saum<\/td>\n<\/tr>\n<tr>\n<td class=\"left\">In forma<\/td>\n<td>l\u00e4ssig geschnitten<\/td>\n<\/tr>\n<tr>\n<td class=\"left\">Schnittdetails<\/td>\n<td>an den Schultern \u00fcberlappend<\/td>\n<\/tr>\n<tr>\n<td class=\"left\">Schnittform L\u00e4nge<\/td>\n<td>h\u00fcftlang<\/td>\n<\/tr>\n<tr>\n<td class=\"left\">Cappuccio<\/td>\n<td>ohne Kapuze<\/td>\n<\/tr>\n<tr>\n<td class=\"left\">Applikationen<\/td>\n<td>Patches, Markenlabel<\/td>\n<\/tr>\n<tr>\n<td class=\"left\">Borse<\/td>\n<td>Ohne Taschen<\/td>\n<\/tr>\n<tr>\n<td class=\"left\">Verschluss<\/td>\n<td>Abbottonatura<\/td>\n<\/tr>\n<tr>\n<td class=\"left\">Verschlussdetails<\/td>\n<td>hinten, imitiert<\/td>\n<\/tr>\n<tr>\n<td class=\"left\">Besondere Merkmale<\/td>\n<td>mit Streifen und Zierknopfleiste<\/td>\n<\/tr>\n<\/tbody>\n<\/table>","protected":false},"featured_media":81962,"comment_status":"open","ping_status":"closed","template":"","meta":{"_seopress_robots_primary_cat":"","_seopress_titles_title":"","_seopress_titles_desc":"","_seopress_robots_index":""},"product_brand":[],"product_cat":[1348,1456,1465],"product_tag":[],"class_list":{"0":"post-81868","1":"product","2":"type-product","3":"status-publish","4":"has-post-thumbnail","6":"product_cat-damen-mode","7":"product_cat-pullover-sweater","8":"product_cat-strickpullover","9":"product_shipping_class-standard-versand","11":"first","12":"instock","13":"taxable","14":"shipping-taxable","15":"purchasable","16":"product-type-simple"},"_links":{"self":[{"href":"https:\/\/www.soanam.de\/it\/wp-json\/wp\/v2\/product\/81868","targetHints":{"allow":["GET"]}}],"collection":[{"href":"https:\/\/www.soanam.de\/it\/wp-json\/wp\/v2\/product"}],"about":[{"href":"https:\/\/www.soanam.de\/it\/wp-json\/wp\/v2\/types\/product"}],"replies":[{"embeddable":true,"href":"https:\/\/www.soanam.de\/it\/wp-json\/wp\/v2\/comments?post=81868"}],"wp:featuredmedia":[{"embeddable":true,"href":"https:\/\/www.soanam.de\/it\/wp-json\/wp\/v2\/media\/81962"}],"wp:attachment":[{"href":"https:\/\/www.soanam.de\/it\/wp-json\/wp\/v2\/media?parent=81868"}],"wp:term":[{"taxonomy":"product_brand","embeddable":true,"href":"https:\/\/www.soanam.de\/it\/wp-json\/wp\/v2\/product_brand?post=81868"},{"taxonomy":"product_cat","embeddable":true,"href":"https:\/\/www.soanam.de\/it\/wp-json\/wp\/v2\/product_cat?post=81868"},{"taxonomy":"product_tag","embeddable":true,"href":"https:\/\/www.soanam.de\/it\/wp-json\/wp\/v2\/product_tag?post=81868"}],"curies":[{"name":"wp","href":"https:\/\/api.w.org\/{rel}","templated":true}]}}