{"id":81866,"date":"2023-12-14T02:07:35","date_gmt":"2023-12-14T01:07:35","guid":{"rendered":"https:\/\/www.soanam.de\/?post_type=product&#038;p=81866"},"modified":"2023-12-14T02:09:22","modified_gmt":"2023-12-14T01:09:22","slug":"maglione-ajc-con-strisce-a-contrasto-in-rosa-indaco-navy-taglia-36-38","status":"publish","type":"product","link":"https:\/\/www.soanam.de\/it\/produkt\/ajc-pullover-mit-kontraststreifen-in-marine-indigo-pink-groesse-36-38\/","title":{"rendered":"Maglia AJC con strisce a contrasto, in rosa indaco, taglia 36\/38"},"content":{"rendered":"<p>Maglia a girocollo di AJC<br \/>\nVestibilit\u00e0 molto aderente alla figura e leggermente sartoriale<br \/>\nPolsini a costine sul fondo, etichettatura discreta<br \/>\nMaglieria confortevole e fine in misto cotone<\/p>\n<p>Questo maglione a maglia fine di AJC ha un aspetto casual e femminile allo stesso tempo.<br \/>\nL'elemento principale che attira l'attenzione \u00e8 la striscia di colore a contrasto nella parte superiore.<br \/>\nMa \u00e8 l'insieme fresco che rende questo maglione cos\u00ec efficace: l'interazione tra l'ampio scollo rotondo, il look a righe e la vestibilit\u00e0 aderente alla figura.<\/p>\n<p>Materiale: 50% cotone, 50% poliacrilico<br \/>\nIstruzioni per la cura: Lavare in lavatrice<\/p>\n<p>Colore: blu-indaco-rosa<br \/>\nMotivo: Strisce<br \/>\nDimensione: 36\/38<\/p>\n<p>Larghezza della spalla: 35 cm<br \/>\nLarghezza del petto: 84 cm<br \/>\nLunghezza delle maniche: 63 cm<br \/>\nLunghezza totale: 65 cm<\/p>","protected":false},"excerpt":{"rendered":"<table class=\"dv_characteristicsTable\">\n<tbody>\n<tr>\n<td class=\"left\">Dimensione<\/td>\n<td>36\/38 (S)<\/td>\n<\/tr>\n<tr>\n<td class=\"left\">Gr\u00f6\u00dfentyp<\/td>\n<td>Normalgr\u00f6\u00dfen<\/td>\n<\/tr>\n<tr>\n<td class=\"left\">Composizione del materiale<\/td>\n<td>Obermaterial: 50% Baumwolle, 50% Polyacryl<\/td>\n<\/tr>\n<tr>\n<td class=\"left\">Materialart<\/td>\n<td>Feinstrick<\/td>\n<\/tr>\n<tr>\n<td class=\"left\">Materialeigenschaften<\/td>\n<td>elastisch<\/td>\n<\/tr>\n<tr>\n<td class=\"left\">Istruzioni per la cura<\/td>\n<td>Lavaggio in lavatrice<\/td>\n<\/tr>\n<tr>\n<td class=\"left\">Optik<\/td>\n<td>gestreift, mehrfarbig<\/td>\n<\/tr>\n<tr>\n<td class=\"left\">Stil<\/td>\n<td>modisch<\/td>\n<\/tr>\n<tr>\n<td class=\"left\">Colore<\/td>\n<td>marine-indigo-pink<\/td>\n<\/tr>\n<tr>\n<td class=\"left\">Ausschnitt<\/td>\n<td>Rundhals<\/td>\n<\/tr>\n<tr>\n<td class=\"left\">Ausschnittdetails<\/td>\n<td>Polsini a coste<\/td>\n<\/tr>\n<tr>\n<td class=\"left\">\u00c4rmel<\/td>\n<td>Manica lunga<\/td>\n<\/tr>\n<tr>\n<td class=\"left\">\u00c4rmelabschluss<\/td>\n<td>Polsini a coste<\/td>\n<\/tr>\n<tr>\n<td class=\"left\">Rumpfabschluss<\/td>\n<td>Polsini a coste<\/td>\n<\/tr>\n<tr>\n<td class=\"left\">In forma<\/td>\n<td>sehr figurbetont<\/td>\n<\/tr>\n<tr>\n<td class=\"left\">Applikationen<\/td>\n<td>Markenlabel<\/td>\n<\/tr>\n<tr>\n<td class=\"left\">Besondere Merkmale<\/td>\n<td>mit modischen Kontraststreifen<\/td>\n<\/tr>\n<\/tbody>\n<\/table>","protected":false},"featured_media":81956,"comment_status":"open","ping_status":"closed","template":"","meta":{"_seopress_robots_primary_cat":"","_seopress_titles_title":"","_seopress_titles_desc":"","_seopress_robots_index":""},"product_brand":[],"product_cat":[1348,1456,1465],"product_tag":[],"class_list":{"0":"post-81866","1":"product","2":"type-product","3":"status-publish","4":"has-post-thumbnail","6":"product_cat-damen-mode","7":"product_cat-pullover-sweater","8":"product_cat-strickpullover","9":"product_shipping_class-standard-versand","11":"first","12":"instock","13":"sale","14":"taxable","15":"shipping-taxable","16":"purchasable","17":"product-type-simple"},"_links":{"self":[{"href":"https:\/\/www.soanam.de\/it\/wp-json\/wp\/v2\/product\/81866","targetHints":{"allow":["GET"]}}],"collection":[{"href":"https:\/\/www.soanam.de\/it\/wp-json\/wp\/v2\/product"}],"about":[{"href":"https:\/\/www.soanam.de\/it\/wp-json\/wp\/v2\/types\/product"}],"replies":[{"embeddable":true,"href":"https:\/\/www.soanam.de\/it\/wp-json\/wp\/v2\/comments?post=81866"}],"wp:featuredmedia":[{"embeddable":true,"href":"https:\/\/www.soanam.de\/it\/wp-json\/wp\/v2\/media\/81956"}],"wp:attachment":[{"href":"https:\/\/www.soanam.de\/it\/wp-json\/wp\/v2\/media?parent=81866"}],"wp:term":[{"taxonomy":"product_brand","embeddable":true,"href":"https:\/\/www.soanam.de\/it\/wp-json\/wp\/v2\/product_brand?post=81866"},{"taxonomy":"product_cat","embeddable":true,"href":"https:\/\/www.soanam.de\/it\/wp-json\/wp\/v2\/product_cat?post=81866"},{"taxonomy":"product_tag","embeddable":true,"href":"https:\/\/www.soanam.de\/it\/wp-json\/wp\/v2\/product_tag?post=81866"}],"curies":[{"name":"wp","href":"https:\/\/api.w.org\/{rel}","templated":true}]}}