{"id":81649,"date":"2023-12-14T02:03:12","date_gmt":"2023-12-14T01:03:12","guid":{"rendered":"https:\/\/www.soanam.de\/?post_type=product&#038;p=81649"},"modified":"2023-12-14T02:05:23","modified_gmt":"2023-12-14T01:05:23","slug":"nanga-pantofole-per-bambini-koala-babys-in-berry-taglia-32","status":"publish","type":"product","link":"https:\/\/www.soanam.de\/it\/produkt\/nanga-kinder-hausschuhe-koala-babys-in-beere-groesse-32\/","title":{"rendered":"NANGA pantofole per bambini Koala Babies, in bacche, misura 32"},"content":{"rendered":"<p>Kinder Hausschuhe von Nanga<br \/>\nKuschelig, wollweich und bequem<br \/>\nMit Koala Aplikation und Naturkautschuksohle<\/p>\n<p>F\u00fcr wohlige W\u00e4rme und perfekten Komfort sorgen die niedlichen NANGA Hausschuhe aus nat\u00fcrlichen Materialien.<br \/>\nDie Kinderschuhe sind innen wie au\u00dfen aus weicher und kuscheliger Schurwolle gefertigt.<br \/>\nDie anti-rutsch Sohle dieser s\u00fc\u00dfen Slipper ist aus Naturkautschuk gefertigt und elastische Eins\u00e4tze erleichtern das An-und Ausziehen.<\/p>\n<p>Material: 100% Schurwolle<br \/>\nIstruzioni per la cura: Lavare in lavatrice<\/p>\n<p>Colore: bacche<br \/>\nMuster: Koala Aplikation<br \/>\nDimensione: 32<\/p>\n<p>Questo nuovo articolo \u00e8 un reso del cliente senza etichetta.<\/p>","protected":false},"excerpt":{"rendered":"<table class=\"dv_characteristicsTable\">\n<tbody>\n<tr>\n<td class=\"left\">Dimensione<\/td>\n<td>32 EU<\/td>\n<\/tr>\n<tr>\n<td class=\"left\">Colore<\/td>\n<td>bunt<\/td>\n<\/tr>\n<tr>\n<td class=\"left\">Materiale della tomaia<\/td>\n<td>Lana<\/td>\n<\/tr>\n<tr>\n<td class=\"left\">Innenmaterial<\/td>\n<td>Lana<\/td>\n<\/tr>\n<tr>\n<td class=\"left\">Composizione del materiale<\/td>\n<td>Lana<\/td>\n<\/tr>\n<tr>\n<td class=\"left\">Stil<\/td>\n<td>Casual<\/td>\n<\/tr>\n<tr>\n<td class=\"left\">Besondere Merkmale<\/td>\n<td>Bacca<\/td>\n<\/tr>\n<tr>\n<td class=\"left\">Verschluss<\/td>\n<td>ohne Verschluss<\/td>\n<\/tr>\n<tr>\n<td class=\"left\">Schuhspitze<\/td>\n<td>rund<\/td>\n<\/tr>\n<\/tbody>\n<\/table>","protected":false},"featured_media":81748,"comment_status":"open","ping_status":"closed","template":"","meta":{"_seopress_robots_primary_cat":"","_seopress_titles_title":"","_seopress_titles_desc":"","_seopress_robots_index":""},"product_brand":[],"product_cat":[1351,1506,1596],"product_tag":[],"class_list":{"0":"post-81649","1":"product","2":"type-product","3":"status-publish","4":"has-post-thumbnail","6":"product_cat-kindermode","7":"product_cat-schuhe-kindermode","8":"product_cat-hausschuhe","9":"product_shipping_class-standard-versand","11":"first","12":"instock","13":"sale","14":"taxable","15":"shipping-taxable","16":"purchasable","17":"product-type-simple"},"_links":{"self":[{"href":"https:\/\/www.soanam.de\/it\/wp-json\/wp\/v2\/product\/81649","targetHints":{"allow":["GET"]}}],"collection":[{"href":"https:\/\/www.soanam.de\/it\/wp-json\/wp\/v2\/product"}],"about":[{"href":"https:\/\/www.soanam.de\/it\/wp-json\/wp\/v2\/types\/product"}],"replies":[{"embeddable":true,"href":"https:\/\/www.soanam.de\/it\/wp-json\/wp\/v2\/comments?post=81649"}],"wp:featuredmedia":[{"embeddable":true,"href":"https:\/\/www.soanam.de\/it\/wp-json\/wp\/v2\/media\/81748"}],"wp:attachment":[{"href":"https:\/\/www.soanam.de\/it\/wp-json\/wp\/v2\/media?parent=81649"}],"wp:term":[{"taxonomy":"product_brand","embeddable":true,"href":"https:\/\/www.soanam.de\/it\/wp-json\/wp\/v2\/product_brand?post=81649"},{"taxonomy":"product_cat","embeddable":true,"href":"https:\/\/www.soanam.de\/it\/wp-json\/wp\/v2\/product_cat?post=81649"},{"taxonomy":"product_tag","embeddable":true,"href":"https:\/\/www.soanam.de\/it\/wp-json\/wp\/v2\/product_tag?post=81649"}],"curies":[{"name":"wp","href":"https:\/\/api.w.org\/{rel}","templated":true}]}}