{"id":81565,"date":"2023-12-14T02:01:26","date_gmt":"2023-12-14T01:01:26","guid":{"rendered":"https:\/\/www.soanam.de\/?post_type=product&#038;p=81565"},"modified":"2023-12-14T02:03:42","modified_gmt":"2023-12-14T01:03:42","slug":"mazaya-tabacco-da-pipa-shisha-200g-mazzo-uva","status":"publish","type":"product","link":"https:\/\/www.soanam.de\/it\/produkt\/mazaya-pfeifentabak-shisha-tabak-200g-bunch-traube\/","title":{"rendered":"Tabacco da pipa Mazaya, tabacco da shisha 200g - Mazzo \/ Uva"},"content":{"rendered":"<p>Il produttore giordano Mazaya combina tabacco di alta qualit\u00e0 proveniente dalla Francia con aromi provenienti da ricette classiche.<br \/>\nBen protetto dal sigillo aromatico e dal barattolo richiudibile, il tabacco per narghil\u00e8 offre un gusto fresco ed equilibrato e un'accattivante sviluppo del fumo.<\/p>\n<p>Grappolo: Uva<\/p>\n<p>Quantit\u00e0: 200 g<\/p>\n<p><span style=\"color: #ff0000;\"><strong><em>Attenzione:<\/em><\/strong><\/span><br \/>\nNessuna spedizione di tabacco all'estero!<\/p>","protected":false},"excerpt":{"rendered":"<p>Il produttore giordano Mazaya combina tabacco di alta qualit\u00e0 proveniente dalla Francia con aromi provenienti da ricette classiche. Ben protetto dal sigillo aromatico e dalla lattina richiudibile, il tabacco per narghil\u00e8 offre un gusto fresco ed equilibrato e un'accattivante sviluppo del fumo. Grappolo: Uva Quantit\u00e0: 200g Attenzione: non \u00e8 possibile spedire il tabacco all'estero!<\/p>","protected":false},"featured_media":81674,"comment_status":"open","ping_status":"closed","template":"","meta":{"_seopress_robots_primary_cat":"","_seopress_titles_title":"","_seopress_titles_desc":"","_seopress_robots_index":""},"product_brand":[],"product_cat":[1730],"product_tag":[346],"class_list":{"0":"post-81565","1":"product","2":"type-product","3":"status-publish","4":"has-post-thumbnail","6":"product_cat-sonstiges-2","7":"product_tag-346","8":"product_shipping_class-standard-versand","10":"first","11":"instock","12":"taxable","13":"shipping-taxable","14":"purchasable","15":"product-type-simple"},"_links":{"self":[{"href":"https:\/\/www.soanam.de\/it\/wp-json\/wp\/v2\/product\/81565","targetHints":{"allow":["GET"]}}],"collection":[{"href":"https:\/\/www.soanam.de\/it\/wp-json\/wp\/v2\/product"}],"about":[{"href":"https:\/\/www.soanam.de\/it\/wp-json\/wp\/v2\/types\/product"}],"replies":[{"embeddable":true,"href":"https:\/\/www.soanam.de\/it\/wp-json\/wp\/v2\/comments?post=81565"}],"wp:featuredmedia":[{"embeddable":true,"href":"https:\/\/www.soanam.de\/it\/wp-json\/wp\/v2\/media\/81674"}],"wp:attachment":[{"href":"https:\/\/www.soanam.de\/it\/wp-json\/wp\/v2\/media?parent=81565"}],"wp:term":[{"taxonomy":"product_brand","embeddable":true,"href":"https:\/\/www.soanam.de\/it\/wp-json\/wp\/v2\/product_brand?post=81565"},{"taxonomy":"product_cat","embeddable":true,"href":"https:\/\/www.soanam.de\/it\/wp-json\/wp\/v2\/product_cat?post=81565"},{"taxonomy":"product_tag","embeddable":true,"href":"https:\/\/www.soanam.de\/it\/wp-json\/wp\/v2\/product_tag?post=81565"}],"curies":[{"name":"wp","href":"https:\/\/api.w.org\/{rel}","templated":true}]}}