{"id":81502,"date":"2023-12-14T02:00:10","date_gmt":"2023-12-14T01:00:10","guid":{"rendered":"https:\/\/www.soanam.de\/?post_type=product&#038;p=81502"},"modified":"2023-12-14T02:02:22","modified_gmt":"2023-12-14T01:02:22","slug":"vivance-dreams-sleepshirt-im-2er-pack-in-altrosa-schwarz-groesse-36-38","status":"publish","type":"product","link":"https:\/\/www.soanam.de\/it\/produkt\/vivance-dreams-sleepshirt-im-2er-pack-in-altrosa-schwarz-groesse-36-38\/","title":{"rendered":"Camicia da notte Vivance Dreams in confezione da 2, nei colori rosa scuro e nero, taglia 36\/38"},"content":{"rendered":"<p>Kurze Schlafkleider von Vivance Dreams im Doppelpack<br \/>\nRundhalsausschnitt und lange \u00c4rmel mit breitem B\u00fcndchen am \u00c4rmelsaum<br \/>\nSpalle overcut<br \/>\nSch\u00f6ner Allover-Blumenprint<br \/>\nWeicher Tragekomfort durch reine Baumwolle<\/p>\n<p>Das Nachthemd von Vivance Dreams begeistert im praktischen Doppelpack.<br \/>\nDie Schlafkleider sind kurz geschnitten und verf\u00fcgen \u00fcber lange, \u00fcberschnittene \u00c4rmel sowie einen klassischen Rundhalsausschnitt, f\u00fcr den perfekten Sitz sind die \u00c4rmels\u00e4ume mit B\u00fcndchen versehen.<br \/>\nMit ihrem floralen Druck \u00fcberzeugt die Nachtw\u00e4sche auch in puncto Design.<br \/>\nAus hochwertiger Baumwolle gefertigt, liegen die Hemden angenehm auf der Haut<\/p>\n<p>Materiale: cotone 100%<br \/>\nIstruzioni per la cura: Lavare in lavatrice<\/p>\n<p>Farbe: altrosa-schwarz<br \/>\nMotivo: Fiori<br \/>\nDimensione: 36\/38<\/p>\n<p>Larghezza della spalla: 58 cm<br \/>\nLarghezza del torace: 109 cm<br \/>\nLunghezza delle maniche: 50 cm<br \/>\nLunghezza totale: 88 cm<\/p>\n<p>&nbsp;<\/p>\n<p>Questo nuovo articolo \u00e8 un reso del cliente senza etichetta.<\/p>\n<p>&nbsp;<\/p>","protected":false},"excerpt":{"rendered":"<div class=\"spec-holder\">\n<div class=\"row\">\n<div class=\"col-xs-5 spec-name\">\n<table class=\"dv_characteristicsTable\">\n<tbody>\n<tr>\n<td class=\"left\">Dimensione<\/td>\n<td>36\/38<\/td>\n<\/tr>\n<tr>\n<td class=\"left\">Gr\u00f6\u00dfentyp<\/td>\n<td>Normalgr\u00f6\u00dfen<\/td>\n<\/tr>\n<tr>\n<td class=\"left\">Composizione del materiale<\/td>\n<td>Obermaterial: 100% Baumwolle<\/td>\n<\/tr>\n<tr>\n<td class=\"left\">Istruzioni per la cura<\/td>\n<td>Lavaggio in lavatrice<\/td>\n<\/tr>\n<tr>\n<td class=\"left\">Optik<\/td>\n<td>gebl\u00fcmt, gemustert, mehrfarbig<\/td>\n<\/tr>\n<tr>\n<td class=\"left\">Stil<\/td>\n<td>Basic<\/td>\n<\/tr>\n<tr>\n<td class=\"left\">Ausschnitt<\/td>\n<td>Rundhals<\/td>\n<\/tr>\n<tr>\n<td class=\"left\">\u00c4rmel<\/td>\n<td>Manica lunga<\/td>\n<\/tr>\n<tr>\n<td class=\"left\">\u00c4rmelabschluss<\/td>\n<td>B\u00fcndchen<\/td>\n<\/tr>\n<tr>\n<td class=\"left\">Kleidersaum<\/td>\n<td>abgesteppte Kante<\/td>\n<\/tr>\n<tr>\n<td class=\"left\">In forma<\/td>\n<td>Basic<\/td>\n<\/tr>\n<tr>\n<td class=\"left\">Schnittform L\u00e4nge<\/td>\n<td>kurz<\/td>\n<\/tr>\n<tr>\n<td class=\"left\">Colore<\/td>\n<td>lila-schwarz-gebl\u00fcmt<\/td>\n<\/tr>\n<tr>\n<td class=\"left\">Applikationen<\/td>\n<td>Allover-Druck<\/td>\n<\/tr>\n<tr>\n<td class=\"left\">Besondere Merkmale<\/td>\n<td>mit Blumendruck<\/td>\n<\/tr>\n<\/tbody>\n<\/table>\n<\/div>\n<\/div>\n<\/div>","protected":false},"featured_media":81610,"comment_status":"open","ping_status":"closed","template":"","meta":{"_seopress_robots_primary_cat":"","_seopress_titles_title":"","_seopress_titles_desc":"","_seopress_robots_index":""},"product_brand":[],"product_cat":[1348,1520,1616],"product_tag":[],"class_list":{"0":"post-81502","1":"product","2":"type-product","3":"status-publish","4":"has-post-thumbnail","6":"product_cat-damen-mode","7":"product_cat-nachtwaesche","8":"product_cat-nachthemden","9":"product_shipping_class-standard-versand","11":"first","12":"instock","13":"sale","14":"taxable","15":"shipping-taxable","16":"purchasable","17":"product-type-simple"},"_links":{"self":[{"href":"https:\/\/www.soanam.de\/it\/wp-json\/wp\/v2\/product\/81502","targetHints":{"allow":["GET"]}}],"collection":[{"href":"https:\/\/www.soanam.de\/it\/wp-json\/wp\/v2\/product"}],"about":[{"href":"https:\/\/www.soanam.de\/it\/wp-json\/wp\/v2\/types\/product"}],"replies":[{"embeddable":true,"href":"https:\/\/www.soanam.de\/it\/wp-json\/wp\/v2\/comments?post=81502"}],"wp:featuredmedia":[{"embeddable":true,"href":"https:\/\/www.soanam.de\/it\/wp-json\/wp\/v2\/media\/81610"}],"wp:attachment":[{"href":"https:\/\/www.soanam.de\/it\/wp-json\/wp\/v2\/media?parent=81502"}],"wp:term":[{"taxonomy":"product_brand","embeddable":true,"href":"https:\/\/www.soanam.de\/it\/wp-json\/wp\/v2\/product_brand?post=81502"},{"taxonomy":"product_cat","embeddable":true,"href":"https:\/\/www.soanam.de\/it\/wp-json\/wp\/v2\/product_cat?post=81502"},{"taxonomy":"product_tag","embeddable":true,"href":"https:\/\/www.soanam.de\/it\/wp-json\/wp\/v2\/product_tag?post=81502"}],"curies":[{"name":"wp","href":"https:\/\/api.w.org\/{rel}","templated":true}]}}