{"id":81501,"date":"2023-12-14T02:00:09","date_gmt":"2023-12-14T01:00:09","guid":{"rendered":"https:\/\/www.soanam.de\/?post_type=product&#038;p=81501"},"modified":"2023-12-14T02:02:15","modified_gmt":"2023-12-14T01:02:15","slug":"vivance-dreams-nachthemd-im-2er-pack-in-rose-mauve-groesse-36-38","status":"publish","type":"product","link":"https:\/\/www.soanam.de\/it\/produkt\/vivance-dreams-nachthemd-im-2er-pack-in-rose-mauve-groesse-36-38\/","title":{"rendered":"Camicia da notte Vivance Dreams in confezione da 2, in rosa-malva, taglia 36\/38"},"content":{"rendered":"<p>Kurzes Nachthemd im Doppelpack von Vivance Dreams<br \/>\nMit Herzchen-Alloverprint<br \/>\nKleine Raffung mit Zierschleife am V-Ausschnitt<br \/>\nZierkanten an den kurzen \u00c4rmeln und am Ausschnitt<br \/>\nRealizzato in puro cotone<\/p>\n<p>Die Nachthemden von Vivance Dreams mit s\u00fc\u00dfem Allovermuster verzaubern im Nu und setzen mit H\u00e4kelkanten an V-Ausschnitt und den kurzen \u00c4rmeln hinrei\u00dfende Akzente, die mittige Raffung mit Zierschleife vollendet das Design.<br \/>\nDie hochwertige Single-Jersey-Qualit\u00e4t mit weichem Griff verspricht einen angenehmen Tragekomfort.<\/p>\n<p>Materiale: cotone 100%<br \/>\nIstruzioni per la cura: Lavare in lavatrice<\/p>\n<p>Farbe: ros\u00e9-mauve<br \/>\nMotivo: Cuori<br \/>\nDimensione: 36\/38<\/p>\n<p>Larghezza della spalla: 39 cm<br \/>\nLarghezza del petto: 94 cm<br \/>\nLunghezza delle maniche: 17 cm<br \/>\nLunghezza totale: 88 cm<\/p>\n<p>&nbsp;<\/p>\n<p>&nbsp;<\/p>","protected":false},"excerpt":{"rendered":"<table class=\"dv_characteristicsTable\">\n<tbody>\n<tr>\n<td class=\"left\">Dimensione<\/td>\n<td>36\/38<\/td>\n<\/tr>\n<tr>\n<td class=\"left\">Gr\u00f6\u00dfentyp<\/td>\n<td>Normalgr\u00f6\u00dfen<\/td>\n<\/tr>\n<tr>\n<td class=\"left\">Composizione del materiale<\/td>\n<td>Obermaterial: 100% Baumwolle<\/td>\n<\/tr>\n<tr>\n<td class=\"left\">Istruzioni per la cura<\/td>\n<td>Lavaggio in lavatrice<\/td>\n<\/tr>\n<tr>\n<td class=\"left\">Schnittform L\u00e4nge<\/td>\n<td>mini<\/td>\n<\/tr>\n<tr>\n<td class=\"left\">Colore<\/td>\n<td>ros\u00e9-mauve<\/td>\n<\/tr>\n<tr>\n<td class=\"left\">Besondere Merkmale<\/td>\n<td>mit Herzchenprint<\/td>\n<\/tr>\n<\/tbody>\n<\/table>\n<div class=\"spec-holder\">\n<div class=\"row\">\n<div class=\"col-xs-5 spec-name\"><\/div>\n<\/div>\n<\/div>","protected":false},"featured_media":81601,"comment_status":"open","ping_status":"closed","template":"","meta":{"_seopress_robots_primary_cat":"","_seopress_titles_title":"","_seopress_titles_desc":"","_seopress_robots_index":""},"product_brand":[],"product_cat":[1348,1520,1616],"product_tag":[],"class_list":{"0":"post-81501","1":"product","2":"type-product","3":"status-publish","4":"has-post-thumbnail","6":"product_cat-damen-mode","7":"product_cat-nachtwaesche","8":"product_cat-nachthemden","9":"product_shipping_class-standard-versand","11":"first","12":"instock","13":"taxable","14":"shipping-taxable","15":"purchasable","16":"product-type-simple"},"_links":{"self":[{"href":"https:\/\/www.soanam.de\/it\/wp-json\/wp\/v2\/product\/81501","targetHints":{"allow":["GET"]}}],"collection":[{"href":"https:\/\/www.soanam.de\/it\/wp-json\/wp\/v2\/product"}],"about":[{"href":"https:\/\/www.soanam.de\/it\/wp-json\/wp\/v2\/types\/product"}],"replies":[{"embeddable":true,"href":"https:\/\/www.soanam.de\/it\/wp-json\/wp\/v2\/comments?post=81501"}],"wp:featuredmedia":[{"embeddable":true,"href":"https:\/\/www.soanam.de\/it\/wp-json\/wp\/v2\/media\/81601"}],"wp:attachment":[{"href":"https:\/\/www.soanam.de\/it\/wp-json\/wp\/v2\/media?parent=81501"}],"wp:term":[{"taxonomy":"product_brand","embeddable":true,"href":"https:\/\/www.soanam.de\/it\/wp-json\/wp\/v2\/product_brand?post=81501"},{"taxonomy":"product_cat","embeddable":true,"href":"https:\/\/www.soanam.de\/it\/wp-json\/wp\/v2\/product_cat?post=81501"},{"taxonomy":"product_tag","embeddable":true,"href":"https:\/\/www.soanam.de\/it\/wp-json\/wp\/v2\/product_tag?post=81501"}],"curies":[{"name":"wp","href":"https:\/\/api.w.org\/{rel}","templated":true}]}}