{"id":81438,"date":"2023-12-14T01:58:54","date_gmt":"2023-12-14T00:58:54","guid":{"rendered":"https:\/\/www.soanam.de\/?post_type=product&#038;p=81438"},"modified":"2023-12-14T02:01:15","modified_gmt":"2023-12-14T01:01:15","slug":"pigiama-arizona-bicolore-in-nero-ecru-taglia-36-38-2","status":"publish","type":"product","link":"https:\/\/www.soanam.de\/it\/produkt\/arizona-pyjama-zweifarbig-in-schwarz-ecru-groesse-36-38-2\/","title":{"rendered":"Pigiama Arizona, bicolore, in nero-ecr\u00f9, taglia 36\/38"},"content":{"rendered":"<p>Pigiama sportivo dall'Arizona<br \/>\nManiche raglan colorate a contrasto<br \/>\nStampa sulla parte sinistra del petto<br \/>\nPantaloni con coulisse elastica in vita<br \/>\nQualit\u00e0 del morbido single jersey<\/p>\n<p>Questo pigiama di Arizona vanta un comfort di prima classe e un design di tendenza.<br \/>\nLa camicia a maniche lunghe presenta maniche raglan a righe in colore a contrasto, scollo rotondo e piccola stampa del logo sul davanti.<br \/>\nQuesti pantaloni lunghi sono caratterizzati da un elastico in vita con coulisse a contrasto e strisce a contrasto sulle gambe.<br \/>\nIl soffice jersey di cotone \u00e8 morbidissimo sulla pelle, mentre i morbidi polsini alle estremit\u00e0 delle braccia, dell'orlo e delle gambe assicurano una vestibilit\u00e0 perfetta.<\/p>\n<p>Materiale: cotone 100%<br \/>\nIstruzioni per la cura: Lavare in lavatrice<\/p>\n<p>Colore: nero, ecru<br \/>\nModello: Stampa logo<br \/>\nDimensione: 36\/38<\/p>\n<p>Pantaloni top<br \/>\nLarghezza del petto: 92 cm Larghezza del cavallo: 74 cm<br \/>\nLunghezza totale: 59 cm Lunghezza totale: 94 cm<\/p>\n<p>&nbsp;<\/p>\n<p>&nbsp;<\/p>","protected":false},"excerpt":{"rendered":"<div class=\"spec-holder\">\n<div class=\"row\">\n<div class=\"col-xs-5 spec-name\">\n<table class=\"dv_characteristicsTable\">\n<tbody>\n<tr>\n<td class=\"left\">Dimensione<\/td>\n<td>36\/38<\/td>\n<\/tr>\n<tr>\n<td class=\"left\">Gr\u00f6\u00dfentyp<\/td>\n<td>Normalgr\u00f6\u00dfen<\/td>\n<\/tr>\n<tr>\n<td class=\"left\">Colore<\/td>\n<td>schwarz, ecru<\/td>\n<\/tr>\n<tr>\n<td class=\"left\">Applikationen<\/td>\n<td>Druck<\/td>\n<\/tr>\n<tr>\n<td class=\"left\">Verschluss<\/td>\n<td>Bindeband, Tunnelzug<\/td>\n<\/tr>\n<tr>\n<td class=\"left\">Verschlussdetails<\/td>\n<td>vorn, zum Binden<\/td>\n<\/tr>\n<tr>\n<td class=\"left\">Composizione del materiale<\/td>\n<td>Obermaterial: 100% Baumwolle<\/td>\n<\/tr>\n<tr>\n<td class=\"left\">Istruzioni per la cura<\/td>\n<td>Lavaggio in lavatrice<\/td>\n<\/tr>\n<tr>\n<td class=\"left\">Stil<\/td>\n<td>Basic<\/td>\n<\/tr>\n<tr>\n<td class=\"left\">Ausschnitt<\/td>\n<td>Rundhals<\/td>\n<\/tr>\n<tr>\n<td class=\"left\">\u00c4rmel<\/td>\n<td>Manica lunga<\/td>\n<\/tr>\n<tr>\n<td class=\"left\">\u00c4rmeldetails<\/td>\n<td>mit Riegel<\/td>\n<\/tr>\n<tr>\n<td class=\"left\">\u00c4rmelabschluss<\/td>\n<td>angesetztes B\u00fcndchen<\/td>\n<\/tr>\n<tr>\n<td class=\"left\">In forma<\/td>\n<td>bequem<\/td>\n<\/tr>\n<tr>\n<td class=\"left\">Schnittform L\u00e4nge<\/td>\n<td>lang<\/td>\n<\/tr>\n<tr>\n<td class=\"left\">Beinform<\/td>\n<td>gerade, unten schmal<\/td>\n<\/tr>\n<tr>\n<td class=\"left\">Beinabschluss<\/td>\n<td>angesetztes B\u00fcndchen<\/td>\n<\/tr>\n<\/tbody>\n<\/table>\n<\/div>\n<\/div>\n<\/div>","protected":false},"featured_media":81553,"comment_status":"open","ping_status":"closed","template":"","meta":{"_seopress_robots_primary_cat":"","_seopress_titles_title":"","_seopress_titles_desc":"","_seopress_robots_index":""},"product_brand":[],"product_cat":[1348,1520,1639],"product_tag":[],"class_list":{"0":"post-81438","1":"product","2":"type-product","3":"status-publish","4":"has-post-thumbnail","6":"product_cat-damen-mode","7":"product_cat-nachtwaesche","8":"product_cat-pyjama-lang","9":"product_shipping_class-standard-versand","11":"first","12":"instock","13":"taxable","14":"shipping-taxable","15":"purchasable","16":"product-type-simple"},"_links":{"self":[{"href":"https:\/\/www.soanam.de\/it\/wp-json\/wp\/v2\/product\/81438","targetHints":{"allow":["GET"]}}],"collection":[{"href":"https:\/\/www.soanam.de\/it\/wp-json\/wp\/v2\/product"}],"about":[{"href":"https:\/\/www.soanam.de\/it\/wp-json\/wp\/v2\/types\/product"}],"replies":[{"embeddable":true,"href":"https:\/\/www.soanam.de\/it\/wp-json\/wp\/v2\/comments?post=81438"}],"wp:featuredmedia":[{"embeddable":true,"href":"https:\/\/www.soanam.de\/it\/wp-json\/wp\/v2\/media\/81553"}],"wp:attachment":[{"href":"https:\/\/www.soanam.de\/it\/wp-json\/wp\/v2\/media?parent=81438"}],"wp:term":[{"taxonomy":"product_brand","embeddable":true,"href":"https:\/\/www.soanam.de\/it\/wp-json\/wp\/v2\/product_brand?post=81438"},{"taxonomy":"product_cat","embeddable":true,"href":"https:\/\/www.soanam.de\/it\/wp-json\/wp\/v2\/product_cat?post=81438"},{"taxonomy":"product_tag","embeddable":true,"href":"https:\/\/www.soanam.de\/it\/wp-json\/wp\/v2\/product_tag?post=81438"}],"curies":[{"name":"wp","href":"https:\/\/api.w.org\/{rel}","templated":true}]}}