{"id":81419,"date":"2023-12-14T01:58:31","date_gmt":"2023-12-14T00:58:31","guid":{"rendered":"https:\/\/www.soanam.de\/?post_type=product&#038;p=81419"},"modified":"2023-12-14T02:00:52","modified_gmt":"2023-12-14T01:00:52","slug":"lascana-klassisches-nachthemd-mit-streifen-in-schwarz-weiss-groesse-36-38","status":"publish","type":"product","link":"https:\/\/www.soanam.de\/it\/produkt\/lascana-klassisches-nachthemd-mit-streifen-in-schwarz-weiss-groesse-36-38\/","title":{"rendered":"Camicia da notte classica LASCANA a righe, in bianco e nero, taglia 36\/38"},"content":{"rendered":"<p>Klassisches Nachthemd von Lascana<br \/>\nIm Streifendesign und klassichem Hemdkragen<br \/>\nAbbottonatura a tutta lunghezza<br \/>\nAufgesetzte Brusttaschen in Querstreifen<br \/>\nAus softem Baumwoll-Viskose-Mix<\/p>\n<p>Das Nachthemd von Lascana \u00fcberzeugt durch seinen klassischen Look und ganz viel Tragekomfort.<br \/>\nDas dezente Streifenmuster ergibt zusammen mit den aufgesetzten Brusttaschen, dem typischen Hemdkragen und der frontalen Knopfleiste ein stilsicheres und unaufgeregtes Design.<br \/>\nDie 3\/4-langen \u00c4rmel und der kurze Schnitt bringen eine l\u00e4ssige Note ins Spiel und machen das Schlafshirt sch\u00f6n luftig.<\/p>\n<p>Material: 50% Baumwolle , 50% Viskose<br \/>\nIstruzioni per la cura: Lavare in lavatrice<\/p>\n<p>Colore: bianco e nero<br \/>\nMotivo: Strisce<br \/>\nDimensione: 36\/38<\/p>\n<p>Larghezza della spalla: 39 cm<br \/>\nLarghezza del petto: 94 cm<br \/>\nLunghezza delle maniche: 39 cm<br \/>\nLunghezza totale: 83 cm<\/p>\n<p>Questo nuovo articolo \u00e8 un reso del cliente senza etichetta.<\/p>\n<p>&nbsp;<\/p>","protected":false},"excerpt":{"rendered":"<div class=\"spec-holder\">\n<div class=\"row\">\n<div class=\"col-xs-5 spec-name\">\n<table class=\"dv_characteristicsTable\">\n<tbody>\n<tr>\n<td class=\"left\">Dimensione<\/td>\n<td>36\/38<\/td>\n<\/tr>\n<tr>\n<td class=\"left\">Gr\u00f6\u00dfentyp<\/td>\n<td>Normalgr\u00f6\u00dfen<\/td>\n<\/tr>\n<tr>\n<td class=\"left\">Composizione del materiale<\/td>\n<td>50% Baumwolle , 50% Viskose<\/td>\n<\/tr>\n<tr>\n<td class=\"left\">Materialart<\/td>\n<td>Maglia singola<\/td>\n<\/tr>\n<tr>\n<td class=\"left\">Istruzioni per la cura<\/td>\n<td>Lavaggio in lavatrice<\/td>\n<\/tr>\n<tr>\n<td class=\"left\">Optik<\/td>\n<td>gestreift<\/td>\n<\/tr>\n<tr>\n<td class=\"left\">Stil<\/td>\n<td>klassisch<\/td>\n<\/tr>\n<tr>\n<td class=\"left\">Kragen<\/td>\n<td>normaler Hemdkragen<\/td>\n<\/tr>\n<tr>\n<td class=\"left\">\u00c4rmel<\/td>\n<td>3\/4-\u00c4rmel<\/td>\n<\/tr>\n<tr>\n<td class=\"left\">\u00c4rmelabschluss<\/td>\n<td>breiter Bund<\/td>\n<\/tr>\n<tr>\n<td class=\"left\">In forma<\/td>\n<td>figurumspielend<\/td>\n<\/tr>\n<tr>\n<td class=\"left\">Schnittform L\u00e4nge<\/td>\n<td>ca. Mitte Oberschenkel<\/td>\n<\/tr>\n<tr>\n<td class=\"left\">Colore<\/td>\n<td>schwarz-gestreift<\/td>\n<\/tr>\n<tr>\n<td class=\"left\">Borse<\/td>\n<td>Brusttaschen<\/td>\n<\/tr>\n<tr>\n<td class=\"left\">Verschluss<\/td>\n<td>Abbottonatura<\/td>\n<\/tr>\n<tr>\n<td class=\"left\">Besondere Merkmale<\/td>\n<td>klassische Form mit L\u00e4ngsstreifen<\/td>\n<\/tr>\n<\/tbody>\n<\/table>\n<\/div>\n<\/div>\n<\/div>","protected":false},"featured_media":81535,"comment_status":"open","ping_status":"closed","template":"","meta":{"_seopress_robots_primary_cat":"","_seopress_titles_title":"","_seopress_titles_desc":"","_seopress_robots_index":""},"product_brand":[],"product_cat":[1348,1520,1616],"product_tag":[],"class_list":{"0":"post-81419","1":"product","2":"type-product","3":"status-publish","4":"has-post-thumbnail","6":"product_cat-damen-mode","7":"product_cat-nachtwaesche","8":"product_cat-nachthemden","9":"product_shipping_class-standard-versand","11":"first","12":"instock","13":"sale","14":"taxable","15":"shipping-taxable","16":"purchasable","17":"product-type-simple"},"_links":{"self":[{"href":"https:\/\/www.soanam.de\/it\/wp-json\/wp\/v2\/product\/81419","targetHints":{"allow":["GET"]}}],"collection":[{"href":"https:\/\/www.soanam.de\/it\/wp-json\/wp\/v2\/product"}],"about":[{"href":"https:\/\/www.soanam.de\/it\/wp-json\/wp\/v2\/types\/product"}],"replies":[{"embeddable":true,"href":"https:\/\/www.soanam.de\/it\/wp-json\/wp\/v2\/comments?post=81419"}],"wp:featuredmedia":[{"embeddable":true,"href":"https:\/\/www.soanam.de\/it\/wp-json\/wp\/v2\/media\/81535"}],"wp:attachment":[{"href":"https:\/\/www.soanam.de\/it\/wp-json\/wp\/v2\/media?parent=81419"}],"wp:term":[{"taxonomy":"product_brand","embeddable":true,"href":"https:\/\/www.soanam.de\/it\/wp-json\/wp\/v2\/product_brand?post=81419"},{"taxonomy":"product_cat","embeddable":true,"href":"https:\/\/www.soanam.de\/it\/wp-json\/wp\/v2\/product_cat?post=81419"},{"taxonomy":"product_tag","embeddable":true,"href":"https:\/\/www.soanam.de\/it\/wp-json\/wp\/v2\/product_tag?post=81419"}],"curies":[{"name":"wp","href":"https:\/\/api.w.org\/{rel}","templated":true}]}}