{"id":81134,"date":"2023-12-14T01:45:34","date_gmt":"2023-12-14T00:45:34","guid":{"rendered":"https:\/\/www.soanam.de\/?post_type=product&#038;p=81134"},"modified":"2023-12-14T01:48:44","modified_gmt":"2023-12-14T00:48:44","slug":"activision-blizzard-destiny-2-edizione-standard-xbox-one","status":"publish","type":"product","link":"https:\/\/www.soanam.de\/it\/produkt\/activision-blizzard-destiny-2-standard-edition-xbox-one\/","title":{"rendered":"Activision Blizzard Destiny 2 - Edizione standard (Xbox One)"},"content":{"rendered":"<h3>Descrizione del prodotto<\/h3>\n<p>Von den Machern des Spielehits Destiny kommt nun die lang erwartete Fortsetzung. Ein Actionspiel, das dich auf eine epische Reise durch das Sonnensystem f\u00fchrt.<\/p>\n<p>Die letzte sichere Stadt der Menschheit ist einer Invasions-\u00dcbermacht unter Ghaul in die H\u00e4nde gefallen, dem imposanten Kommandanten der Rotlegion der Kabale. Er hat den H\u00fctern der Stadt ihre Macht entzogen und die \u00dcberlebenden in die Flucht geschlagen. Du reist zu mysteri\u00f6sen, unbekannten Welten unseres Sonnensystems und entdeckst ein Arsenal an Waffen und verheerenden neuen Kampffertigkeiten. Wenn du die Rotlegion besiegen und dich Ghaul stellen willst, musst du die verstreuten Helden der Menschheit wiedervereinen, damit ihr gemeinsam unsere Heimat zur\u00fcckerobern k\u00f6nnt.<\/p>\n<p><strong>Features:<\/strong><br \/>\nUmfangreiche filmreife Story-Kampagne<br \/>\nZahlreiche Koop-Spielmodi f\u00fcr epischen Spa\u00df<br \/>\nIntensive kompetitive 4-gegen-4-Mehrspieler-Partien, darunter 5 verschiedene PvP-Modi<br \/>\nWeitl\u00e4ufige, noch nie zuvor gesehene Welten und Orte zum Erkunden<br \/>\nPasse die Waffen und R\u00fcstung deines Charakters mit einer v\u00f6llig neuen Auswahl von Ausr\u00fcstung an.<br \/>\nErforsche die Verlorenen Sektoren, schlie\u00dfe neue Abenteuermissionen ab oder verb\u00fcnde dich bei \u00f6ffentlichen Events mit anderen H\u00fctern.<br \/>\nEinf\u00fchrung eines brandneuen Guide-Spiele-Systems, das Spielern hilft, gleichgesinnte Gruppen f\u00fcr die herausforderndsten Aktivit\u00e4ten in Destiny 2, wie den Raid, zu finden.<\/p>\n<p><strong>Technische Daten<\/strong><br \/>\nHighlights<br \/>\nPlattform Xbox One<br \/>\nAltersfreigabe (USK) Ab 16 Jahren<br \/>\nGenre Action<br \/>\nHersteller Activision Blizzard<br \/>\nDatentr\u00e4ger Blu-ray<br \/>\nHersteller Activision Blizzard<br \/>\nProdukttyp Software<\/p>\n<p><strong>Caratteristiche <\/strong><br \/>\nHersteller Activision Blizzard<br \/>\nProdukttyp Software<br \/>\nTitel Destiny 2 - Standard Edition<br \/>\nGenre Action<br \/>\nAltersfreigabe (USK) Ab 16 Jahren<br \/>\nPlattform Xbox One<br \/>\nenthaltene Untertitel Deutsch<br \/>\nVerf\u00fcgbare Sprachen Anleitung Deutsch<br \/>\nDatentr\u00e4ger Blu-ray<br \/>\nDatentr\u00e4ger Anzahl 1<br \/>\nSystemvoraussetzungen 68 GB Speicherplatz erforderlich<br \/>\nEdition Standard Edition<br \/>\nPackma\u00dfe (BxHxT) (cm) 137 mm \/ 15 mm \/ 173 mm<br \/>\nDownload Content (DLC) Nein<br \/>\nOnline Produkt-Updates Nein<br \/>\nInternetverbindung erforderlich Ja<br \/>\nKopierschutz Nein<br \/>\nRegistrierung per Hersteller notwendig Nein<br \/>\nEAN 5030917214080<\/p>","protected":false},"excerpt":{"rendered":"<h3>Caratteristiche dell'articolo<\/h3>\n<p>Artikelzustand: Neu - Artikel, dessen Originalverpackung (sofern zutreffend) nicht ge\u00f6ffnet oder entfernt wurde<\/p>\n<table dir=\"ltr\" border=\"1\" cellspacing=\"0\" cellpadding=\"0\">\n<colgroup>\n<col width=\"194\" \/>\n<col width=\"223\" \/><\/colgroup>\n<tbody>\n<tr>\n<td data-sheets-value=\"{&quot;1&quot;:2,&quot;2&quot;:&quot;EAN:&quot;}\">EAN:<\/td>\n<td data-sheets-value=\"{&quot;1&quot;:3,&quot;3&quot;:5030917214080}\">5030917214080<\/td>\n<\/tr>\n<tr>\n<td data-sheets-value=\"{&quot;1&quot;:2,&quot;2&quot;:&quot;Erscheinungsjahr:&quot;}\">Erscheinungsjahr:<\/td>\n<td data-sheets-value=\"{&quot;1&quot;:3,&quot;3&quot;:2017}\">2017<\/td>\n<\/tr>\n<tr>\n<td data-sheets-value=\"{&quot;1&quot;:2,&quot;2&quot;:&quot;Genre:&quot;}\">Genre:<\/td>\n<td data-sheets-value=\"{&quot;1&quot;:2,&quot;2&quot;:&quot;Action &amp; Abenteuer&quot;}\">Action &amp; Abenteuer<\/td>\n<\/tr>\n<tr>\n<td data-sheets-value=\"{&quot;1&quot;:2,&quot;2&quot;:&quot;Herstellernummer:&quot;}\">Herstellernummer:<\/td>\n<td data-sheets-value=\"{&quot;1&quot;:2,&quot;2&quot;:&quot;88098206GM&quot;}\">88098206GM<\/td>\n<\/tr>\n<tr>\n<td data-sheets-value=\"{&quot;1&quot;:2,&quot;2&quot;:&quot;Plattform:&quot;}\">Plattform:<\/td>\n<td data-sheets-value=\"{&quot;1&quot;:2,&quot;2&quot;:&quot;Microsoft Xbox One&quot;}\">Microsoft Xbox One<\/td>\n<\/tr>\n<tr>\n<td data-sheets-value=\"{&quot;1&quot;:2,&quot;2&quot;:&quot;Spielname:&quot;}\">Spielname:<\/td>\n<td data-sheets-value=\"{&quot;1&quot;:2,&quot;2&quot;:&quot;Destiny 2&quot;}\">Destiny 2<\/td>\n<\/tr>\n<tr>\n<td data-sheets-value=\"{&quot;1&quot;:2,&quot;2&quot;:&quot;USK-Einstufung:&quot;}\">USK-Einstufung:<\/td>\n<td data-sheets-value=\"{&quot;1&quot;:2,&quot;2&quot;:&quot;USK ab 16 Jahren&quot;}\">USK ab 16 Jahren<\/td>\n<\/tr>\n<tr>\n<td data-sheets-value=\"{&quot;1&quot;:2,&quot;2&quot;:&quot;Videospiel-Serie:&quot;}\">Videospiel-Serie:<\/td>\n<td data-sheets-value=\"{&quot;1&quot;:2,&quot;2&quot;:&quot;Destiny&quot;}\">Destiny<\/td>\n<\/tr>\n<\/tbody>\n<\/table>","protected":false},"featured_media":81262,"comment_status":"open","ping_status":"closed","template":"","meta":{"_seopress_robots_primary_cat":"","_seopress_titles_title":"","_seopress_titles_desc":"","_seopress_robots_index":""},"product_brand":[],"product_cat":[1423,1627],"product_tag":[],"class_list":{"0":"post-81134","1":"product","2":"type-product","3":"status-publish","4":"has-post-thumbnail","6":"product_cat-multimedia","7":"product_cat-spiele","8":"product_shipping_class-standard-versand","10":"first","11":"instock","12":"sale","13":"taxable","14":"shipping-taxable","15":"purchasable","16":"product-type-simple"},"_links":{"self":[{"href":"https:\/\/www.soanam.de\/it\/wp-json\/wp\/v2\/product\/81134","targetHints":{"allow":["GET"]}}],"collection":[{"href":"https:\/\/www.soanam.de\/it\/wp-json\/wp\/v2\/product"}],"about":[{"href":"https:\/\/www.soanam.de\/it\/wp-json\/wp\/v2\/types\/product"}],"replies":[{"embeddable":true,"href":"https:\/\/www.soanam.de\/it\/wp-json\/wp\/v2\/comments?post=81134"}],"wp:featuredmedia":[{"embeddable":true,"href":"https:\/\/www.soanam.de\/it\/wp-json\/wp\/v2\/media\/81262"}],"wp:attachment":[{"href":"https:\/\/www.soanam.de\/it\/wp-json\/wp\/v2\/media?parent=81134"}],"wp:term":[{"taxonomy":"product_brand","embeddable":true,"href":"https:\/\/www.soanam.de\/it\/wp-json\/wp\/v2\/product_brand?post=81134"},{"taxonomy":"product_cat","embeddable":true,"href":"https:\/\/www.soanam.de\/it\/wp-json\/wp\/v2\/product_cat?post=81134"},{"taxonomy":"product_tag","embeddable":true,"href":"https:\/\/www.soanam.de\/it\/wp-json\/wp\/v2\/product_tag?post=81134"}],"curies":[{"name":"wp","href":"https:\/\/api.w.org\/{rel}","templated":true}]}}