{"id":81132,"date":"2023-12-14T01:45:33","date_gmt":"2023-12-14T00:45:33","guid":{"rendered":"https:\/\/www.soanam.de\/?post_type=product&#038;p=81132"},"modified":"2023-12-14T01:48:37","modified_gmt":"2023-12-14T00:48:37","slug":"la-dieta-giusta-per-le-malattie-del-fegato-ricette-vegetariane-anne-iburg","status":"publish","type":"product","link":"https:\/\/www.soanam.de\/it\/produkt\/die-richtige-ernaehrung-bei-lebererkrankungen-vegetarische-rezepte-anne-iburg\/","title":{"rendered":"La dieta giusta per le malattie del fegato, + ricette vegetariane, Anne Iburg"},"content":{"rendered":"<h3>Descrizione del prodotto<\/h3>\n<p>Viele leckere Rezepte, die jedem schmecken.<br \/>\nMit einem Geleitwort der Deutschen Leberhilfe e. V. 60 Abbildungen.<br \/>\nBuch (kartoniert)<\/p>\n<p><strong>Descrizione del<\/strong><br \/>\nAlles \u00fcber die Leber - umfassend, aktuell, verst\u00e4ndlich:<br \/>\nMit der richtigen Ern\u00e4hrung gezielt die Leber schonen Lebererkrankungen k\u00f6nnen viele unterschiedliche Ursachen haben: Neben Hepatitis-Viren, Alkohol und Medikamenten k\u00f6nnen auch \u00dcbergewicht, Stoffwechsel- oder Autoimmunerkrankungen unsere Leber sch\u00e4digen. Zum Gl\u00fcck ist die Leber bis zu einem gewissen Grad ein reparables Organ. Durch die richtige Therapie, bei der die Ern\u00e4hrung h\u00e4ufig eine Schl\u00fcsselrolle einnimmt, l\u00e4sst sich oft eine vollst\u00e4ndige Genesung erreichen. Die Ern\u00e4hrungsexpertin Anne Iburg zeigt Betroffenen, wie eine lebergesunde Ern\u00e4hrung aussieht und wie man diese genussvoll in der Praxis umsetzt. In den Rezepten sind die Hauptn\u00e4hrstoffe Eiwei\u00df, Fett und Kohlenhydrate sowie der Kaloriengehalt ausgewiesen. Sowohl f\u00fcr \u00dcbergewichtige mit einer Fettleber als auch f\u00fcr Patienten mit einer Leberzirrhose und Untergewicht: Dieser Ratgeber f\u00fchrt Sie zur richtigen Ern\u00e4hrung!<\/p>\n<p><strong>Aus dem Inhalt:<\/strong><br \/>\n- Leber - Chemiegigant in unserem K\u00f6rper.<br \/>\n- Fettleber - die versteckte und geduldige Volkskrankheit.<br \/>\n- So sieht eine lebergesunde Ern\u00e4hrung aus.<br \/>\n- Die Leberdi\u00e4t: Ihr Einstieg in ein neues Essverhalten.<br \/>\n- Leckere Rezepte f\u00fcr jeden Tag.<\/p>\n<p><strong>Dettagli del prodotto<\/strong><br \/>\nTitel: Die richtige Ern\u00e4hrung bei Lebererkrankungen<br \/>\nAutor: Anne Iburg<\/p>\n<p>ISBN: 3899938682<br \/>\nEAN: 9783899938685<br \/>\nViele leckere Rezepte, die jedem schmecken. Mit einem Geleitwort der Deutschen Leberhilfe e. V.<br \/>\n60 Abbildungen.<br \/>\nSchl\u00fctersche Verlag<br \/>\n1. September 2015 - kartoniert - 149 Seiten<\/p>","protected":false},"excerpt":{"rendered":"<h3>Caratteristiche dell'articolo<\/h3>\n<p>Artikelzustand: Neu - Neues, ungelesenes, ungebrauchtes Buch in makellosem Zustand<\/p>\n<table dir=\"ltr\" border=\"1\" cellspacing=\"0\" cellpadding=\"0\">\n<colgroup>\n<col width=\"194\" \/>\n<col width=\"223\" \/><\/colgroup>\n<tbody>\n<tr>\n<td data-sheets-value=\"{&quot;1&quot;:2,&quot;2&quot;:&quot;Anzahl der Seiten:&quot;}\">Anzahl der Seiten:<\/td>\n<td data-sheets-value=\"{&quot;1&quot;:2,&quot;2&quot;:&quot;149 Seiten&quot;}\">149 Seiten<\/td>\n<\/tr>\n<tr>\n<td data-sheets-value=\"{&quot;1&quot;:2,&quot;2&quot;:&quot;Autor:&quot;}\">Autor:<\/td>\n<td data-sheets-value=\"{&quot;1&quot;:2,&quot;2&quot;:&quot;Anne Iburg&quot;}\">Anne Iburg<\/td>\n<\/tr>\n<tr>\n<td data-sheets-value=\"{&quot;1&quot;:2,&quot;2&quot;:&quot;Besonderheiten:&quot;}\">Caratteristiche speciali:<\/td>\n<td data-sheets-value=\"{&quot;1&quot;:2,&quot;2&quot;:&quot;Illustriert&quot;}\">Illustriert<\/td>\n<\/tr>\n<tr>\n<td data-sheets-value=\"{&quot;1&quot;:2,&quot;2&quot;:&quot;Erscheinungsjahr:&quot;}\">Erscheinungsjahr:<\/td>\n<td data-sheets-value=\"{&quot;1&quot;:3,&quot;3&quot;:2015}\">2015<\/td>\n<\/tr>\n<tr>\n<td data-sheets-value=\"{&quot;1&quot;:2,&quot;2&quot;:&quot;Fachbereich:&quot;}\">Fachbereich:<\/td>\n<td data-sheets-value=\"{&quot;1&quot;:2,&quot;2&quot;:&quot;Lebererkrankungen&quot;}\">Lebererkrankungen<\/td>\n<\/tr>\n<tr>\n<td data-sheets-value=\"{&quot;1&quot;:2,&quot;2&quot;:&quot;Format:&quot;}\">Format:<\/td>\n<td data-sheets-value=\"{&quot;1&quot;:2,&quot;2&quot;:&quot;Taschenbuch&quot;}\">In brossura<\/td>\n<\/tr>\n<tr>\n<td data-sheets-value=\"{&quot;1&quot;:2,&quot;2&quot;:&quot;Herstellungsland und -region:&quot;}\">Herstellungsland und -region:<\/td>\n<td data-sheets-value=\"{&quot;1&quot;:2,&quot;2&quot;:&quot;Deutschland&quot;}\">Germania<\/td>\n<\/tr>\n<tr>\n<td data-sheets-value=\"{&quot;1&quot;:2,&quot;2&quot;:&quot;ISBN:&quot;}\">ISBN:<\/td>\n<td data-sheets-value=\"{&quot;1&quot;:3,&quot;3&quot;:9783899938685}\">9783899938685<\/td>\n<\/tr>\n<tr>\n<td data-sheets-value=\"{&quot;1&quot;:2,&quot;2&quot;:&quot;Modifizierter Artikel:&quot;}\">Modifizierter Artikel:<\/td>\n<td data-sheets-value=\"{&quot;1&quot;:2,&quot;2&quot;:&quot;Nein&quot;}\">Nein<\/td>\n<\/tr>\n<tr>\n<td data-sheets-value=\"{&quot;1&quot;:2,&quot;2&quot;:&quot;Publikationsname:&quot;}\">Publikationsname:<\/td>\n<td data-sheets-value=\"{&quot;1&quot;:2,&quot;2&quot;:&quot;Die Richtige Ern\u00e4hrung bei Lebererkrankungen&quot;}\">\n<div>\n<div>Die Richtige Ern\u00e4hrung bei Lebererkrankungen<\/div>\n<\/div>\n<\/td>\n<\/tr>\n<tr>\n<td data-sheets-value=\"{&quot;1&quot;:2,&quot;2&quot;:&quot;Reihe:&quot;}\">Reihe:<\/td>\n<td data-sheets-value=\"{&quot;1&quot;:2,&quot;2&quot;:&quot;Rezepte, die schmecken&quot;}\">Rezepte, die schmecken<\/td>\n<\/tr>\n<tr>\n<td data-sheets-value=\"{&quot;1&quot;:2,&quot;2&quot;:&quot;Sprache:&quot;}\">Sprache:<\/td>\n<td data-sheets-value=\"{&quot;1&quot;:2,&quot;2&quot;:&quot;Deutsch&quot;}\">Tedesco<\/td>\n<\/tr>\n<tr>\n<td data-sheets-value=\"{&quot;1&quot;:2,&quot;2&quot;:&quot;Thema:&quot;}\">Thema:<\/td>\n<td data-sheets-value=\"{&quot;1&quot;:2,&quot;2&quot;:&quot;richtige Ern\u00e4hrung&quot;}\">richtige Ern\u00e4hrung<\/td>\n<\/tr>\n<tr>\n<td data-sheets-value=\"{&quot;1&quot;:2,&quot;2&quot;:&quot;Verlag:&quot;}\">Verlag:<\/td>\n<td data-sheets-value=\"{&quot;1&quot;:2,&quot;2&quot;:&quot;Humboldt, Schl\u00fctersche Verlag&quot;}\">Humboldt, Schl\u00fctersche Verlag<\/td>\n<\/tr>\n<\/tbody>\n<\/table>","protected":false},"featured_media":81254,"comment_status":"open","ping_status":"closed","template":"","meta":{"_seopress_robots_primary_cat":"","_seopress_titles_title":"","_seopress_titles_desc":"","_seopress_robots_index":""},"product_brand":[],"product_cat":[1428,1434,1447],"product_tag":[],"class_list":{"0":"post-81132","1":"product","2":"type-product","3":"status-publish","4":"has-post-thumbnail","6":"product_cat-buecher","7":"product_cat-erwachsene","8":"product_cat-ratgeber","9":"product_shipping_class-standard-versand","11":"first","12":"instock","13":"taxable","14":"shipping-taxable","15":"purchasable","16":"product-type-simple"},"_links":{"self":[{"href":"https:\/\/www.soanam.de\/it\/wp-json\/wp\/v2\/product\/81132","targetHints":{"allow":["GET"]}}],"collection":[{"href":"https:\/\/www.soanam.de\/it\/wp-json\/wp\/v2\/product"}],"about":[{"href":"https:\/\/www.soanam.de\/it\/wp-json\/wp\/v2\/types\/product"}],"replies":[{"embeddable":true,"href":"https:\/\/www.soanam.de\/it\/wp-json\/wp\/v2\/comments?post=81132"}],"wp:featuredmedia":[{"embeddable":true,"href":"https:\/\/www.soanam.de\/it\/wp-json\/wp\/v2\/media\/81254"}],"wp:attachment":[{"href":"https:\/\/www.soanam.de\/it\/wp-json\/wp\/v2\/media?parent=81132"}],"wp:term":[{"taxonomy":"product_brand","embeddable":true,"href":"https:\/\/www.soanam.de\/it\/wp-json\/wp\/v2\/product_brand?post=81132"},{"taxonomy":"product_cat","embeddable":true,"href":"https:\/\/www.soanam.de\/it\/wp-json\/wp\/v2\/product_cat?post=81132"},{"taxonomy":"product_tag","embeddable":true,"href":"https:\/\/www.soanam.de\/it\/wp-json\/wp\/v2\/product_tag?post=81132"}],"curies":[{"name":"wp","href":"https:\/\/api.w.org\/{rel}","templated":true}]}}