{"id":81012,"date":"2023-12-14T01:43:06","date_gmt":"2023-12-14T00:43:06","guid":{"rendered":"https:\/\/www.soanam.de\/?post_type=product&#038;p=81012"},"modified":"2023-12-14T01:45:25","modified_gmt":"2023-12-14T00:45:25","slug":"e-arrivato-il-gimbal-per-telecamera-optimus-3-assi-con-supporto-pieghevole-a-doppia-impugnatura-e-custodia-rigida","status":"publish","type":"product","link":"https:\/\/www.soanam.de\/it\/produkt\/came-tv-optimus-3-axis-camera-gimbal-mit-doppelgriff-faltstaender-in-hartschalenkoffer\/","title":{"rendered":"CAME-TV Optimus 3-Axis Camera Gimbal con doppia impugnatura, supporto pieghevole in custodia rigida"},"content":{"rendered":"<h3>Descrizione del<\/h3>\n<p>Il gimbal a 3 assi per telecamera CAME-TV Optimus consente di operare con una sola mano. Tutti i comandi e la batteria si trovano all'esterno dell'impugnatura. L'impugnatura singola pu\u00f2 essere sostituita da un'impugnatura doppia a seconda delle esigenze del cameraman.<\/p>\n<p>Il design consente inoltre di utilizzare l'Optimus Gimbal completamente capovolto o sommerso. Tutti i motori possono essere ruotati di 360\u00b0 senza limitazioni per aumentare la portata e la flessibilit\u00e0 durante il funzionamento. Il gimbal offre una durata della batteria fino a 10 ore con una singola carica. L'impugnatura singola \u00e8 dotata di un joystick incorporato e il gimbal include anche un telecomando joystick wireless.<\/p>\n<p>Il gimbal Optimus \u00e8 dotato di una piastra per fotocamera a sgancio rapido e di regolazioni senza attrezzi per un bilanciamento facile e veloce della fotocamera. Viene fornito con 2 batterie, in modo da avere una riserva per le riprese pi\u00f9 lunghe e la comodit\u00e0 di caricarne una mentre si utilizza l'altra.<\/p>\n<p><strong>Condizione dell'articolo: Usato<\/strong><\/p>\n<p><strong>Consegna: Nella scatola<\/strong><br \/>\n* CAME-TV Optimus 3 assi per telecamera cardanica<br \/>\n* Impugnatura a una mano<br \/>\n* 2 batterie (10 ore ciascuna) 800 mAh, 11,1 V<br \/>\n* Caricabatterie<br \/>\n* Piastra a sgancio rapido<br \/>\n* Telecomando joystick senza fili<br \/>\n* Cavo USB<br \/>\n* 2 viti da 1\/4\" (1\/4\" e 3\/8\")<br \/>\n* Custodia rigida<br \/>\n* Doppia maniglia<br \/>\n* Mini stativo pieghevole<br \/>\n* Braccio magico con morsetto<\/p>","protected":false},"excerpt":{"rendered":"<p><strong>Caratteristiche dell'articolo<\/strong><\/p>\n<p>* Unterst\u00fctzt kleinere bis mittelgro\u00dfe DSLR- und spiegellose Kameras, einschlie\u00dflich BMPCC, Panasonic GH4, Sony A7r\/A7s-Serie usw. mit leichteren Objektiven<\/p>\n<p>* Bewegen Sie den Joystick (nach oben, unten, links, rechts), um die Richtung zu steuern<\/p>\n<p>* USB-Anschluss f\u00fcr PID- und Software\u00e4nderungen 1\/4\" Schraubenloch f\u00fcr den externen magischen Arm, Monitor und anderes Zubeh\u00f6r<\/p>\n<p>* Schaltfl\u00e4che Arbeitsmodi<\/p>\n<p>* 1\/4-Zoll- und 3\/8-Zoll-Schraubl\u00f6cher f\u00fcr Gimbal-Support-Zubeh\u00f6r<\/p>\n<p>* Wechseln Sie einfach zwischen Einzel- und Doppelgriffen<\/p>\n<p>* 10 Stunden Akkulaufzeit<\/p>\n<p>* Aufladestation<\/p>\n<p>* Vollst\u00e4ndige 360\u00b0-Drehung<\/p>\n<p>* Anti-Vibration behoben<\/p>\n<p>* Enth\u00e4lt eine drahtlose Joystick-Fernbedienung<\/p>","protected":false},"featured_media":81116,"comment_status":"open","ping_status":"closed","template":"","meta":{"_seopress_robots_primary_cat":"","_seopress_titles_title":"","_seopress_titles_desc":"","_seopress_robots_index":""},"product_brand":[],"product_cat":[1730],"product_tag":[],"class_list":{"0":"post-81012","1":"product","2":"type-product","3":"status-publish","4":"has-post-thumbnail","6":"product_cat-sonstiges-2","7":"product_shipping_class-standard-versand","9":"first","10":"instock","11":"sale","12":"taxable","13":"shipping-taxable","14":"purchasable","15":"product-type-simple"},"_links":{"self":[{"href":"https:\/\/www.soanam.de\/it\/wp-json\/wp\/v2\/product\/81012","targetHints":{"allow":["GET"]}}],"collection":[{"href":"https:\/\/www.soanam.de\/it\/wp-json\/wp\/v2\/product"}],"about":[{"href":"https:\/\/www.soanam.de\/it\/wp-json\/wp\/v2\/types\/product"}],"replies":[{"embeddable":true,"href":"https:\/\/www.soanam.de\/it\/wp-json\/wp\/v2\/comments?post=81012"}],"wp:featuredmedia":[{"embeddable":true,"href":"https:\/\/www.soanam.de\/it\/wp-json\/wp\/v2\/media\/81116"}],"wp:attachment":[{"href":"https:\/\/www.soanam.de\/it\/wp-json\/wp\/v2\/media?parent=81012"}],"wp:term":[{"taxonomy":"product_brand","embeddable":true,"href":"https:\/\/www.soanam.de\/it\/wp-json\/wp\/v2\/product_brand?post=81012"},{"taxonomy":"product_cat","embeddable":true,"href":"https:\/\/www.soanam.de\/it\/wp-json\/wp\/v2\/product_cat?post=81012"},{"taxonomy":"product_tag","embeddable":true,"href":"https:\/\/www.soanam.de\/it\/wp-json\/wp\/v2\/product_tag?post=81012"}],"curies":[{"name":"wp","href":"https:\/\/api.w.org\/{rel}","templated":true}]}}