{"id":80968,"date":"2023-12-14T01:42:10","date_gmt":"2023-12-14T00:42:10","guid":{"rendered":"https:\/\/www.soanam.de\/?post_type=product&#038;p=80968"},"modified":"2023-12-14T01:44:23","modified_gmt":"2023-12-14T00:44:23","slug":"abito-in-jersey-tamaris-con-maniche-3-4-in-nero-taglia-48","status":"publish","type":"product","link":"https:\/\/www.soanam.de\/it\/produkt\/tamaris-jerseykleid-mit-3-4-arm-in-schwarz-groesse-48\/","title":{"rendered":"Abito Tamaris in jersey con maniche a 3\/4, in nero, taglia 48"},"content":{"rendered":"<p>Abito base di TAMARIS<br \/>\nScollo rotondo<br \/>\nForma aderente alla figura con maniche a 3\/4<br \/>\nCon passanti per cintura - la cintura non \u00e8 inclusa<br \/>\nMorbidissimo misto viscosa<\/p>\n<p>Abito in jersey di Tamaris con maniche a 3\/4.<br \/>\n\u00c8 realizzato in un pregiato misto viscosa elasticizzato e presenta un collo rotondo.<br \/>\nIl top ha un taglio aderente alla figura. La gonna \u00e8 svasata.<br \/>\nL'abito in jersey elasticizzato \u00e8 aderente ed \u00e8 dotato di passanti per una cintura da annodare; la cintura non \u00e8 inclusa.<br \/>\nLa lunghezza \u00e8 al ginocchio.<\/p>\n<p>Materiale: 95% viscosa, 5% elastane<br \/>\nIstruzioni per la cura: Lavare in lavatrice<\/p>\n<p>Colore: nero<br \/>\nModello: senza<br \/>\nDimensione: 48<\/p>\n<p>Larghezza del torace: 116 cm<br \/>\nLunghezza delle maniche: 43 cm<br \/>\nLunghezza totale: 105 cm<\/p>","protected":false},"excerpt":{"rendered":"<div class=\"spec-holder\">\n<div class=\"row\">\n<div class=\"col-xs-5 spec-name\">\n<table class=\"dv_characteristicsTable\">\n<tbody>\n<tr>\n<td class=\"left\">Dimensione<\/td>\n<td>48<\/td>\n<\/tr>\n<tr>\n<td class=\"left\">Gr\u00f6\u00dfentyp<\/td>\n<td>Normalgr\u00f6\u00dfen<\/td>\n<\/tr>\n<tr>\n<td class=\"left\">Composizione del materiale<\/td>\n<td>Obermaterial: 95% Viskose, 5% Elastan<\/td>\n<\/tr>\n<tr>\n<td class=\"left\">Istruzioni per la cura<\/td>\n<td>Lavaggio in lavatrice<\/td>\n<\/tr>\n<tr>\n<td class=\"left\">Optik<\/td>\n<td>monocolore<\/td>\n<\/tr>\n<tr>\n<td class=\"left\">Stil<\/td>\n<td>casual<\/td>\n<\/tr>\n<tr>\n<td class=\"left\">Colore<\/td>\n<td>schwarz<\/td>\n<\/tr>\n<tr>\n<td class=\"left\">Besondere Merkmale<\/td>\n<td>mit G\u00fcrtelschlaufen<\/td>\n<\/tr>\n<\/tbody>\n<\/table>\n<\/div>\n<\/div>\n<\/div>","protected":false},"featured_media":81073,"comment_status":"open","ping_status":"closed","template":"","meta":{"_seopress_robots_primary_cat":"","_seopress_titles_title":"","_seopress_titles_desc":"","_seopress_robots_index":""},"product_brand":[],"product_cat":[1348,1379,1620],"product_tag":[],"class_list":{"0":"post-80968","1":"product","2":"type-product","3":"status-publish","4":"has-post-thumbnail","6":"product_cat-damen-mode","7":"product_cat-kleider","8":"product_cat-jerseykleider","9":"product_shipping_class-standard-versand","11":"first","12":"instock","13":"sale","14":"taxable","15":"shipping-taxable","16":"purchasable","17":"product-type-simple"},"_links":{"self":[{"href":"https:\/\/www.soanam.de\/it\/wp-json\/wp\/v2\/product\/80968","targetHints":{"allow":["GET"]}}],"collection":[{"href":"https:\/\/www.soanam.de\/it\/wp-json\/wp\/v2\/product"}],"about":[{"href":"https:\/\/www.soanam.de\/it\/wp-json\/wp\/v2\/types\/product"}],"replies":[{"embeddable":true,"href":"https:\/\/www.soanam.de\/it\/wp-json\/wp\/v2\/comments?post=80968"}],"wp:featuredmedia":[{"embeddable":true,"href":"https:\/\/www.soanam.de\/it\/wp-json\/wp\/v2\/media\/81073"}],"wp:attachment":[{"href":"https:\/\/www.soanam.de\/it\/wp-json\/wp\/v2\/media?parent=80968"}],"wp:term":[{"taxonomy":"product_brand","embeddable":true,"href":"https:\/\/www.soanam.de\/it\/wp-json\/wp\/v2\/product_brand?post=80968"},{"taxonomy":"product_cat","embeddable":true,"href":"https:\/\/www.soanam.de\/it\/wp-json\/wp\/v2\/product_cat?post=80968"},{"taxonomy":"product_tag","embeddable":true,"href":"https:\/\/www.soanam.de\/it\/wp-json\/wp\/v2\/product_tag?post=80968"}],"curies":[{"name":"wp","href":"https:\/\/api.w.org\/{rel}","templated":true}]}}