{"id":80946,"date":"2023-12-14T01:41:45","date_gmt":"2023-12-14T00:41:45","guid":{"rendered":"https:\/\/www.soanam.de\/?post_type=product&#038;p=80946"},"modified":"2023-12-14T01:43:59","modified_gmt":"2023-12-14T00:43:59","slug":"beachtime-sommerkleid-mit-rueckenausschnitt-in-schwarz-bunt-groesse-38","status":"publish","type":"product","link":"https:\/\/www.soanam.de\/it\/produkt\/beachtime-sommerkleid-mit-rueckenausschnitt-in-schwarz-bunt-groesse-38\/","title":{"rendered":"Abito estivo Beachtime con cut-out sulla schiena, in nero\/colore, taglia 38"},"content":{"rendered":"<p>Beachkleid aus Sweatware von Beachtime<br \/>\nWickeloptik vorne<br \/>\nCut-out-Detail im R\u00fccken<br \/>\nManiche corte<br \/>\nRockteil bedruckt<br \/>\nWeiche Viskoseware<\/p>\n<p>Das Sommerkleid in Wickeloptik f\u00e4llt mit den Mandala-Prints auf dem Rockteil besonders ins Auge.<br \/>\nGanz kurze \u00c4rmel und Raffungen am Oberteil zaubern dir eine sch\u00f6ne Silhouette und lenken den Blick gekonnt auf dein Dekollet\u00e9.<br \/>\nAber auch der R\u00fccken entz\u00fcckt. Ein verspieltes Cut-out-Detail sorgt hier f\u00fcr Aufmerksamkeit.<\/p>\n<p>Materiale: 95% viscosa, 5% elastane<br \/>\nIstruzioni per la cura: Lavare in lavatrice<\/p>\n<p>Colore: nero<br \/>\nMuster: Mandala Prints<br \/>\nDimensione: 36\/38<\/p>\n<p>Larghezza del petto: 84 cm<br \/>\n\u00c4rmell\u00e4nge: 9cm<br \/>\nLunghezza totale: 95 cm<\/p>\n<p>&nbsp;<\/p>\n<p>Questo nuovo articolo \u00e8 un reso del cliente senza etichetta.<\/p>","protected":false},"excerpt":{"rendered":"<div class=\"spec-holder\">\n<div class=\"row\">\n<div class=\"col-xs-5 spec-name\">\n<table class=\"dv_characteristicsTable\">\n<tbody>\n<tr>\n<td class=\"left\">Dimensione<\/td>\n<td>38<\/td>\n<\/tr>\n<tr>\n<td class=\"left\">Gr\u00f6\u00dfentyp<\/td>\n<td>Normalgr\u00f6\u00dfen<\/td>\n<\/tr>\n<tr>\n<td class=\"left\">Composizione del materiale<\/td>\n<td>Obermaterial: 95% Viskose, 5% Elasthan<\/td>\n<\/tr>\n<tr>\n<td class=\"left\">Materialart<\/td>\n<td>Jersey<\/td>\n<\/tr>\n<tr>\n<td class=\"left\">Materialeigenschaften<\/td>\n<td>Stretch<\/td>\n<\/tr>\n<tr>\n<td class=\"left\">Istruzioni per la cura<\/td>\n<td>Lavaggio in lavatrice<\/td>\n<\/tr>\n<tr>\n<td class=\"left\">Stil<\/td>\n<td>casual<\/td>\n<\/tr>\n<tr>\n<td class=\"left\">Ausschnitt<\/td>\n<td>Scollo a V<\/td>\n<\/tr>\n<tr>\n<td class=\"left\">Ausschnittdetails<\/td>\n<td>gerafft<\/td>\n<\/tr>\n<tr>\n<td class=\"left\">\u00c4rmel<\/td>\n<td>Manica corta<\/td>\n<\/tr>\n<tr>\n<td class=\"left\">Kleidersaum<\/td>\n<td>gerader Abschluss<\/td>\n<\/tr>\n<tr>\n<td class=\"left\">In forma<\/td>\n<td>figurumspielend<\/td>\n<\/tr>\n<tr>\n<td class=\"left\">Schnittdetails<\/td>\n<td>Raffung an der Unterbrustnaht<\/td>\n<\/tr>\n<tr>\n<td class=\"left\">Schnittform L\u00e4nge<\/td>\n<td>kniefrei<\/td>\n<\/tr>\n<tr>\n<td class=\"left\">Colore<\/td>\n<td>schwarz-bedruckt<\/td>\n<\/tr>\n<tr>\n<td class=\"left\">Besondere Merkmale<\/td>\n<td>mit R\u00fcckenausschnitt<\/td>\n<\/tr>\n<\/tbody>\n<\/table>\n<\/div>\n<\/div>\n<\/div>","protected":false},"featured_media":81053,"comment_status":"open","ping_status":"closed","template":"","meta":{"_seopress_robots_primary_cat":"","_seopress_titles_title":"","_seopress_titles_desc":"","_seopress_robots_index":""},"product_brand":[],"product_cat":[1348,1379,1620],"product_tag":[],"class_list":{"0":"post-80946","1":"product","2":"type-product","3":"status-publish","4":"has-post-thumbnail","6":"product_cat-damen-mode","7":"product_cat-kleider","8":"product_cat-jerseykleider","9":"product_shipping_class-standard-versand","11":"first","12":"instock","13":"sale","14":"taxable","15":"shipping-taxable","16":"purchasable","17":"product-type-simple"},"_links":{"self":[{"href":"https:\/\/www.soanam.de\/it\/wp-json\/wp\/v2\/product\/80946","targetHints":{"allow":["GET"]}}],"collection":[{"href":"https:\/\/www.soanam.de\/it\/wp-json\/wp\/v2\/product"}],"about":[{"href":"https:\/\/www.soanam.de\/it\/wp-json\/wp\/v2\/types\/product"}],"replies":[{"embeddable":true,"href":"https:\/\/www.soanam.de\/it\/wp-json\/wp\/v2\/comments?post=80946"}],"wp:featuredmedia":[{"embeddable":true,"href":"https:\/\/www.soanam.de\/it\/wp-json\/wp\/v2\/media\/81053"}],"wp:attachment":[{"href":"https:\/\/www.soanam.de\/it\/wp-json\/wp\/v2\/media?parent=80946"}],"wp:term":[{"taxonomy":"product_brand","embeddable":true,"href":"https:\/\/www.soanam.de\/it\/wp-json\/wp\/v2\/product_brand?post=80946"},{"taxonomy":"product_cat","embeddable":true,"href":"https:\/\/www.soanam.de\/it\/wp-json\/wp\/v2\/product_cat?post=80946"},{"taxonomy":"product_tag","embeddable":true,"href":"https:\/\/www.soanam.de\/it\/wp-json\/wp\/v2\/product_tag?post=80946"}],"curies":[{"name":"wp","href":"https:\/\/api.w.org\/{rel}","templated":true}]}}