{"id":80927,"date":"2023-12-14T01:41:21","date_gmt":"2023-12-14T00:41:21","guid":{"rendered":"https:\/\/www.soanam.de\/?post_type=product&#038;p=80927"},"modified":"2023-12-14T01:43:38","modified_gmt":"2023-12-14T00:43:38","slug":"abito-blusa-esprit-in-blu-navy-taglia-40","status":"publish","type":"product","link":"https:\/\/www.soanam.de\/it\/produkt\/esprit-blusenkleid-in-marineblau-groesse-40\/","title":{"rendered":"Abito camicetta Esprit, blu navy, taglia 40"},"content":{"rendered":"<p>Blusenkleid von Esprit<br \/>\nManiche lunghe<br \/>\ndrapierter Hals<br \/>\nMit angesetztem Volant<br \/>\nAus leichter Viskose<\/p>\n<p>Kurzes Kleid mir langem Arm von Esprit.<br \/>\nDas Kleid weist einen Rundhalsausschnitt auf, ist auf der Vorderseite drapiert und hat einen angesetzten Volant.<br \/>\nIm R\u00fccken wird es per Knopf geschlossen, ebenso gibt es Kn\u00f6pfe an den \u00c4rmelabschl\u00fcssen.<br \/>\nDie superleichte Viskosequalit\u00e4t macht es auch an k\u00fchlen Sommertagen angenehm zu tragen.<\/p>\n<p>Materiale: viscosa 100%<br \/>\nIstruzioni per la cura: Lavare in lavatrice<\/p>\n<p>Colore: blu navy<br \/>\nModello: senza<br \/>\nDimensione: 40<\/p>\n<p>Larghezza del torace: 108 cm<br \/>\nLunghezza delle maniche: 60 cm<br \/>\nLunghezza totale: 92 cm<\/p>","protected":false},"excerpt":{"rendered":"<div class=\"spec-holder\">\n<div class=\"row\">\n<div class=\"col-xs-5 spec-name\">EAN-Code<\/div>\n<div class=\"col-xs-7 spec-value\">4063702258496<\/div>\n<\/div>\n<\/div>\n<div class=\"spec-holder\">\n<div class=\"row\">\n<div class=\"col-xs-5 spec-name\">Waschen<\/div>\n<div class=\"col-xs-7 spec-value\">Bei 30\u00b0C Schonwaschgang waschen<\/div>\n<\/div>\n<\/div>\n<div class=\"spec-holder\">\n<div class=\"row\">\n<div class=\"col-xs-5 spec-name\">Zum Trocknen<\/div>\n<div class=\"col-xs-7 spec-value\">Nicht maschinell trocknen<\/div>\n<\/div>\n<\/div>\n<div class=\"spec-holder\">\n<div class=\"row\">\n<div class=\"col-xs-5 spec-name\">Zu gl\u00e4tten<\/div>\n<div class=\"col-xs-7 spec-value\">Durchschnittstemperatur (150\u00b0C)<\/div>\n<\/div>\n<\/div>\n<div class=\"spec-holder\">\n<div class=\"row\">\n<div class=\"col-xs-5 spec-name\">Komposition<\/div>\n<div class=\"col-xs-7 spec-value\">100 % Viskose<\/div>\n<\/div>\n<\/div>\n<div class=\"spec-holder\">\n<div class=\"row\">\n<div class=\"col-xs-5 spec-name\">Colore<\/div>\n<div class=\"col-xs-7 spec-value\">Blu marino<\/div>\n<\/div>\n<\/div>","protected":false},"featured_media":81032,"comment_status":"open","ping_status":"closed","template":"","meta":{"_seopress_robots_primary_cat":"","_seopress_titles_title":"","_seopress_titles_desc":"","_seopress_robots_index":""},"product_brand":[],"product_cat":[1348,1379,1541],"product_tag":[],"class_list":{"0":"post-80927","1":"product","2":"type-product","3":"status-publish","4":"has-post-thumbnail","6":"product_cat-damen-mode","7":"product_cat-kleider","8":"product_cat-freizeitkleider","9":"product_shipping_class-standard-versand","11":"first","12":"instock","13":"sale","14":"taxable","15":"shipping-taxable","16":"purchasable","17":"product-type-simple"},"_links":{"self":[{"href":"https:\/\/www.soanam.de\/it\/wp-json\/wp\/v2\/product\/80927","targetHints":{"allow":["GET"]}}],"collection":[{"href":"https:\/\/www.soanam.de\/it\/wp-json\/wp\/v2\/product"}],"about":[{"href":"https:\/\/www.soanam.de\/it\/wp-json\/wp\/v2\/types\/product"}],"replies":[{"embeddable":true,"href":"https:\/\/www.soanam.de\/it\/wp-json\/wp\/v2\/comments?post=80927"}],"wp:featuredmedia":[{"embeddable":true,"href":"https:\/\/www.soanam.de\/it\/wp-json\/wp\/v2\/media\/81032"}],"wp:attachment":[{"href":"https:\/\/www.soanam.de\/it\/wp-json\/wp\/v2\/media?parent=80927"}],"wp:term":[{"taxonomy":"product_brand","embeddable":true,"href":"https:\/\/www.soanam.de\/it\/wp-json\/wp\/v2\/product_brand?post=80927"},{"taxonomy":"product_cat","embeddable":true,"href":"https:\/\/www.soanam.de\/it\/wp-json\/wp\/v2\/product_cat?post=80927"},{"taxonomy":"product_tag","embeddable":true,"href":"https:\/\/www.soanam.de\/it\/wp-json\/wp\/v2\/product_tag?post=80927"}],"curies":[{"name":"wp","href":"https:\/\/api.w.org\/{rel}","templated":true}]}}