{"id":80868,"date":"2023-12-14T01:40:05","date_gmt":"2023-12-14T00:40:05","guid":{"rendered":"https:\/\/www.soanam.de\/?post_type=product&#038;p=80868"},"modified":"2023-12-14T01:42:07","modified_gmt":"2023-12-14T00:42:07","slug":"only-sons-felpa-con-cappuccio-ceres-life-zip-thr-felpa-con-cappuccio-nero-taglia-l","status":"publish","type":"product","link":"https:\/\/www.soanam.de\/it\/produkt\/only-sons-kapuzensweatjacke-ceres-life-zip-thr-hoodie-sweat-in-schwarz-groesse-l\/","title":{"rendered":"SOLO &amp; FIGLI giacca felpata con cappuccio CERES LIFE ZIP THR. Felpa con cappuccio, in nero, taglia L"},"content":{"rendered":"<p>Giacca in felpa basic con cappuccio di ONLY &amp; SONS<br \/>\nPiacevole comfort d'uso<br \/>\nVestibilit\u00e0 regolare\/ forma normale<br \/>\nCon coulisse gommata sul cappuccio<\/p>\n<p>La CERES LIFE ZIP THR. HOODIE SWEAT di ONLY &amp; SONS \u00e8 la giacca di transizione perfetta.<br \/>\nLe maniche terminano con un polsino, cos\u00ec come l'orlo, e si pu\u00f2 regolare l'ampiezza del cappuccio morbidamente foderato con una coulisse.<br \/>\nIl misto cotone \u00e8 morbido sulla pelle e super confortevole: cosa si pu\u00f2 desiderare di pi\u00f9 da un capo basic?<\/p>\n<p>Materiale: 65% cotone, 35% poliestere<br \/>\nIstruzioni per la cura: Lavare in lavatrice<\/p>\n<p>Colore: nero<br \/>\nModello: senza<br \/>\nTaglia: L<\/p>\n<p>Larghezza della spalla: 50 cm<br \/>\nLarghezza del torace: 112 cm<br \/>\nLunghezza delle maniche: 65 cm<br \/>\nLunghezza totale: 71 cm<\/p>","protected":false},"excerpt":{"rendered":"<table class=\"dv_characteristicsTable\">\n<tbody>\n<tr>\n<td class=\"left\">Dimensione<\/td>\n<td>L (52)<\/td>\n<\/tr>\n<tr>\n<td class=\"left\">Gr\u00f6\u00dfentyp<\/td>\n<td>Normalgr\u00f6\u00dfen<\/td>\n<\/tr>\n<tr>\n<td class=\"left\">Composizione del materiale<\/td>\n<td>Obermaterial: 65% Baumwolle, 35% Polyester<\/td>\n<\/tr>\n<tr>\n<td class=\"left\">Istruzioni per la cura<\/td>\n<td>Lavaggio in lavatrice<\/td>\n<\/tr>\n<tr>\n<td class=\"left\">Stil<\/td>\n<td>modisch<\/td>\n<\/tr>\n<tr>\n<td class=\"left\">Colore<\/td>\n<td>schwarz<\/td>\n<\/tr>\n<tr>\n<td class=\"left\">\u00c4rmelabschluss<\/td>\n<td>B\u00fcndchen<\/td>\n<\/tr>\n<tr>\n<td class=\"left\">Rumpfabschluss<\/td>\n<td>B\u00fcndchen<\/td>\n<\/tr>\n<tr>\n<td class=\"left\">In forma<\/td>\n<td>normal<\/td>\n<\/tr>\n<tr>\n<td class=\"left\">Cappuccio<\/td>\n<td>mit Kapuze<\/td>\n<\/tr>\n<tr>\n<td class=\"left\">Kapuzendetails<\/td>\n<td>mit Kordelzug<\/td>\n<\/tr>\n<tr>\n<td class=\"left\">Kapuzenf\u00fctterung<\/td>\n<td>farblich passend<\/td>\n<\/tr>\n<\/tbody>\n<\/table>","protected":false},"featured_media":80961,"comment_status":"open","ping_status":"closed","template":"","meta":{"_seopress_robots_primary_cat":"","_seopress_titles_title":"","_seopress_titles_desc":"","_seopress_robots_index":""},"product_brand":[],"product_cat":[1345,1365,1371],"product_tag":[],"class_list":{"0":"post-80868","1":"product","2":"type-product","3":"status-publish","4":"has-post-thumbnail","6":"product_cat-herrenmode","7":"product_cat-sportbekleidung","8":"product_cat-jacken","9":"product_shipping_class-standard-versand","11":"first","12":"instock","13":"sale","14":"taxable","15":"shipping-taxable","16":"purchasable","17":"product-type-simple"},"_links":{"self":[{"href":"https:\/\/www.soanam.de\/it\/wp-json\/wp\/v2\/product\/80868","targetHints":{"allow":["GET"]}}],"collection":[{"href":"https:\/\/www.soanam.de\/it\/wp-json\/wp\/v2\/product"}],"about":[{"href":"https:\/\/www.soanam.de\/it\/wp-json\/wp\/v2\/types\/product"}],"replies":[{"embeddable":true,"href":"https:\/\/www.soanam.de\/it\/wp-json\/wp\/v2\/comments?post=80868"}],"wp:featuredmedia":[{"embeddable":true,"href":"https:\/\/www.soanam.de\/it\/wp-json\/wp\/v2\/media\/80961"}],"wp:attachment":[{"href":"https:\/\/www.soanam.de\/it\/wp-json\/wp\/v2\/media?parent=80868"}],"wp:term":[{"taxonomy":"product_brand","embeddable":true,"href":"https:\/\/www.soanam.de\/it\/wp-json\/wp\/v2\/product_brand?post=80868"},{"taxonomy":"product_cat","embeddable":true,"href":"https:\/\/www.soanam.de\/it\/wp-json\/wp\/v2\/product_cat?post=80868"},{"taxonomy":"product_tag","embeddable":true,"href":"https:\/\/www.soanam.de\/it\/wp-json\/wp\/v2\/product_tag?post=80868"}],"curies":[{"name":"wp","href":"https:\/\/api.w.org\/{rel}","templated":true}]}}