{"id":80798,"date":"2023-12-14T01:38:26","date_gmt":"2023-12-14T00:38:26","guid":{"rendered":"https:\/\/www.soanam.de\/?post_type=product&#038;p=80798"},"modified":"2023-12-14T01:40:40","modified_gmt":"2023-12-14T00:40:40","slug":"revell-63601-kit-fantascienza-x-wing-fighter-1112","status":"publish","type":"product","link":"https:\/\/www.soanam.de\/it\/produkt\/revell-63601-science-fiction-bausatz-x-wing-fighter-1112\/","title":{"rendered":"Revell 63601 Kit fantascienza X-wing Fighter 1:112"},"content":{"rendered":"<h3>Descrizione del prodotto<\/h3>\n<p>Revell 63601 Kit fantascienza X-wing Fighter 1:112<br \/>\nincl. Aqua Color<\/p>\n<p><strong>Altersempfehlung:<\/strong> ab 10 Jahren.<br \/>\n\"F\u00fcr Star Wars - Fans\"<br \/>\nBausatz 1:112<\/p>\n<p>Der X-wing ist ein wendiger J\u00e4ger der Rebellenallianz und vereint Geschwindigkeit mit Feuerkraft. Cockpitnachbildung, Pilotenfigur, nachgebildeter Nasvigationsdroide und fein gravierte Oberfl\u00e4che.<br \/>\n+++Details+++ + 21 Einzelteile + L\u00e4nge: ca 11 cm + Spannweite: ca 9,9 cm + Ma\u00dfstab 1:112 + Skill-Level: 3 + Tipps f\u00fcr einen erfolgreichen Start in den Plastikmodellbau erhalten Sie in dem Dokument unter der Abbildung.<\/p>\n<p><strong>dettagli<\/strong><br \/>\nWarnhinweise: Es liegen keine Warnhinweise vor.<br \/>\nAltersempfehlung ab 10 Jahren<\/p>","protected":false},"excerpt":{"rendered":"<h3>Caratteristiche dell'articolo<\/h3>\n<p>Artikelzustand: Neu - Neuer, unbenutzter und unbesch\u00e4digter Artikel in der unge\u00f6ffneten Verpackung<\/p>\n<table dir=\"ltr\" border=\"1\" cellspacing=\"0\" cellpadding=\"0\">\n<colgroup>\n<col width=\"194\" \/>\n<col width=\"223\" \/><\/colgroup>\n<tbody>\n<tr>\n<td data-sheets-value=\"{&quot;1&quot;:2,&quot;2&quot;:&quot;Altersempfehlung:&quot;}\">Altersempfehlung:<\/td>\n<td data-sheets-value=\"{&quot;1&quot;:2,&quot;2&quot;:&quot;10 Jahre&quot;}\">10 Jahre<\/td>\n<\/tr>\n<tr>\n<td data-sheets-value=\"{&quot;1&quot;:2,&quot;2&quot;:&quot;Beschreibung des Paketinhalts:&quot;}\">Beschreibung des Paketinhalts:<\/td>\n<td data-sheets-value=\"{&quot;1&quot;:2,&quot;2&quot;:&quot;Modellbau Set 21 teilig&quot;}\">Modellbau Set 21 teilig<\/td>\n<\/tr>\n<tr>\n<td data-sheets-value=\"{&quot;1&quot;:2,&quot;2&quot;:&quot;EAN:&quot;}\">EAN:<\/td>\n<td data-sheets-value=\"{&quot;1&quot;:3,&quot;3&quot;:4009803636016}\">4009803636016<\/td>\n<\/tr>\n<tr>\n<td data-sheets-value=\"{&quot;1&quot;:2,&quot;2&quot;:&quot;Farbe:&quot;}\">Colore:<\/td>\n<td data-sheets-value=\"{&quot;1&quot;:2,&quot;2&quot;:&quot;Mehrfarbig&quot;}\">Mehrfarbig<\/td>\n<\/tr>\n<tr>\n<td data-sheets-value=\"{&quot;1&quot;:2,&quot;2&quot;:&quot;Herstellernummer:&quot;}\">Herstellernummer:<\/td>\n<td data-sheets-value=\"{&quot;1&quot;:3,&quot;3&quot;:63601}\">63601<\/td>\n<\/tr>\n<tr>\n<td data-sheets-value=\"{&quot;1&quot;:2,&quot;2&quot;:&quot;Herstellungsland und -region:&quot;}\">Herstellungsland und -region:<\/td>\n<td data-sheets-value=\"{&quot;1&quot;:2,&quot;2&quot;:&quot;Polen&quot;}\">Polen<\/td>\n<\/tr>\n<tr>\n<td data-sheets-value=\"{&quot;1&quot;:2,&quot;2&quot;:&quot;Marke:&quot;}\">Marke:<\/td>\n<td data-sheets-value=\"{&quot;1&quot;:2,&quot;2&quot;:&quot;Revell&quot;}\">Revell<\/td>\n<\/tr>\n<tr>\n<td data-sheets-value=\"{&quot;1&quot;:2,&quot;2&quot;:&quot;Ma\u00dfstab:&quot;}\">Ma\u00dfstab:<\/td>\n<td data-sheets-value=\"{&quot;1&quot;:3,&quot;3&quot;:0.11944444444444445}\" data-sheets-numberformat=\"{&quot;1&quot;:6,&quot;2&quot;:&quot;hh:mm&quot;,&quot;3&quot;:1}\">02:52<\/td>\n<\/tr>\n<tr>\n<td data-sheets-value=\"{&quot;1&quot;:2,&quot;2&quot;:&quot;Material:&quot;}\">Materiale:<\/td>\n<td data-sheets-value=\"{&quot;1&quot;:2,&quot;2&quot;:&quot;Kunststoff&quot;}\">Plastica<\/td>\n<\/tr>\n<tr>\n<td data-sheets-value=\"{&quot;1&quot;:2,&quot;2&quot;:&quot;Modifizierter Artikel:&quot;}\">Modifizierter Artikel:<\/td>\n<td data-sheets-value=\"{&quot;1&quot;:2,&quot;2&quot;:&quot;Nein&quot;}\">Nein<\/td>\n<\/tr>\n<tr>\n<td data-sheets-value=\"{&quot;1&quot;:2,&quot;2&quot;:&quot;Typ:&quot;}\">Typ:<\/td>\n<td data-sheets-value=\"{&quot;1&quot;:2,&quot;2&quot;:&quot;Flugzeug&quot;}\">Flugzeug<\/td>\n<\/tr>\n<\/tbody>\n<\/table>","protected":false},"featured_media":80891,"comment_status":"open","ping_status":"closed","template":"","meta":{"_seopress_robots_primary_cat":"","_seopress_titles_title":"","_seopress_titles_desc":"","_seopress_robots_index":""},"product_brand":[],"product_cat":[1435],"product_tag":[],"class_list":{"0":"post-80798","1":"product","2":"type-product","3":"status-publish","4":"has-post-thumbnail","6":"product_cat-spielzeug","7":"product_shipping_class-standard-versand","9":"first","10":"instock","11":"sale","12":"taxable","13":"shipping-taxable","14":"purchasable","15":"product-type-simple"},"_links":{"self":[{"href":"https:\/\/www.soanam.de\/it\/wp-json\/wp\/v2\/product\/80798","targetHints":{"allow":["GET"]}}],"collection":[{"href":"https:\/\/www.soanam.de\/it\/wp-json\/wp\/v2\/product"}],"about":[{"href":"https:\/\/www.soanam.de\/it\/wp-json\/wp\/v2\/types\/product"}],"replies":[{"embeddable":true,"href":"https:\/\/www.soanam.de\/it\/wp-json\/wp\/v2\/comments?post=80798"}],"wp:featuredmedia":[{"embeddable":true,"href":"https:\/\/www.soanam.de\/it\/wp-json\/wp\/v2\/media\/80891"}],"wp:attachment":[{"href":"https:\/\/www.soanam.de\/it\/wp-json\/wp\/v2\/media?parent=80798"}],"wp:term":[{"taxonomy":"product_brand","embeddable":true,"href":"https:\/\/www.soanam.de\/it\/wp-json\/wp\/v2\/product_brand?post=80798"},{"taxonomy":"product_cat","embeddable":true,"href":"https:\/\/www.soanam.de\/it\/wp-json\/wp\/v2\/product_cat?post=80798"},{"taxonomy":"product_tag","embeddable":true,"href":"https:\/\/www.soanam.de\/it\/wp-json\/wp\/v2\/product_tag?post=80798"}],"curies":[{"name":"wp","href":"https:\/\/api.w.org\/{rel}","templated":true}]}}