{"id":80736,"date":"2023-12-14T01:37:07","date_gmt":"2023-12-14T00:37:07","guid":{"rendered":"https:\/\/www.soanam.de\/?post_type=product&#038;p=80736"},"modified":"2023-12-14T01:39:37","modified_gmt":"2023-12-14T00:39:37","slug":"greensun-illuminazione-a-led-6-x-portalampada-edison-attacco-e27","status":"publish","type":"product","link":"https:\/\/www.soanam.de\/it\/produkt\/greensun-led-lighting-6-x-edison-lampenfassung-e27-fassung\/","title":{"rendered":"GreenSun Illuminazione LED 6 X lampada Edison attacco E27"},"content":{"rendered":"<p>Base per lampada d'epoca base per presa a soffitto per luce a sospensione adattatore base per illuminazione bronzo<\/p>\n<h3>Descrizione del<\/h3>\n<p>Informazioni su questo articolo<br \/>\n(Alta qualit\u00e0) GreenSun portalampada E27 Realizzato con materiali in lega di alluminio di alta qualit\u00e0, dimensioni: 92 x 10 mm. Tensione: 110-240V. La capacit\u00e0 di carico della presa e27 \u00e8 fino a 600W.<br \/>\n(Uso sicuro) La filettatura interna del portalampada e27 \u00e8 in ceramica, quindi ben isolata. La base della lampada \u00e8 inoltre resistente ai sismi e agli urti. Secondo la certificazione CE\/ROHS. Di alta qualit\u00e0 e molto sicura.<br \/>\n(Facile da installare) Appositamente progettata per lo standard E27, la lampadina vintage GreenSun E27 \u00e8 perfetta da scegliere. Nota: la lampadina e gli altri accessori non sono inclusi.<br \/>\n(Lo strumento indispensabile per l'illuminazione fai-da-te per decorare con un'atmosfera nostalgica. La sospensione GreenSun E27 Edison retro si adatta bene a tutte le lampadine edison e27 o alle lampadine decorative LED con filettatura E27.<br \/>\n(Applicazione) Ideale per bar, vetrine, sala da pranzo, caffetteria, studio, sala di ricevimento, salone, negozi, ristorante, soggiorno, camera da letto, ecc.<\/p>","protected":false},"excerpt":{"rendered":"<h4>Caratteristiche dell'articolo<\/h4>\n<p>Condizione dell'articolo: Nuovo con etichetta: articolo nuovo, non usato e non indossato nella sua confezione originale.<\/p>\n<table style=\"height: 374px;\" border=\"0\" width=\"379\" frame=\"VOID\" rules=\"NONE\" cellspacing=\"0\">\n<colgroup>\n<col width=\"144\" \/>\n<col width=\"183\" \/><\/colgroup>\n<tbody>\n<tr>\n<td align=\"LEFT\" width=\"144\" height=\"17\">Marchio<\/td>\n<td align=\"LEFT\" width=\"183\">\u200eGreenSun LED Lighting<\/td>\n<\/tr>\n<tr>\n<td align=\"LEFT\" height=\"17\">Produktabmessungen<\/td>\n<td align=\"LEFT\">\u200e24 x 10 x 5 cm; 800 Gramm<\/td>\n<\/tr>\n<tr>\n<td align=\"LEFT\" height=\"17\">Modellnummer<\/td>\n<td align=\"LEFT\">\u200eLampenfassung<\/td>\n<\/tr>\n<tr>\n<td align=\"LEFT\" height=\"17\">Hersteller<\/td>\n<td align=\"LEFT\">\u200eGreenSun LED Lighting<\/td>\n<\/tr>\n<tr>\n<td align=\"LEFT\" height=\"17\">Stilrichtung<\/td>\n<td align=\"LEFT\">\u200eVintage<\/td>\n<\/tr>\n<tr>\n<td align=\"LEFT\" height=\"17\">Colore<\/td>\n<td align=\"LEFT\">\u200eLampenfassung Bronze<\/td>\n<\/tr>\n<tr>\n<td align=\"LEFT\" height=\"17\">Materiale<\/td>\n<td align=\"LEFT\">\u200eKeramik, Aluminium<\/td>\n<\/tr>\n<tr>\n<td align=\"LEFT\" height=\"17\">Spannung<\/td>\n<td align=\"LEFT\">\u200e220 Volt<\/td>\n<\/tr>\n<tr>\n<td align=\"LEFT\" height=\"17\">Batterien inbegriffen<\/td>\n<td align=\"LEFT\">\u200eNein<\/td>\n<\/tr>\n<tr>\n<td align=\"LEFT\" height=\"17\">Batterien notwendig<\/td>\n<td align=\"LEFT\">\u200eNein<\/td>\n<\/tr>\n<tr>\n<td align=\"LEFT\" height=\"17\">Lampentyp<\/td>\n<td align=\"LEFT\">\u200eGl\u00fchfaden, LED<\/td>\n<\/tr>\n<tr>\n<td align=\"LEFT\" height=\"17\">Stromverbrauch<\/td>\n<td align=\"LEFT\">\u200e600 Watt<\/td>\n<\/tr>\n<tr>\n<td align=\"LEFT\" height=\"17\">Artikelgewicht<\/td>\n<td align=\"LEFT\">\u200e800 g<\/td>\n<\/tr>\n<\/tbody>\n<\/table>\n<p>&nbsp;<\/p>","protected":false},"featured_media":80842,"comment_status":"open","ping_status":"closed","template":"","meta":{"_seopress_robots_primary_cat":"","_seopress_titles_title":"","_seopress_titles_desc":"","_seopress_robots_index":""},"product_brand":[],"product_cat":[1400,1401],"product_tag":[],"class_list":{"0":"post-80736","1":"product","2":"type-product","3":"status-publish","4":"has-post-thumbnail","6":"product_cat-wohnzubehoer","7":"product_cat-haushaltswaren","8":"product_shipping_class-standard-versand","10":"first","11":"instock","12":"sale","13":"taxable","14":"shipping-taxable","15":"purchasable","16":"product-type-simple"},"_links":{"self":[{"href":"https:\/\/www.soanam.de\/it\/wp-json\/wp\/v2\/product\/80736","targetHints":{"allow":["GET"]}}],"collection":[{"href":"https:\/\/www.soanam.de\/it\/wp-json\/wp\/v2\/product"}],"about":[{"href":"https:\/\/www.soanam.de\/it\/wp-json\/wp\/v2\/types\/product"}],"replies":[{"embeddable":true,"href":"https:\/\/www.soanam.de\/it\/wp-json\/wp\/v2\/comments?post=80736"}],"wp:featuredmedia":[{"embeddable":true,"href":"https:\/\/www.soanam.de\/it\/wp-json\/wp\/v2\/media\/80842"}],"wp:attachment":[{"href":"https:\/\/www.soanam.de\/it\/wp-json\/wp\/v2\/media?parent=80736"}],"wp:term":[{"taxonomy":"product_brand","embeddable":true,"href":"https:\/\/www.soanam.de\/it\/wp-json\/wp\/v2\/product_brand?post=80736"},{"taxonomy":"product_cat","embeddable":true,"href":"https:\/\/www.soanam.de\/it\/wp-json\/wp\/v2\/product_cat?post=80736"},{"taxonomy":"product_tag","embeddable":true,"href":"https:\/\/www.soanam.de\/it\/wp-json\/wp\/v2\/product_tag?post=80736"}],"curies":[{"name":"wp","href":"https:\/\/api.w.org\/{rel}","templated":true}]}}