{"id":80695,"date":"2023-12-14T01:36:17","date_gmt":"2023-12-14T00:36:17","guid":{"rendered":"https:\/\/www.soanam.de\/?post_type=product&#038;p=80695"},"modified":"2023-12-14T01:38:39","modified_gmt":"2023-12-14T00:38:39","slug":"io-instruments-pasiphae-pasiphae-modulatore-ad-anello-sperimentale","status":"publish","type":"product","link":"https:\/\/www.soanam.de\/it\/produkt\/io-instruments-pasiphae-pasiphae-experimental-ring-modulator\/","title":{"rendered":"IO-Instruments - Pasiphae \/ PASIPHAE MODULATORE ANELLO Sperimentale"},"content":{"rendered":"<div><span style=\"color: #000000; font-family: Arial;\"><b>Descrizione del<\/b><\/span><\/div>\n<div><span style=\"font-family: Arial;\">\u00a0<\/span><\/div>\n<div><span style=\"font-family: Arial;\">\"IO-Instruments - Pasiphae\"<\/span><\/div>\n<div>\n<ul>\n<li><span style=\"font-family: Arial;\">Pasiphae di IO Instruments \u00e8 un innovativo modulatore ad anello a quattro quadranti.\u00a0<\/span><\/li>\n<li><span style=\"font-family: Arial;\">Grazie alla sua struttura a bassa distorsione e a basso rumore, il modulo offre un suono pulito con un'ampia gamma di headroom.\u00a0<\/span><\/li>\n<li><span style=\"font-family: Arial;\">Offre ingressi accoppiati CA e CC per X e Y con attenuatori dedicati.\u00a0<\/span><\/li>\n<li><span style=\"font-family: Arial;\">I suoni risultanti possono essere emessi all'uscita positiva o negativa.\u00a0<\/span><\/li>\n<li><span style=\"font-family: Arial;\">Gli ingressi CC possono essere disattivati tramite un interruttore o una tensione di controllo.\u00a0<\/span><\/li>\n<li><span style=\"font-family: Arial;\">Pasiphae permette di creare tremoli o toni metallici in modo molto controllabile.<\/span><\/li>\n<\/ul>\n<\/div>\n<div><span style=\"color: #000000; font-family: Arial;\"><b>Propriet\u00e0:<\/b><\/span><\/div>\n<div>\n<ul>\n<li><span style=\"font-family: Arial;\">Modulatore ad anello a quattro quadranti<\/span><\/li>\n<li><span style=\"font-family: Arial;\">Bassa distorsione, basso rumore, grande headroom<\/span><\/li>\n<li><span style=\"font-family: Arial;\">Bassa conduzione X e Y<\/span><\/li>\n<li><span style=\"font-family: Arial;\">La struttura consente di accedere a ogni ingresso<\/span><\/li>\n<li><span style=\"font-family: Arial;\">Ingressi CC e CA con attenuatori<\/span><\/li>\n<li><span style=\"font-family: Arial;\">Mute CV e interruttore per ingressi CC con display a LED<\/span><\/li>\n<li><span style=\"font-family: Arial;\">Uscite positive e negative<\/span><\/li>\n<li><span style=\"font-family: Arial;\">Ampia selezione di suoni (tremolo, metallico, forma d'onda)<\/span><\/li>\n<li><span style=\"font-family: Arial;\">HE: 3<\/span><\/li>\n<li><span style=\"font-family: Arial;\">TE: 12<\/span><\/li>\n<\/ul>\n<div><\/div>\n<\/div>","protected":false},"excerpt":{"rendered":"<div>Caratteristiche dell'articolo<\/div>\n<div><\/div>\n<div>Artikelzustand: Neuer, unbenutzter und nicht getragener Artikel in der Originalverpackung<\/div>\n<div><\/div>\n<div>* experimenteller Ring Modulator<\/div>\n<div>* X- und Y-Audioeing\u00e4nge, jeweils mit Abschw\u00e4cher<\/div>\n<div>* CV-Eing\u00e4nge (DC-gekoppelt) f\u00fcr X- und Y-Pegel mit Abschw\u00e4chern<\/div>\n<div>* DC-Offset-Regler f\u00fcr X- und Y-Kan\u00e4le<\/div>\n<div>* Mute-Schalter pro Kanal mit CV-Eingang<\/div>\n<div>* positiver und invertierter Signalausgang<\/div>\n<div>* Peak-LED<\/div>\n<div>* verzerrungsarmes Schaltungsdesign mit hohem Headroom<\/div>\n<div>* geringes \u00dcbersprechen zwischen X-\/Y-Kan\u00e4len<\/div>\n<div>* Strombedarf: 60mA (+12V) \/ 60mA (-12V)<\/div>\n<div>* Breite: 12 TE<\/div>\n<div>* Tiefe: 25 mm<\/div>\n<div><\/div>\n<div>Features:<br \/>\nHersteller: IO Instruments<br \/>\nTE \/ HP: 12<br \/>\nTiefe (mm): 25<br \/>\n+ 12 V (mA): 60<br \/>\n- 12 V (mA): 60<br \/>\nModulation: Ja<br \/>\nWeitere Effekte: Ja<\/div>","protected":false},"featured_media":80809,"comment_status":"open","ping_status":"closed","template":"","meta":{"_seopress_robots_primary_cat":"","_seopress_titles_title":"","_seopress_titles_desc":"","_seopress_robots_index":""},"product_brand":[],"product_cat":[1730],"product_tag":[],"class_list":{"0":"post-80695","1":"product","2":"type-product","3":"status-publish","4":"has-post-thumbnail","6":"product_cat-sonstiges-2","7":"product_shipping_class-standard-versand","9":"first","10":"instock","11":"sale","12":"taxable","13":"shipping-taxable","14":"purchasable","15":"product-type-simple"},"_links":{"self":[{"href":"https:\/\/www.soanam.de\/it\/wp-json\/wp\/v2\/product\/80695","targetHints":{"allow":["GET"]}}],"collection":[{"href":"https:\/\/www.soanam.de\/it\/wp-json\/wp\/v2\/product"}],"about":[{"href":"https:\/\/www.soanam.de\/it\/wp-json\/wp\/v2\/types\/product"}],"replies":[{"embeddable":true,"href":"https:\/\/www.soanam.de\/it\/wp-json\/wp\/v2\/comments?post=80695"}],"wp:featuredmedia":[{"embeddable":true,"href":"https:\/\/www.soanam.de\/it\/wp-json\/wp\/v2\/media\/80809"}],"wp:attachment":[{"href":"https:\/\/www.soanam.de\/it\/wp-json\/wp\/v2\/media?parent=80695"}],"wp:term":[{"taxonomy":"product_brand","embeddable":true,"href":"https:\/\/www.soanam.de\/it\/wp-json\/wp\/v2\/product_brand?post=80695"},{"taxonomy":"product_cat","embeddable":true,"href":"https:\/\/www.soanam.de\/it\/wp-json\/wp\/v2\/product_cat?post=80695"},{"taxonomy":"product_tag","embeddable":true,"href":"https:\/\/www.soanam.de\/it\/wp-json\/wp\/v2\/product_tag?post=80695"}],"curies":[{"name":"wp","href":"https:\/\/api.w.org\/{rel}","templated":true}]}}